{"id":71,"date":"2020-07-28T23:29:59","date_gmt":"2020-07-28T23:29:59","guid":{"rendered":"http:\/\/tyselimited.com\/?page_id=71"},"modified":"2020-08-25T12:52:41","modified_gmt":"2020-08-25T12:52:41","slug":"tyse-supermarket-bakery","status":"publish","type":"page","link":"https:\/\/tyselimited.com\/af\/tyse-supermarket-bakery\/","title":{"rendered":"Tyse Supermark &amp; Bakery"},"content":{"rendered":"<div id=\"hero\" data-vc-full-width=\"true\" data-vc-full-width-init=\"false\" data-row-brightness=\"light\" class=\"vc_row wpb_row vc_row-fluid rella-row-shadowbox-69d0394cbc93d vc_row-o-full-height vc_row-o-columns-middle vc_row-flex\" style=\"\"><div class=\"wpb_column vc_column_container vc_col-sm-6\" ><div class=\"vc_column-inner\"  style=\"\"><div class=\"wpb_wrapper\"><h2 style=\"color: #ffffff;text-align: left\" class=\"vc_custom_heading\"  >Tyse Supermarket & Bakery<\/h2>\n\t<div class=\"wpb_text_column wpb_content_element\" >\n\t\t<div class=\"wpb_wrapper\">\n\t\t\t<p><em>U eenstopwinkel vir alle kruideniersware<\/em><\/p>\n\n\t\t<\/div>\n\t<\/div>\n\n\t<div class=\"wpb_text_column wpb_content_element\" >\n\t\t<div class=\"wpb_wrapper\">\n\t\t\t<p>By Tyse weet ons dat ons kli\u00ebnte en gesinne oral op ons vertrou om uitstekende produkte te lewer. Daarom kombineer ons onge\u00ebwenaarde internasionale vervaardigings- en verspreidingsvermo\u00ebns met ons kundigheid, toewyding en innovasie om ons supermarkte en bakkerye op die hoogste standaard te hou.<\/p>\n\n\t\t<\/div>\n\t<\/div>\n<\/div><\/div><\/div><div class=\"wpb_column vc_column_container vc_col-sm-6\" ><div class=\"vc_column-inner\"  style=\"\"><div class=\"wpb_wrapper\">\r\n\t<div class=\"wpb_single_image wpb_content_element vc_align_center\" >\r\n\t\t\r\n\t\t<figure class=\"wpb_wrapper vc_figure\">\r\n\t\t\t<div class=\"vc_single_image-wrapper   vc_box_border_grey\"><img data-rjs=\"https:\/\/tyselimited.com\/wp-content\/TyseLimited\/Assets\/tysegrocery.png\" width=\"829\" height=\"466\" src=\"https:\/\/tyselimited.com\/wp-content\/TyseLimited\/Assets\/tysegrocery.png\" class=\"vc_single_image-img attachment-full\" alt=\"\" decoding=\"async\" loading=\"lazy\" title=\"tysegrocery\" srcset=\"https:\/\/tyselimited.com\/wp-content\/TyseLimited\/Assets\/tysegrocery.png 829w, https:\/\/tyselimited.com\/wp-content\/TyseLimited\/Assets\/tysegrocery-300x169.png 300w, https:\/\/tyselimited.com\/wp-content\/TyseLimited\/Assets\/tysegrocery-768x432.png 768w\" sizes=\"(max-width: 829px) 100vw, 829px\" \/><\/div>\r\n\t\t<\/figure>\r\n\t<\/div>\r\n<\/div><\/div><\/div><script type=\"text\/javascript\">(function($) {$(\"head\").append(\"<style>.rella-row-shadowbox-69d0394cbc93d{-webkit-box-shadow:;-moz-box-shadow:;box-shadow:;}<\/style>\");})(jQuery);<\/script><\/div><div class=\"vc_row-full-width vc_clearfix\"><\/div><div id=\"belowhero\" data-vc-full-width=\"true\" data-vc-full-width-init=\"false\" data-row-brightness=\"light\" class=\"vc_row wpb_row vc_row-fluid rella-row-shadowbox-69d0394cbdcb9\" style=\"\"><div class=\"wpb_column vc_column_container vc_col-sm-3\" ><div class=\"vc_column-inner\"  style=\"\"><div class=\"wpb_wrapper\"><\/div><\/div><\/div><div class=\"wpb_column vc_column_container vc_col-sm-6\" ><div class=\"vc_column-inner\"  style=\"\"><div class=\"wpb_wrapper\"><h4 style=\"text-align: center\" class=\"vc_custom_heading\"  >HOE ONS BEDIEN<\/h4>\n\t<div class=\"wpb_text_column wpb_content_element\" >\n\t\t<div class=\"wpb_wrapper\">\n\t\t\t<p>Ons bedryf kettings van supermarkte met ondersteunende bakkerye by ons verskillende afsetpunte, insluitend vulstasies en vulstasies. Ons afsetpunte dien as eenmalige winkels waar ons klante petroleumprodukte kan koop en ook hul kruideniersware, plaasprodukte vir volledige voedsel en ander huishoudelike goedere kan koop.<\/p>\n<p>Organiese kos van ons plaas word ook by ons afsetpunte verkoop. Ons brood en banketbakkers word voorberei in die mees higi\u00ebniese omgewing en met die hoogste standaarde vir die gesondheid van ons kli\u00ebnte. Ons vermy die gebruik van preserveermiddels, kleure of enige ander bymiddels om ons bakkeryprodukte te verbeter of te bewaar.<\/p>\n<p>Our customers can either visit the supermarket and make purchases, or simply place an order from the comfort of their home and have it delivered to them. All payments are made securely through Paystack, Nigeria&#8217;s leading payment processor.<\/p>\n\n\t\t<\/div>\n\t<\/div>\n<\/div><\/div><\/div><div class=\"wpb_column vc_column_container vc_col-sm-3\" ><div class=\"vc_column-inner\"  style=\"\"><div class=\"wpb_wrapper\"><\/div><\/div><\/div><script type=\"text\/javascript\">(function($) {$(\"head\").append(\"<style>.rella-row-shadowbox-69d0394cbdcb9{-webkit-box-shadow:;-moz-box-shadow:;box-shadow:;}<\/style>\");})(jQuery);<\/script><\/div><div class=\"vc_row-full-width vc_clearfix\"><\/div><div id=\"thefamily\" data-vc-full-width=\"true\" data-vc-full-width-init=\"false\" data-vc-stretch-content=\"true\" data-row-brightness=\"light\" class=\"vc_row wpb_row vc_row-fluid rella-row-shadowbox-69d0394cbe674 vc_row-no-padding vc_row-o-content-middle vc_row-flex\" style=\"\"><div class=\"wpb_column vc_column_container vc_col-sm-6\" ><div class=\"vc_column-inner\"  style=\"\"><div class=\"wpb_wrapper\"><h2 style=\"text-align: left\" class=\"vc_custom_heading\"  >Die gesin by Tyse Supermark<\/h2>\n\t<div class=\"wpb_text_column wpb_content_element\" >\n\t\t<div class=\"wpb_wrapper\">\n\t\t\t<p>Hoe lewer ons elke dag ons waardes op? Ons herinner ons aan ons toewyding aan ons kli\u00ebnte, ons produkte en ons mense, en dit gee almal by Tyse &#039;n trotse herinnering aan wie ons streef om te wees.<\/p>\n<p><strong>Ons mense -<\/strong> Ons hardwerkende span is toegewyd aan u. Ons gebruik ons ervaring en insig om ons kli\u00ebnte gelukkig te maak deur te verseker dat ons die beste ervaring van ons supermarkte \/ bakkerye kry.<\/p>\n<p><strong>Ons produkte en dienste -<\/strong> Tyse skep ho\u00eb kwaliteit, smaaklike suikergoed en ander gebak om aan die toenemende eise van ons kli\u00ebnte te voldoen. Ons doen nooit &#039;n kompromie met gehalte nie.<\/p>\n<p><strong>Ons kli\u00ebnte -<\/strong> Ons belowe om elke dag en elke interaksie ons toewyding aan ons kli\u00ebnte te toon. Deur uitstekende kli\u00ebntediens te lewer, wil ons verseker dat u altyd het wat u benodig. Tyse stel jou eerste.<\/p>\n\n\t\t<\/div>\n\t<\/div>\n<\/div><\/div><\/div><div class=\"wpb_column vc_column_container vc_col-sm-6\" ><div class=\"vc_column-inner\"  style=\"\"><div class=\"wpb_wrapper\"><style>.rella_vc_single_image-69d0394cbee82 figure img, .rella_vc_single_image-69d0394cbee82 figure svg{ max-width:1000px}<\/style>\r\n\t<div class=\"wpb_single_image wpb_content_element vc_align_center  rella_vc_single_image-69d0394cbee82  invisible\" >\r\n\t\t\r\n\t\t<figure class=\"wpb_wrapper vc_figure\">\r\n\t\t\t<div class=\"vc_single_image-wrapper   vc_box_border_grey\"><img data-rjs=\"\" class=\"vc_img-placeholder vc_single_image-img\"  src=\"https:\/\/tyselimited.com\/wp-content\/plugins\/js_composer\/assets\/vc\/no_image.png\" \/><\/div>\r\n\t\t<\/figure>\r\n\t<\/div>\r\n<\/div><\/div><\/div><script type=\"text\/javascript\">(function($) {$(\"head\").append(\"<style>.rella-row-shadowbox-69d0394cbe674{-webkit-box-shadow:;-moz-box-shadow:;box-shadow:;}<\/style>\");})(jQuery);<\/script><\/div><div class=\"vc_row-full-width vc_clearfix\"><\/div><div id=\"shopfooter\" data-vc-full-width=\"true\" data-vc-full-width-init=\"false\" data-row-brightness=\"light\" class=\"vc_row wpb_row vc_row-fluid rella-row-shadowbox-69d0394cbefdd\" style=\"\"><div class=\"wpb_column vc_column_container vc_col-sm-12\" ><div class=\"vc_column-inner\"  style=\"\"><div class=\"wpb_wrapper\"><h2 style=\"text-align: center\" class=\"vc_custom_heading\"  >Gereed om te shop?<\/h2>\n\t<div class=\"wpb_text_column wpb_content_element\" >\n\t\t<div class=\"wpb_wrapper\">\n\t\t\t<p style=\"text-align: center;\">Ons wag baie goedheid op u.<\/p>\n\n\t\t<\/div>\n\t<\/div>\n<div class=\"vc_btn3-container vc_btn3-center\" ><a class=\"vc_general vc_btn3 vc_btn3-size-md vc_btn3-shape-square vc_btn3-style-flat vc_btn3-color-grey\" href=\"http:\/\/tyselimited.com\/af\/shop\/\" title=\"\">Koop dit nou<\/a><\/div><\/div><\/div><\/div><script type=\"text\/javascript\">(function($) {$(\"head\").append(\"<style>.rella-row-shadowbox-69d0394cbefdd{-webkit-box-shadow:;-moz-box-shadow:;box-shadow:;}<\/style>\");})(jQuery);<\/script><\/div><div class=\"vc_row-full-width vc_clearfix\"><\/div>","protected":false},"excerpt":{"rendered":"Tyse Supermarket & Bakery Your one-stop shop for everything grocery At Tyse, we know that our customers and families everywhere count on us to deliver outstanding products. That\u2019s why we combine unmatched international manufacturing and distribution capabilities with our expertise, commitment and innovation to keep our supermarkets and bakery up to the highest standard. HOW [...]","protected":false},"author":1,"featured_media":0,"parent":0,"menu_order":0,"comment_status":"closed","ping_status":"closed","template":"","meta":[],"_links":{"self":[{"href":"https:\/\/tyselimited.com\/af\/wp-json\/wp\/v2\/pages\/71"}],"collection":[{"href":"https:\/\/tyselimited.com\/af\/wp-json\/wp\/v2\/pages"}],"about":[{"href":"https:\/\/tyselimited.com\/af\/wp-json\/wp\/v2\/types\/page"}],"author":[{"embeddable":true,"href":"https:\/\/tyselimited.com\/af\/wp-json\/wp\/v2\/users\/1"}],"replies":[{"embeddable":true,"href":"https:\/\/tyselimited.com\/af\/wp-json\/wp\/v2\/comments?post=71"}],"version-history":[{"count":7,"href":"https:\/\/tyselimited.com\/af\/wp-json\/wp\/v2\/pages\/71\/revisions"}],"predecessor-version":[{"id":425,"href":"https:\/\/tyselimited.com\/af\/wp-json\/wp\/v2\/pages\/71\/revisions\/425"}],"wp:attachment":[{"href":"https:\/\/tyselimited.com\/af\/wp-json\/wp\/v2\/media?parent=71"}],"curies":[{"name":"wp","href":"https:\/\/api.w.org\/{rel}","templated":true}]}}