{"id":241,"date":"2020-08-04T00:38:04","date_gmt":"2020-08-04T00:38:04","guid":{"rendered":"http:\/\/tyselimited.com\/?page_id=241"},"modified":"2020-08-16T13:52:58","modified_gmt":"2020-08-16T13:52:58","slug":"diversity-inclusion","status":"publish","type":"page","link":"https:\/\/tyselimited.com\/cl\/diversity-inclusion\/","title":{"rendered":"Diversidad e inclusi\u00f3n"},"content":{"rendered":"<div id=\"hero\" data-vc-full-width=\"true\" data-vc-full-width-init=\"false\" data-row-brightness=\"light\" class=\"vc_row wpb_row vc_row-fluid rella-row-shadowbox-69d039fef323b vc_row-o-full-height vc_row-o-columns-middle vc_row-flex\" style=\"\"><div class=\"wpb_column vc_column_container vc_col-sm-6\" ><div class=\"vc_column-inner\"  style=\"\"><div class=\"wpb_wrapper\"><h2 style=\"color: #ffffff;text-align: left\" class=\"vc_custom_heading\"  >Diversidad e inclusi\u00f3n<\/h2>\n\t<div class=\"wpb_text_column wpb_content_element\" >\n\t\t<div class=\"wpb_wrapper\">\n\t\t\t<p>Creemos en la creaci\u00f3n de una cultura inclusiva en la que pueda prosperar. El talento de hoy es m\u00e1s diverso que nunca. Un entorno de trabajo inclusivo es clave para innovar, desarrollar y retener ese talento.<\/p>\n\n\t\t<\/div>\n\t<\/div>\n<\/div><\/div><\/div><div class=\"wpb_column vc_column_container vc_col-sm-6\" ><div class=\"vc_column-inner\"  style=\"\"><div class=\"wpb_wrapper\">\r\n\t<div class=\"wpb_single_image wpb_content_element vc_align_center\" >\r\n\t\t\r\n\t\t<figure class=\"wpb_wrapper vc_figure\">\r\n\t\t\t<div class=\"vc_single_image-wrapper   vc_box_border_grey\"><img data-rjs=\"https:\/\/tyselimited.com\/wp-content\/TyseLimited\/Assets\/diversity-hero.png\" width=\"656\" height=\"667\" src=\"https:\/\/tyselimited.com\/wp-content\/TyseLimited\/Assets\/diversity-hero.png\" class=\"vc_single_image-img attachment-full\" alt=\"\" decoding=\"async\" loading=\"lazy\" title=\"diversity-hero\" srcset=\"https:\/\/tyselimited.com\/wp-content\/TyseLimited\/Assets\/diversity-hero.png 656w, https:\/\/tyselimited.com\/wp-content\/TyseLimited\/Assets\/diversity-hero-295x300.png 295w\" sizes=\"(max-width: 656px) 100vw, 656px\" \/><\/div>\r\n\t\t<\/figure>\r\n\t<\/div>\r\n<\/div><\/div><\/div><script type=\"text\/javascript\">(function($) {$(\"head\").append(\"<style>.rella-row-shadowbox-69d039fef323b{-webkit-box-shadow:;-moz-box-shadow:;box-shadow:;}<\/style>\");})(jQuery);<\/script><\/div><div class=\"vc_row-full-width vc_clearfix\"><\/div><div id=\"belowhero\" data-vc-full-width=\"true\" data-vc-full-width-init=\"false\" data-row-brightness=\"light\" class=\"vc_row wpb_row vc_row-fluid rella-row-shadowbox-69d039fef3f5e vc_row-o-content-middle vc_row-flex\" style=\"\"><div class=\"wpb_column vc_column_container vc_col-sm-2\" ><div class=\"vc_column-inner\"  style=\"\"><div class=\"wpb_wrapper\"><\/div><\/div><\/div><div class=\"wpb_column vc_column_container vc_col-sm-8\" ><div class=\"vc_column-inner\"  style=\"\"><div class=\"wpb_wrapper\">\n\t<div class=\"wpb_text_column wpb_content_element\" >\n\t\t<div class=\"wpb_wrapper\">\n\t\t\t<p>Todos los d\u00edas trabajamos para brindar un entorno en el que todos los empleados se sientan valorados e incluidos, capaces de nutrir su talento como individuos y como parte de un equipo colaborativo.<\/p>\n<p>La diversidad e inclusi\u00f3n en Tyse Group re\u00fane a personas extraordinarias y les permite ser ellos mismos: la variedad de talentos, mentalidades, perspectivas, cualidades, habilidades y atributos de nuestros empleados y socios comerciales, nos hace \u00fanicos y contribuye a la creatividad, la innovaci\u00f3n y \u00e9xito empresarial sostenible.<\/p>\n<p>En Tyse Group, podr\u00e1 aplicar y desarrollar sus habilidades y conocimientos como parte de un equipo colaborativo que est\u00e1 ayudando a construir un futuro mejor.<\/p>\n\n\t\t<\/div>\n\t<\/div>\n<\/div><\/div><\/div><div class=\"wpb_column vc_column_container vc_col-sm-2\" ><div class=\"vc_column-inner\"  style=\"\"><div class=\"wpb_wrapper\"><\/div><\/div><\/div><script type=\"text\/javascript\">(function($) {$(\"head\").append(\"<style>.rella-row-shadowbox-69d039fef3f5e{-webkit-box-shadow:;-moz-box-shadow:;box-shadow:;}<\/style>\");})(jQuery);<\/script><\/div><div class=\"vc_row-full-width vc_clearfix\"><\/div><div id=\"insidetyse\" data-vc-full-width=\"true\" data-vc-full-width-init=\"false\" data-row-brightness=\"light\" class=\"vc_row wpb_row vc_row-fluid rella-row-shadowbox-69d039ff00228\" style=\"\"><div class=\"wpb_column vc_column_container vc_col-sm-12\" ><div class=\"vc_column-inner\"  style=\"\"><div class=\"wpb_wrapper\"><h2 style=\"text-align: center\" class=\"vc_custom_heading\"  >DENTRO DEL GRUPO TYSE<\/h2><div id=\"ourdiverseoptions\" class=\"vc_row wpb_row vc_inner vc_row-fluid\" style=\"background-attachment:;\"><div class=\"wpb_column vc_column_container vc_col-sm-4\" ><div class=\"vc_column-inner\" style=\"\"><div class=\"wpb_wrapper\">\r\n\t<div class=\"wpb_single_image wpb_content_element vc_align_center\" >\r\n\t\t\r\n\t\t<figure class=\"wpb_wrapper vc_figure\">\r\n\t\t\t<div class=\"vc_single_image-wrapper   vc_box_border_grey\"><img data-rjs=\"https:\/\/tyselimited.com\/wp-content\/TyseLimited\/Assets\/multicultural.jpg\" width=\"1000\" height=\"700\" src=\"https:\/\/tyselimited.com\/wp-content\/TyseLimited\/Assets\/multicultural.jpg\" class=\"vc_single_image-img attachment-full\" alt=\"\" decoding=\"async\" loading=\"lazy\" title=\"multicultural\" srcset=\"https:\/\/tyselimited.com\/wp-content\/TyseLimited\/Assets\/multicultural.jpg 1000w, https:\/\/tyselimited.com\/wp-content\/TyseLimited\/Assets\/multicultural-300x210.jpg 300w, https:\/\/tyselimited.com\/wp-content\/TyseLimited\/Assets\/multicultural-768x538.jpg 768w\" sizes=\"(max-width: 1000px) 100vw, 1000px\" \/><\/div>\r\n\t\t<\/figure>\r\n\t<\/div>\r\n<h3 style=\"text-align: left\" class=\"vc_custom_heading\"  >Un espacio de trabajo multicultural<\/h3>\n\t<div class=\"wpb_text_column wpb_content_element\" >\n\t\t<div class=\"wpb_wrapper\">\n\t\t\t<p>Seguimos atrayendo e inspirando a personas talentosas de todo el pa\u00eds. Nuestros empleados provienen de todas partes del pa\u00eds y, por lo tanto, crean un espacio de trabajo multicultural.<\/p>\n<p>\u200e<\/p>\n<p>\u200e<\/p>\n\n\t\t<\/div>\n\t<\/div>\n<\/div><\/div><\/div><div class=\"wpb_column vc_column_container vc_col-sm-4\" ><div class=\"vc_column-inner\" style=\"\"><div class=\"wpb_wrapper\">\r\n\t<div class=\"wpb_single_image wpb_content_element vc_align_center\" >\r\n\t\t\r\n\t\t<figure class=\"wpb_wrapper vc_figure\">\r\n\t\t\t<div class=\"vc_single_image-wrapper   vc_box_border_grey\"><img data-rjs=\"https:\/\/tyselimited.com\/wp-content\/TyseLimited\/Assets\/womeninclusion.jpg\" width=\"1000\" height=\"700\" src=\"https:\/\/tyselimited.com\/wp-content\/TyseLimited\/Assets\/womeninclusion.jpg\" class=\"vc_single_image-img attachment-full\" alt=\"\" decoding=\"async\" loading=\"lazy\" title=\"womeninclusion\" srcset=\"https:\/\/tyselimited.com\/wp-content\/TyseLimited\/Assets\/womeninclusion.jpg 1000w, https:\/\/tyselimited.com\/wp-content\/TyseLimited\/Assets\/womeninclusion-300x210.jpg 300w, https:\/\/tyselimited.com\/wp-content\/TyseLimited\/Assets\/womeninclusion-768x538.jpg 768w\" sizes=\"(max-width: 1000px) 100vw, 1000px\" \/><\/div>\r\n\t\t<\/figure>\r\n\t<\/div>\r\n<h3 style=\"text-align: left\" class=\"vc_custom_heading\"  >La mujer como motor<\/h3>\n\t<div class=\"wpb_text_column wpb_content_element\" >\n\t\t<div class=\"wpb_wrapper\">\n\t\t\t<p>Al empoderar a las mujeres en nuestros lugares de trabajo, buscamos garantizar que las oportunidades tanto para hombres como para mujeres sean iguales. Desde 2012, nos hemos comprometido a construir una organizaci\u00f3n con equilibrio de g\u00e9nero.<\/p>\n<p>\u200e<\/p>\n\n\t\t<\/div>\n\t<\/div>\n<\/div><\/div><\/div><div class=\"wpb_column vc_column_container vc_col-sm-4\" ><div class=\"vc_column-inner\" style=\"\"><div class=\"wpb_wrapper\">\r\n\t<div class=\"wpb_single_image wpb_content_element vc_align_center\" >\r\n\t\t\r\n\t\t<figure class=\"wpb_wrapper vc_figure\">\r\n\t\t\t<div class=\"vc_single_image-wrapper   vc_box_border_grey\"><img data-rjs=\"https:\/\/tyselimited.com\/wp-content\/TyseLimited\/Assets\/Disability-Inclusion.jpg\" width=\"1000\" height=\"700\" src=\"https:\/\/tyselimited.com\/wp-content\/TyseLimited\/Assets\/Disability-Inclusion.jpg\" class=\"vc_single_image-img attachment-full\" alt=\"\" decoding=\"async\" loading=\"lazy\" title=\"Disability-Inclusion\" srcset=\"https:\/\/tyselimited.com\/wp-content\/TyseLimited\/Assets\/Disability-Inclusion.jpg 1000w, https:\/\/tyselimited.com\/wp-content\/TyseLimited\/Assets\/Disability-Inclusion-300x210.jpg 300w, https:\/\/tyselimited.com\/wp-content\/TyseLimited\/Assets\/Disability-Inclusion-768x538.jpg 768w\" sizes=\"(max-width: 1000px) 100vw, 1000px\" \/><\/div>\r\n\t\t<\/figure>\r\n\t<\/div>\r\n<h3 style=\"text-align: left\" class=\"vc_custom_heading\"  >Empowering persons with disabilities<\/h3>\n\t<div class=\"wpb_text_column wpb_content_element\" >\n\t\t<div class=\"wpb_wrapper\">\n\t\t\t<p>At Tyse, we are committed to accelerating equality for all and to creating an inclusive, accessible workplace that supports persons with disabilities. It presents us with unique opportunities in labor-force diversity and corporate culture.<\/p>\n\n\t\t<\/div>\n\t<\/div>\n<\/div><\/div><\/div><\/div><\/div><\/div><\/div><script type=\"text\/javascript\">(function($) {$(\"head\").append(\"<style>.rella-row-shadowbox-69d039ff00228{-webkit-box-shadow:;-moz-box-shadow:;box-shadow:;}<\/style>\");})(jQuery);<\/script><\/div><div class=\"vc_row-full-width vc_clearfix\"><\/div><div id=\"diversefooter\" data-vc-full-width=\"true\" data-vc-full-width-init=\"false\" data-row-brightness=\"light\" class=\"vc_row wpb_row vc_row-fluid rella-row-shadowbox-69d039ff022cd vc_row-o-content-middle vc_row-flex\" style=\"\"><div class=\"wpb_column vc_column_container vc_col-sm-8\" ><div class=\"vc_column-inner\"  style=\"\"><div class=\"wpb_wrapper\"><h2 style=\"text-align: left\" class=\"vc_custom_heading\"  >Venga a ver c\u00f3mo es trabajar en un lugar de trabajo diverso e inclusivo.<\/h2><\/div><\/div><\/div><div class=\"wpb_column vc_column_container vc_col-sm-4\" ><div class=\"vc_column-inner\"  style=\"\"><div class=\"wpb_wrapper\"><style>.searchcbtn{border-color:!important;}<\/style><a href=\"https:\/\/tyselimited.com\/cl\/careers\/listings\/\" class=\"btn btn-default border-thin searchcbtn icon-left\" >\n\t\t\t\t<span>\n\t<i class=\"icon-search\"><\/i>Search careers\t<\/span>\n<\/a>\n<\/div><\/div><\/div><script type=\"text\/javascript\">(function($) {$(\"head\").append(\"<style>.rella-row-shadowbox-69d039ff022cd{-webkit-box-shadow:;-moz-box-shadow:;box-shadow:;}<\/style>\");})(jQuery);<\/script><\/div><div class=\"vc_row-full-width vc_clearfix\"><\/div>","protected":false},"excerpt":{"rendered":"Diversity &amp; Inclusion We believe in creating an inclusive culture where you can thrive. Today\u2019s talent is more diverse than ever before. An inclusive work environment is key to innovating, developing and retaining that talent. Every day we work to provide an environment where all employees feel valued and included, able to nurture their talent [...]","protected":false},"author":1,"featured_media":0,"parent":0,"menu_order":0,"comment_status":"closed","ping_status":"closed","template":"","meta":[],"_links":{"self":[{"href":"https:\/\/tyselimited.com\/cl\/wp-json\/wp\/v2\/pages\/241"}],"collection":[{"href":"https:\/\/tyselimited.com\/cl\/wp-json\/wp\/v2\/pages"}],"about":[{"href":"https:\/\/tyselimited.com\/cl\/wp-json\/wp\/v2\/types\/page"}],"author":[{"embeddable":true,"href":"https:\/\/tyselimited.com\/cl\/wp-json\/wp\/v2\/users\/1"}],"replies":[{"embeddable":true,"href":"https:\/\/tyselimited.com\/cl\/wp-json\/wp\/v2\/comments?post=241"}],"version-history":[{"count":7,"href":"https:\/\/tyselimited.com\/cl\/wp-json\/wp\/v2\/pages\/241\/revisions"}],"predecessor-version":[{"id":388,"href":"https:\/\/tyselimited.com\/cl\/wp-json\/wp\/v2\/pages\/241\/revisions\/388"}],"wp:attachment":[{"href":"https:\/\/tyselimited.com\/cl\/wp-json\/wp\/v2\/media?parent=241"}],"curies":[{"name":"wp","href":"https:\/\/api.w.org\/{rel}","templated":true}]}}