{"id":67,"date":"2020-07-28T23:28:10","date_gmt":"2020-07-28T23:28:10","guid":{"rendered":"http:\/\/tyselimited.com\/?page_id=67"},"modified":"2020-07-31T12:08:23","modified_gmt":"2020-07-31T12:08:23","slug":"tyse-oil-gas-limited","status":"publish","type":"page","link":"https:\/\/tyselimited.com\/co\/tyse-oil-gas-limited\/","title":{"rendered":"Tyse Oil &amp; Gas Limited"},"content":{"rendered":"<div id=\"toglhero\" data-vc-full-width=\"true\" data-vc-full-width-init=\"false\" data-row-brightness=\"light\" class=\"vc_row wpb_row vc_row-fluid rella-row-shadowbox-69d039ff6d63c vc_row-o-full-height vc_row-o-columns-middle vc_row-flex\" style=\"\"><div class=\"wpb_column vc_column_container vc_col-sm-6\" ><div class=\"vc_column-inner\"  style=\"\"><div class=\"wpb_wrapper\"><h2 style=\"text-align: left\" class=\"vc_custom_heading\"  >Tyse Oil &amp; Gas Limited<\/h2>\n\t<div class=\"wpb_text_column wpb_content_element\" >\n\t\t<div class=\"wpb_wrapper\">\n\t\t\t<p><em>Ayudar a que las empresas y los hogares funcionen de manera eficiente<\/em><\/p>\n\n\t\t<\/div>\n\t<\/div>\n\n\t<div class=\"wpb_text_column wpb_content_element\" >\n\t\t<div class=\"wpb_wrapper\">\n\t\t\t<p>Tyse ofrece productos derivados del petr\u00f3leo de alta calidad que ayudan a que las empresas y los hogares funcionen de manera eficiente. Nos esforzamos por mejorar la vida de nuestros clientes y ayudar a impulsar la econom\u00eda de la naci\u00f3n.<\/p>\n\n\t\t<\/div>\n\t<\/div>\n<\/div><\/div><\/div><div class=\"wpb_column vc_column_container vc_col-sm-6\" ><div class=\"vc_column-inner\"  style=\"\"><div class=\"wpb_wrapper\">\r\n\t<div class=\"wpb_single_image wpb_content_element vc_align_center\" >\r\n\t\t\r\n\t\t<figure class=\"wpb_wrapper vc_figure\">\r\n\t\t\t<div class=\"vc_single_image-wrapper   vc_box_border_grey\"><img data-rjs=\"https:\/\/tyselimited.com\/wp-content\/TyseLimited\/Assets\/TyseOil-Hero.png\" width=\"1397\" height=\"590\" src=\"https:\/\/tyselimited.com\/wp-content\/TyseLimited\/Assets\/TyseOil-Hero.png\" class=\"vc_single_image-img attachment-full\" alt=\"\" decoding=\"async\" loading=\"lazy\" title=\"TyseOil-Hero\" srcset=\"https:\/\/tyselimited.com\/wp-content\/TyseLimited\/Assets\/TyseOil-Hero.png 1397w, https:\/\/tyselimited.com\/wp-content\/TyseLimited\/Assets\/TyseOil-Hero-300x127.png 300w, https:\/\/tyselimited.com\/wp-content\/TyseLimited\/Assets\/TyseOil-Hero-1024x432.png 1024w, https:\/\/tyselimited.com\/wp-content\/TyseLimited\/Assets\/TyseOil-Hero-768x324.png 768w\" sizes=\"(max-width: 1397px) 100vw, 1397px\" \/><\/div>\r\n\t\t<\/figure>\r\n\t<\/div>\r\n<\/div><\/div><\/div><script type=\"text\/javascript\">(function($) {$(\"head\").append(\"<style>.rella-row-shadowbox-69d039ff6d63c{-webkit-box-shadow:;-moz-box-shadow:;box-shadow:;}<\/style>\");})(jQuery);<\/script><\/div><div class=\"vc_row-full-width vc_clearfix\"><\/div><div id=\"belowhero\" data-vc-full-width=\"true\" data-vc-full-width-init=\"false\" data-row-brightness=\"light\" class=\"vc_row wpb_row vc_row-fluid rella-row-shadowbox-69d039ff6e3e1\" style=\"\"><div class=\"wpb_column vc_column_container vc_col-sm-3\" ><div class=\"vc_column-inner\"  style=\"\"><div class=\"wpb_wrapper\"><\/div><\/div><\/div><div class=\"wpb_column vc_column_container vc_col-sm-6\" ><div class=\"vc_column-inner\"  style=\"\"><div class=\"wpb_wrapper\">\n\t<div class=\"wpb_text_column wpb_content_element\" >\n\t\t<div class=\"wpb_wrapper\">\n\t\t\t<p>Tyse Oil &amp; Gas Ltd se constituy\u00f3 en 2010 como una sociedad de responsabilidad limitada de propiedad privada totalmente nigeriana.<\/p>\n<p>Somos un actor importante en la importaci\u00f3n, almacenamiento, distribuci\u00f3n, comercializaci\u00f3n y venta al por menor de productos derivados del petr\u00f3leo. Tambi\u00e9n nos dedicamos a servicios de transporte y mantenimiento en el sector de petr\u00f3leo y gas.<\/p>\n\n\t\t<\/div>\n\t<\/div>\n<\/div><\/div><\/div><div class=\"wpb_column vc_column_container vc_col-sm-3\" ><div class=\"vc_column-inner\"  style=\"\"><div class=\"wpb_wrapper\"><\/div><\/div><\/div><script type=\"text\/javascript\">(function($) {$(\"head\").append(\"<style>.rella-row-shadowbox-69d039ff6e3e1{-webkit-box-shadow:;-moz-box-shadow:;box-shadow:;}<\/style>\");})(jQuery);<\/script><\/div><div class=\"vc_row-full-width vc_clearfix\"><\/div><div id=\"downstreamcommitment\" data-vc-full-width=\"true\" data-vc-full-width-init=\"false\" data-row-brightness=\"light\" class=\"vc_row wpb_row vc_row-fluid rella-row-shadowbox-69d039ff6e8c7 vc_row-o-content-middle vc_row-flex\" style=\"\"><div class=\"wpb_column vc_column_container vc_col-sm-6\" ><div class=\"vc_column-inner\"  style=\"\"><div class=\"wpb_wrapper\"><style>.rella_vc_single_image-69d039ff6eb86 figure img, .rella_vc_single_image-69d039ff6eb86 figure svg{ max-width:900px}<\/style>\r\n\t<div class=\"wpb_single_image wpb_content_element vc_align_center  rella_vc_single_image-69d039ff6eb86  invisible\" >\r\n\t\t\r\n\t\t<figure class=\"wpb_wrapper vc_figure\">\r\n\t\t\t<div class=\"vc_single_image-wrapper   vc_box_border_grey\"><img data-rjs=\"\" class=\"vc_img-placeholder vc_single_image-img\"  src=\"https:\/\/tyselimited.com\/wp-content\/plugins\/js_composer\/assets\/vc\/no_image.png\" \/><\/div>\r\n\t\t<\/figure>\r\n\t<\/div>\r\n<\/div><\/div><\/div><div class=\"wpb_column vc_column_container vc_col-sm-6\" ><div class=\"vc_column-inner\"  style=\"\"><div class=\"wpb_wrapper\"><h2 style=\"text-align: left\" class=\"vc_custom_heading\"  >Nuestro compromiso con el downstream<\/h2>\n\t<div class=\"wpb_text_column wpb_content_element\" >\n\t\t<div class=\"wpb_wrapper\">\n\t\t\t<p>Somos una empresa din\u00e1mica e innovadora y nos estamos convirtiendo r\u00e1pidamente en el l\u00edder en el sector downstream de la industria del petr\u00f3leo y el gas en Nigeria.<\/p>\n<p>Operamos estaciones de servicio y plantas de llenado de gas en diferentes partes del pa\u00eds donde dispensamos gas y otros productos derivados del petr\u00f3leo a personas f\u00edsicas y jur\u00eddicas. Tambi\u00e9n entregamos AGO, gas y otros productos derivados del petr\u00f3leo a las oficinas y casas de nuestros clientes. Nos esforzamos por cumplir lo que prometemos.<\/p>\n\n\t\t<\/div>\n\t<\/div>\n<\/div><\/div><\/div><script type=\"text\/javascript\">(function($) {$(\"head\").append(\"<style>.rella-row-shadowbox-69d039ff6e8c7{-webkit-box-shadow:;-moz-box-shadow:;box-shadow:;}<\/style>\");})(jQuery);<\/script><\/div><div class=\"vc_row-full-width vc_clearfix\"><\/div><div id=\"talentedspecialists\" data-vc-full-width=\"true\" data-vc-full-width-init=\"false\" data-row-brightness=\"light\" class=\"vc_row wpb_row vc_row-fluid rella-row-shadowbox-69d039ff6ee95 vc_row-o-content-middle vc_row-flex\" style=\"\"><div class=\"wpb_column vc_column_container vc_col-sm-6\" ><div class=\"vc_column-inner\"  style=\"\"><div class=\"wpb_wrapper\"><h2 style=\"text-align: left\" class=\"vc_custom_heading\"  >Especialistas talentosos para soluciones innovadoras<\/h2>\n\t<div class=\"wpb_text_column wpb_content_element\" >\n\t\t<div class=\"wpb_wrapper\">\n\t\t\t<p>Nuestro equipo de especialistas downstream incluye m\u00e1s de 50 consultores con diversos perfiles, que van desde expertos t\u00e9cnicos y analistas de datos hasta asesores externos experimentados.<\/p>\n<p>Invertimos profundamente en el desarrollo de formas creativas para mejorar el sector de petr\u00f3leo y gas aguas abajo para nuestros clientes. Desde la refiner\u00eda hasta la distribuci\u00f3n y venta minorista, nuestros especialistas brindan soporte para el procesamiento, transporte y almacenamiento de productos refinados.<\/p>\n\n\t\t<\/div>\n\t<\/div>\n<\/div><\/div><\/div><div class=\"wpb_column vc_column_container vc_col-sm-6\" ><div class=\"vc_column-inner\"  style=\"\"><div class=\"wpb_wrapper\"><style>.rella_vc_single_image-69d039ff6f344 figure img, .rella_vc_single_image-69d039ff6f344 figure svg{ max-width:900px}<\/style>\r\n\t<div class=\"wpb_single_image wpb_content_element vc_align_center  rella_vc_single_image-69d039ff6f344  invisible\" >\r\n\t\t\r\n\t\t<figure class=\"wpb_wrapper vc_figure\">\r\n\t\t\t<div class=\"vc_single_image-wrapper   vc_box_border_grey\"><img data-rjs=\"\" class=\"vc_img-placeholder vc_single_image-img\"  src=\"https:\/\/tyselimited.com\/wp-content\/plugins\/js_composer\/assets\/vc\/no_image.png\" \/><\/div>\r\n\t\t<\/figure>\r\n\t<\/div>\r\n<\/div><\/div><\/div><script type=\"text\/javascript\">(function($) {$(\"head\").append(\"<style>.rella-row-shadowbox-69d039ff6ee95{-webkit-box-shadow:;-moz-box-shadow:;box-shadow:;}<\/style>\");})(jQuery);<\/script><\/div><div class=\"vc_row-full-width vc_clearfix\"><\/div><div id=\"helpfooter\" data-vc-full-width=\"true\" data-vc-full-width-init=\"false\" data-row-brightness=\"light\" class=\"vc_row wpb_row vc_row-fluid rella-row-shadowbox-69d039ff6f415\" style=\"\"><div class=\"wpb_column vc_column_container vc_col-sm-12\" ><div class=\"vc_column-inner\"  style=\"\"><div class=\"wpb_wrapper\"><h2 style=\"text-align: center\" class=\"vc_custom_heading\"  >\u00bfC\u00f3mo podemos ayudar?<\/h2>\n\t<div class=\"wpb_text_column wpb_content_element\" >\n\t\t<div class=\"wpb_wrapper\">\n\t\t\t<p style=\"text-align: center;\"><a href=\"https:\/\/tyselimited.com\/co\/contact-us\/\">Ponerse en contacto<\/a> con nosotros y le responderemos lo antes posible.<\/p>\n\n\t\t<\/div>\n\t<\/div>\n<\/div><\/div><\/div><script type=\"text\/javascript\">(function($) {$(\"head\").append(\"<style>.rella-row-shadowbox-69d039ff6f415{-webkit-box-shadow:;-moz-box-shadow:;box-shadow:;}<\/style>\");})(jQuery);<\/script><\/div><div class=\"vc_row-full-width vc_clearfix\"><\/div>","protected":false},"excerpt":{"rendered":"Tyse Oil &amp; Gas Limited Helping businesses and homes run efficiently Tyse delivers high-quality petroleum products that helps businesses and homes run efficiently. We strive to improve the lives of our customers and help fuel the nation\u2019s economy. Tyse Oil &amp; Gas Ltd was incorporated in 2010 as a privately owned, wholly Nigerian limited liability [...]","protected":false},"author":1,"featured_media":0,"parent":0,"menu_order":0,"comment_status":"closed","ping_status":"closed","template":"","meta":[],"_links":{"self":[{"href":"https:\/\/tyselimited.com\/co\/wp-json\/wp\/v2\/pages\/67"}],"collection":[{"href":"https:\/\/tyselimited.com\/co\/wp-json\/wp\/v2\/pages"}],"about":[{"href":"https:\/\/tyselimited.com\/co\/wp-json\/wp\/v2\/types\/page"}],"author":[{"embeddable":true,"href":"https:\/\/tyselimited.com\/co\/wp-json\/wp\/v2\/users\/1"}],"replies":[{"embeddable":true,"href":"https:\/\/tyselimited.com\/co\/wp-json\/wp\/v2\/comments?post=67"}],"version-history":[{"count":7,"href":"https:\/\/tyselimited.com\/co\/wp-json\/wp\/v2\/pages\/67\/revisions"}],"predecessor-version":[{"id":176,"href":"https:\/\/tyselimited.com\/co\/wp-json\/wp\/v2\/pages\/67\/revisions\/176"}],"wp:attachment":[{"href":"https:\/\/tyselimited.com\/co\/wp-json\/wp\/v2\/media?parent=67"}],"curies":[{"name":"wp","href":"https:\/\/api.w.org\/{rel}","templated":true}]}}