{"id":69,"date":"2020-07-28T23:29:08","date_gmt":"2020-07-28T23:29:08","guid":{"rendered":"http:\/\/tyselimited.com\/?page_id=69"},"modified":"2020-07-31T17:47:29","modified_gmt":"2020-07-31T17:47:29","slug":"tyse-limited","status":"publish","type":"page","link":"https:\/\/tyselimited.com\/co\/tyse-limited\/","title":{"rendered":"Tyse Limited"},"content":{"rendered":"<div id=\"hero\" data-vc-full-width=\"true\" data-vc-full-width-init=\"false\" data-row-brightness=\"light\" class=\"vc_row wpb_row vc_row-fluid rella-row-shadowbox-69d04965362af vc_row-o-full-height vc_row-o-columns-middle vc_row-flex\" style=\"\"><div class=\"wpb_column vc_column_container vc_col-sm-6\" ><div class=\"vc_column-inner\"  style=\"\"><div class=\"wpb_wrapper\"><h2 style=\"color: #ffffff;text-align: left\" class=\"vc_custom_heading\"  >Tyse Limited<\/h2>\n\t<div class=\"wpb_text_column wpb_content_element\" >\n\t\t<div class=\"wpb_wrapper\">\n\t\t\t<p><em>Creando valor para un futuro sostenible<\/em><\/p>\n\n\t\t<\/div>\n\t<\/div>\n\n\t<div class=\"wpb_text_column wpb_content_element\" >\n\t\t<div class=\"wpb_wrapper\">\n\t\t\t<p>Tyse Limited es un actor diversificado l\u00edder en varios sectores de la econom\u00eda nigeriana. Trabajamos con clientes ambiciosos que desean definir el futuro y resolver los desaf\u00edos que definen la industria en bienes ra\u00edces, mar\u00edtimo, construcci\u00f3n y m\u00e1s.<\/p>\n\n\t\t<\/div>\n\t<\/div>\n<\/div><\/div><\/div><div class=\"wpb_column vc_column_container vc_col-sm-6\" ><div class=\"vc_column-inner\"  style=\"\"><div class=\"wpb_wrapper\">\r\n\t<div class=\"wpb_single_image wpb_content_element vc_align_center\" >\r\n\t\t\r\n\t\t<figure class=\"wpb_wrapper vc_figure\">\r\n\t\t\t<div class=\"vc_single_image-wrapper   vc_box_border_grey\"><img data-rjs=\"https:\/\/tyselimited.com\/wp-content\/TyseLimited\/Assets\/TyseBuilding.png\" width=\"1045\" height=\"417\" src=\"https:\/\/tyselimited.com\/wp-content\/TyseLimited\/Assets\/TyseBuilding.png\" class=\"vc_single_image-img attachment-full\" alt=\"\" decoding=\"async\" loading=\"lazy\" title=\"TyseBuilding\" srcset=\"https:\/\/tyselimited.com\/wp-content\/TyseLimited\/Assets\/TyseBuilding.png 1045w, https:\/\/tyselimited.com\/wp-content\/TyseLimited\/Assets\/TyseBuilding-300x120.png 300w, https:\/\/tyselimited.com\/wp-content\/TyseLimited\/Assets\/TyseBuilding-1024x409.png 1024w, https:\/\/tyselimited.com\/wp-content\/TyseLimited\/Assets\/TyseBuilding-768x306.png 768w\" sizes=\"(max-width: 1045px) 100vw, 1045px\" \/><\/div>\r\n\t\t<\/figure>\r\n\t<\/div>\r\n<\/div><\/div><\/div><script type=\"text\/javascript\">(function($) {$(\"head\").append(\"<style>.rella-row-shadowbox-69d04965362af{-webkit-box-shadow:;-moz-box-shadow:;box-shadow:;}<\/style>\");})(jQuery);<\/script><\/div><div class=\"vc_row-full-width vc_clearfix\"><\/div><div id=\"belowhero\" data-vc-full-width=\"true\" data-vc-full-width-init=\"false\" data-row-brightness=\"light\" class=\"vc_row wpb_row vc_row-fluid rella-row-shadowbox-69d0496537bc9\" style=\"\"><div class=\"wpb_column vc_column_container vc_col-sm-3\" ><div class=\"vc_column-inner\"  style=\"\"><div class=\"wpb_wrapper\"><\/div><\/div><\/div><div class=\"wpb_column vc_column_container vc_col-sm-6\" ><div class=\"vc_column-inner\"  style=\"\"><div class=\"wpb_wrapper\">\n\t<div class=\"wpb_text_column wpb_content_element\" >\n\t\t<div class=\"wpb_wrapper\">\n\t\t\t<p>Tyse Limited es una empresa l\u00edder en responsabilidad limitada diversificada constituida bajo las leyes de Nigeria en 1998.<\/p>\n<p>La empresa es una de las principales empresas de servicios generales especializada en la adquisici\u00f3n y suministro de diversos equipos de seguridad y otros, servicios inmobiliarios, construcci\u00f3n y servicios financieros.<\/p>\n<p>La empresa tambi\u00e9n ofrece servicios de consultor\u00eda general. Tambi\u00e9n participamos activamente en los servicios mar\u00edtimos y mar\u00edtimos.<\/p>\n\n\t\t<\/div>\n\t<\/div>\n<\/div><\/div><\/div><div class=\"wpb_column vc_column_container vc_col-sm-3\" ><div class=\"vc_column-inner\"  style=\"\"><div class=\"wpb_wrapper\"><\/div><\/div><\/div><script type=\"text\/javascript\">(function($) {$(\"head\").append(\"<style>.rella-row-shadowbox-69d0496537bc9{-webkit-box-shadow:;-moz-box-shadow:;box-shadow:;}<\/style>\");})(jQuery);<\/script><\/div><div class=\"vc_row-full-width vc_clearfix\"><\/div><div id=\"tyseservices\" data-vc-full-width=\"true\" data-vc-full-width-init=\"false\" data-row-brightness=\"light\" class=\"vc_row wpb_row vc_row-fluid rella-row-shadowbox-69d049653851d\" style=\"\"><div class=\"wpb_column vc_column_container vc_col-sm-12\" ><div class=\"vc_column-inner\"  style=\"\"><div class=\"wpb_wrapper\"><h4 style=\"text-align: center\" class=\"vc_custom_heading\"  >SERVICIOS OFRECIDOS POR TYSE LIMITED<\/h4><div id=\"servicerow\" class=\"vc_row wpb_row vc_inner vc_row-fluid\" style=\"background-attachment:;\"><div class=\"wpb_column vc_column_container vc_col-sm-4\" ><div class=\"vc_column-inner\" style=\"\"><div class=\"wpb_wrapper\">\r\n\t<div class=\"wpb_single_image wpb_content_element vc_align_center\" >\r\n\t\t\r\n\t\t<figure class=\"wpb_wrapper vc_figure\">\r\n\t\t\t<div class=\"vc_single_image-wrapper   vc_box_border_grey\"><img data-rjs=\"https:\/\/tyselimited.com\/wp-content\/TyseLimited\/Assets\/generalcontractors.jpg\" width=\"900\" height=\"700\" src=\"https:\/\/tyselimited.com\/wp-content\/TyseLimited\/Assets\/generalcontractors.jpg\" class=\"vc_single_image-img attachment-full\" alt=\"\" decoding=\"async\" loading=\"lazy\" title=\"generalcontractors\" srcset=\"https:\/\/tyselimited.com\/wp-content\/TyseLimited\/Assets\/generalcontractors.jpg 900w, https:\/\/tyselimited.com\/wp-content\/TyseLimited\/Assets\/generalcontractors-300x233.jpg 300w, https:\/\/tyselimited.com\/wp-content\/TyseLimited\/Assets\/generalcontractors-768x597.jpg 768w\" sizes=\"(max-width: 900px) 100vw, 900px\" \/><\/div>\r\n\t\t<\/figure>\r\n\t<\/div>\r\n<h3 style=\"text-align: left\" class=\"vc_custom_heading\"  >Contratistas Generales<\/h3>\n\t<div class=\"wpb_text_column wpb_content_element\" >\n\t\t<div class=\"wpb_wrapper\">\n\t\t\t<p>Servimos como contratistas, importadores y proveedores de mercader\u00eda general, industriales y distribuidores de diversos tipos de materiales y bienes.<\/p>\n<p>Nuestro equipo de expertos de confianza analiza todos los aspectos de su actividad comercial para evaluar los riesgos asociados, ofreciendo asesoramiento y asistencia imparciales y objetivos. Nuestra amplia gama de proveedores hace que nuestras cotizaciones sean competitivas para los requisitos de cualquier cliente con muestras en un tiempo muy razonable.<\/p>\n<p>\u200e<\/p>\n\n\t\t<\/div>\n\t<\/div>\n<\/div><\/div><\/div><div class=\"wpb_column vc_column_container vc_col-sm-4\" ><div class=\"vc_column-inner\" style=\"\"><div class=\"wpb_wrapper\">\r\n\t<div class=\"wpb_single_image wpb_content_element vc_align_center\" >\r\n\t\t\r\n\t\t<figure class=\"wpb_wrapper vc_figure\">\r\n\t\t\t<div class=\"vc_single_image-wrapper   vc_box_border_grey\"><img data-rjs=\"https:\/\/tyselimited.com\/wp-content\/TyseLimited\/Assets\/maritime.jpg\" width=\"900\" height=\"700\" src=\"https:\/\/tyselimited.com\/wp-content\/TyseLimited\/Assets\/maritime.jpg\" class=\"vc_single_image-img attachment-full\" alt=\"\" decoding=\"async\" loading=\"lazy\" title=\"maritime\" srcset=\"https:\/\/tyselimited.com\/wp-content\/TyseLimited\/Assets\/maritime.jpg 900w, https:\/\/tyselimited.com\/wp-content\/TyseLimited\/Assets\/maritime-300x233.jpg 300w, https:\/\/tyselimited.com\/wp-content\/TyseLimited\/Assets\/maritime-768x597.jpg 768w\" sizes=\"(max-width: 900px) 100vw, 900px\" \/><\/div>\r\n\t\t<\/figure>\r\n\t<\/div>\r\n<h3 style=\"text-align: left\" class=\"vc_custom_heading\"  >Marino y mar\u00edtimo<\/h3>\n\t<div class=\"wpb_text_column wpb_content_element\" >\n\t\t<div class=\"wpb_wrapper\">\n\t\t\t<p>Soluciones y servicios log\u00edsticos mar\u00edtimos en todo el mundo, brindando a nuestros clientes soluciones integrales a sus requisitos de log\u00edstica mar\u00edtima.<\/p>\n<p>Como proveedor l\u00edder de servicios mar\u00edtimos en Nigeria, ofrecemos experiencia comprobada a trav\u00e9s de un equipo capacitado y dedicado. Como parte de un actor l\u00edder diversificado en la econom\u00eda, somos su mejor apuesta para servicios de env\u00edo, mar\u00edtimo y log\u00edstico de calidad. Estamos dedicados a brindar una cobertura mar\u00edtima integral y enfocada a nuestros clientes.<\/p>\n\n\t\t<\/div>\n\t<\/div>\n<\/div><\/div><\/div><div class=\"wpb_column vc_column_container vc_col-sm-4\" ><div class=\"vc_column-inner\" style=\"\"><div class=\"wpb_wrapper\">\r\n\t<div class=\"wpb_single_image wpb_content_element vc_align_center\" >\r\n\t\t\r\n\t\t<figure class=\"wpb_wrapper vc_figure\">\r\n\t\t\t<div class=\"vc_single_image-wrapper   vc_box_border_grey\"><img data-rjs=\"https:\/\/tyselimited.com\/wp-content\/TyseLimited\/Assets\/realestate.jpg\" width=\"900\" height=\"700\" src=\"https:\/\/tyselimited.com\/wp-content\/TyseLimited\/Assets\/realestate.jpg\" class=\"vc_single_image-img attachment-full\" alt=\"\" decoding=\"async\" loading=\"lazy\" title=\"realestate\" srcset=\"https:\/\/tyselimited.com\/wp-content\/TyseLimited\/Assets\/realestate.jpg 900w, https:\/\/tyselimited.com\/wp-content\/TyseLimited\/Assets\/realestate-300x233.jpg 300w, https:\/\/tyselimited.com\/wp-content\/TyseLimited\/Assets\/realestate-768x597.jpg 768w\" sizes=\"(max-width: 900px) 100vw, 900px\" \/><\/div>\r\n\t\t<\/figure>\r\n\t<\/div>\r\n<h3 style=\"text-align: left\" class=\"vc_custom_heading\"  >Bienes ra\u00edces<\/h3>\n\t<div class=\"wpb_text_column wpb_content_element\" >\n\t\t<div class=\"wpb_wrapper\">\n\t\t\t<p>Servicios inmobiliarios relacionados con la adquisici\u00f3n, compra, construcci\u00f3n, promoci\u00f3n y arrendamiento de terrenos, edificios y otras transacciones de terrenos y propiedades inmobiliarias.<\/p>\n<p>Como actores l\u00edderes en el sector inmobiliario, ayudamos a nuestros clientes a alcanzar sus objetivos de inversi\u00f3n asesor\u00e1ndoles sobre las mejores propiedades para comprar. Nuestro negocio se basa en la confianza y la integridad. Esto es intr\u00ednseco a todo lo que hacemos y es lo que les da a nuestros clientes, colegas, proveedores, socios e inversores la confianza para trabajar con nosotros.<\/p>\n<p>\u200e<\/p>\n\n\t\t<\/div>\n\t<\/div>\n<\/div><\/div><\/div><\/div><div id=\"servicerow\" class=\"vc_row wpb_row vc_inner vc_row-fluid\" style=\"background-attachment:;\"><div class=\"wpb_column vc_column_container vc_col-sm-4\" ><div class=\"vc_column-inner\" style=\"\"><div class=\"wpb_wrapper\">\r\n\t<div class=\"wpb_single_image wpb_content_element vc_align_center\" >\r\n\t\t\r\n\t\t<figure class=\"wpb_wrapper vc_figure\">\r\n\t\t\t<div class=\"vc_single_image-wrapper   vc_box_border_grey\"><img data-rjs=\"https:\/\/tyselimited.com\/wp-content\/TyseLimited\/Assets\/safetymgmt.jpg\" width=\"900\" height=\"700\" src=\"https:\/\/tyselimited.com\/wp-content\/TyseLimited\/Assets\/safetymgmt.jpg\" class=\"vc_single_image-img attachment-full\" alt=\"\" decoding=\"async\" loading=\"lazy\" title=\"safetymgmt\" srcset=\"https:\/\/tyselimited.com\/wp-content\/TyseLimited\/Assets\/safetymgmt.jpg 900w, https:\/\/tyselimited.com\/wp-content\/TyseLimited\/Assets\/safetymgmt-300x233.jpg 300w, https:\/\/tyselimited.com\/wp-content\/TyseLimited\/Assets\/safetymgmt-768x597.jpg 768w\" sizes=\"(max-width: 900px) 100vw, 900px\" \/><\/div>\r\n\t\t<\/figure>\r\n\t<\/div>\r\n<h3 style=\"text-align: left\" class=\"vc_custom_heading\"  >Sistemas de gesti\u00f3n de seguridad<\/h3>\n\t<div class=\"wpb_text_column wpb_content_element\" >\n\t\t<div class=\"wpb_wrapper\">\n\t\t\t<p>Proveedores y distribuidores de ropa de seguridad, equipos de protecci\u00f3n y productos industriales en general.<\/p>\n<p>Los sistemas de gesti\u00f3n de la seguridad proporcionan un marco para minimizar los peligros ambientales y de seguridad en todos los niveles de una organizaci\u00f3n. Como l\u00edderes en los campos de la seguridad y la gesti\u00f3n de riesgos, proporcionamos experiencia en profundidad para gestionar la seguridad de acuerdo con las normativas y requisitos internacionales.<\/p>\n<p>\u200e<\/p>\n<p>\u200e<\/p>\n\n\t\t<\/div>\n\t<\/div>\n<\/div><\/div><\/div><div class=\"wpb_column vc_column_container vc_col-sm-4\" ><div class=\"vc_column-inner\" style=\"\"><div class=\"wpb_wrapper\">\r\n\t<div class=\"wpb_single_image wpb_content_element vc_align_center\" >\r\n\t\t\r\n\t\t<figure class=\"wpb_wrapper vc_figure\">\r\n\t\t\t<div class=\"vc_single_image-wrapper   vc_box_border_grey\"><img data-rjs=\"https:\/\/tyselimited.com\/wp-content\/TyseLimited\/Assets\/financialservices.jpg\" width=\"900\" height=\"700\" src=\"https:\/\/tyselimited.com\/wp-content\/TyseLimited\/Assets\/financialservices.jpg\" class=\"vc_single_image-img attachment-full\" alt=\"\" decoding=\"async\" loading=\"lazy\" title=\"financialservices\" srcset=\"https:\/\/tyselimited.com\/wp-content\/TyseLimited\/Assets\/financialservices.jpg 900w, https:\/\/tyselimited.com\/wp-content\/TyseLimited\/Assets\/financialservices-300x233.jpg 300w, https:\/\/tyselimited.com\/wp-content\/TyseLimited\/Assets\/financialservices-768x597.jpg 768w\" sizes=\"(max-width: 900px) 100vw, 900px\" \/><\/div>\r\n\t\t<\/figure>\r\n\t<\/div>\r\n<h3 style=\"text-align: left\" class=\"vc_custom_heading\"  >Servicios financieros<\/h3>\n\t<div class=\"wpb_text_column wpb_content_element\" >\n\t\t<div class=\"wpb_wrapper\">\n\t\t\t<p>Servicios financieros que lo ayudan a tomar la decisi\u00f3n financiera correcta y tambi\u00e9n le brindan una gesti\u00f3n de riesgos adecuada.<\/p>\n<p>Nuestros especialistas en servicios financieros brindan soluciones integrales e integrales a los sectores de banca, seguros, mercado de capitales y gesti\u00f3n de inversiones. Lo ayudamos a cumplir sus metas, planificar nuevas estrategias y mantenerlo actualizado sobre los cambios en la regulaci\u00f3n y las expectativas de los clientes.<\/p>\n<p>\u200e<\/p>\n\n\t\t<\/div>\n\t<\/div>\n<\/div><\/div><\/div><div class=\"wpb_column vc_column_container vc_col-sm-4\" ><div class=\"vc_column-inner\" style=\"\"><div class=\"wpb_wrapper\">\r\n\t<div class=\"wpb_single_image wpb_content_element vc_align_center\" >\r\n\t\t\r\n\t\t<figure class=\"wpb_wrapper vc_figure\">\r\n\t\t\t<div class=\"vc_single_image-wrapper   vc_box_border_grey\"><img data-rjs=\"https:\/\/tyselimited.com\/wp-content\/TyseLimited\/Assets\/tyselimitedservices2.jpg\" width=\"900\" height=\"700\" src=\"https:\/\/tyselimited.com\/wp-content\/TyseLimited\/Assets\/tyselimitedservices2.jpg\" class=\"vc_single_image-img attachment-full\" alt=\"\" decoding=\"async\" loading=\"lazy\" title=\"tyselimitedservices2\" srcset=\"https:\/\/tyselimited.com\/wp-content\/TyseLimited\/Assets\/tyselimitedservices2.jpg 900w, https:\/\/tyselimited.com\/wp-content\/TyseLimited\/Assets\/tyselimitedservices2-300x233.jpg 300w, https:\/\/tyselimited.com\/wp-content\/TyseLimited\/Assets\/tyselimitedservices2-768x597.jpg 768w\" sizes=\"(max-width: 900px) 100vw, 900px\" \/><\/div>\r\n\t\t<\/figure>\r\n\t<\/div>\r\n<h3 style=\"text-align: left\" class=\"vc_custom_heading\"  >Consultores Generales<\/h3>\n\t<div class=\"wpb_text_column wpb_content_element\" >\n\t\t<div class=\"wpb_wrapper\">\n\t\t\t<p>Nuestros expertos en consultor\u00eda le ayudar\u00e1n a identificar conocimientos pr\u00e1cticos que tengan el m\u00e1ximo impacto en el rendimiento empresarial.<\/p>\n<p>Nuestros servicios de consultor\u00eda se enfocan en transformar sus ideas en nuevos productos y servicios a trav\u00e9s de tecnolog\u00eda de punta, experiencia y conocimiento del dominio empresarial. Buscamos maximizar las mejores oportunidades de nuestros clientes a trav\u00e9s de la estrategia, marketing, organizaci\u00f3n, operaciones, tecnolog\u00eda, transformaci\u00f3n y sostenibilidad.<\/p>\n<p>\u200e<\/p>\n\n\t\t<\/div>\n\t<\/div>\n<\/div><\/div><\/div><\/div><\/div><\/div><\/div><script type=\"text\/javascript\">(function($) {$(\"head\").append(\"<style>.rella-row-shadowbox-69d049653851d{-webkit-box-shadow:;-moz-box-shadow:;box-shadow:;}<\/style>\");})(jQuery);<\/script><\/div><div class=\"vc_row-full-width vc_clearfix\"><\/div><div id=\"expandingbiz\" data-vc-full-width=\"true\" data-vc-full-width-init=\"false\" data-vc-stretch-content=\"true\" data-row-brightness=\"light\" class=\"vc_row wpb_row vc_row-fluid rella-row-shadowbox-69d049653c9fd vc_row-o-content-middle vc_row-flex\" style=\"\"><div class=\"wpb_column vc_column_container vc_col-sm-6\" ><div class=\"vc_column-inner\"  style=\"\"><div class=\"wpb_wrapper\"><h2 style=\"text-align: left;font-family:Abril Fatface;font-weight:400;font-style:normal\" class=\"vc_custom_heading\"  >Expandiendo su negocio de la manera correcta<\/h2>\n\t<div class=\"wpb_text_column wpb_content_element\" >\n\t\t<div class=\"wpb_wrapper\">\n\t\t\t<p>Aceleramos su innovaci\u00f3n y transformaci\u00f3n con un conjunto de servicios totalmente integrado que coloca el \u00e9xito de su empresa en el centro de todo lo que hacemos. Aportamos m\u00e1s de una d\u00e9cada de experiencia funcional, para que pueda estar seguro de que su negocio est\u00e1 en las manos adecuadas.<\/p>\n<p>Hable hoy con un experto.<\/p>\n\n\t\t<\/div>\n\t<\/div>\n<style>.getstartedbtn i{color:#1230c8;}.getstartedbtn{border-color: !important;color:#1230c8 !important;}.getstartedbtn:focus,.getstartedbtn:hover{color:#052452 !important;}<\/style><a href=\"https:\/\/tyselimited.com\/co\/contact-us\/\" title=\"Cont\u00e1ctenos\" class=\"btn btn-naked border-thin getstartedbtn\" >\n\t\t\t\t<span>\n\tGet started<i class=\"icon-arrow-right\"><\/i>\t<\/span>\n<\/a>\n<\/div><\/div><\/div><div class=\"wpb_column vc_column_container vc_col-sm-6\" ><div class=\"vc_column-inner\"  style=\"\"><div class=\"wpb_wrapper\"><style>.rella_vc_single_image-69d049653d61f figure img, .rella_vc_single_image-69d049653d61f figure svg{ max-width:900px}<\/style>\r\n\t<div class=\"wpb_single_image wpb_content_element vc_align_center  rella_vc_single_image-69d049653d61f  invisible\" >\r\n\t\t\r\n\t\t<figure class=\"wpb_wrapper vc_figure\">\r\n\t\t\t<div class=\"vc_single_image-wrapper   vc_box_border_grey\"><img data-rjs=\"\" class=\"vc_img-placeholder vc_single_image-img\"  src=\"https:\/\/tyselimited.com\/wp-content\/plugins\/js_composer\/assets\/vc\/no_image.png\" \/><\/div>\r\n\t\t<\/figure>\r\n\t<\/div>\r\n<\/div><\/div><\/div><script type=\"text\/javascript\">(function($) {$(\"head\").append(\"<style>.rella-row-shadowbox-69d049653c9fd{-webkit-box-shadow:;-moz-box-shadow:;box-shadow:;}<\/style>\");})(jQuery);<\/script><\/div><div class=\"vc_row-full-width vc_clearfix\"><\/div>","protected":false},"excerpt":{"rendered":"Tyse Limited Creating value for a sustainable future Tyse Limited is a leading diversified player in various sectors of the Nigerian economy. We work with ambitious clients who want to define the future and solve industry-defining challenges in real estate, maritime, construction and more. Tyse Limited is a leading diversified limited Liability company incorporated under [...]","protected":false},"author":1,"featured_media":0,"parent":0,"menu_order":0,"comment_status":"closed","ping_status":"closed","template":"","meta":[],"_links":{"self":[{"href":"https:\/\/tyselimited.com\/co\/wp-json\/wp\/v2\/pages\/69"}],"collection":[{"href":"https:\/\/tyselimited.com\/co\/wp-json\/wp\/v2\/pages"}],"about":[{"href":"https:\/\/tyselimited.com\/co\/wp-json\/wp\/v2\/types\/page"}],"author":[{"embeddable":true,"href":"https:\/\/tyselimited.com\/co\/wp-json\/wp\/v2\/users\/1"}],"replies":[{"embeddable":true,"href":"https:\/\/tyselimited.com\/co\/wp-json\/wp\/v2\/comments?post=69"}],"version-history":[{"count":12,"href":"https:\/\/tyselimited.com\/co\/wp-json\/wp\/v2\/pages\/69\/revisions"}],"predecessor-version":[{"id":201,"href":"https:\/\/tyselimited.com\/co\/wp-json\/wp\/v2\/pages\/69\/revisions\/201"}],"wp:attachment":[{"href":"https:\/\/tyselimited.com\/co\/wp-json\/wp\/v2\/media?parent=69"}],"curies":[{"name":"wp","href":"https:\/\/api.w.org\/{rel}","templated":true}]}}