{"id":71,"date":"2020-07-28T23:29:59","date_gmt":"2020-07-28T23:29:59","guid":{"rendered":"http:\/\/tyselimited.com\/?page_id=71"},"modified":"2020-08-25T12:52:41","modified_gmt":"2020-08-25T12:52:41","slug":"tyse-supermarket-bakery","status":"publish","type":"page","link":"https:\/\/tyselimited.com\/co\/tyse-supermarket-bakery\/","title":{"rendered":"Tyse Supermercado y panader\u00eda"},"content":{"rendered":"<div id=\"hero\" data-vc-full-width=\"true\" data-vc-full-width-init=\"false\" data-row-brightness=\"light\" class=\"vc_row wpb_row vc_row-fluid rella-row-shadowbox-69d039a6bf701 vc_row-o-full-height vc_row-o-columns-middle vc_row-flex\" style=\"\"><div class=\"wpb_column vc_column_container vc_col-sm-6\" ><div class=\"vc_column-inner\"  style=\"\"><div class=\"wpb_wrapper\"><h2 style=\"color: #ffffff;text-align: left\" class=\"vc_custom_heading\"  >Tyse Supermarket & Bakery<\/h2>\n\t<div class=\"wpb_text_column wpb_content_element\" >\n\t\t<div class=\"wpb_wrapper\">\n\t\t\t<p><em>Su ventanilla \u00fanica para todo lo relacionado con comestibles<\/em><\/p>\n\n\t\t<\/div>\n\t<\/div>\n\n\t<div class=\"wpb_text_column wpb_content_element\" >\n\t\t<div class=\"wpb_wrapper\">\n\t\t\t<p>En Tyse, sabemos que nuestros clientes y familias de todo el mundo cuentan con nosotros para ofrecer productos excepcionales. Es por eso que combinamos capacidades de fabricaci\u00f3n y distribuci\u00f3n internacionales incomparables con nuestra experiencia, compromiso e innovaci\u00f3n para mantener nuestros supermercados y panader\u00edas al m\u00e1s alto nivel.<\/p>\n\n\t\t<\/div>\n\t<\/div>\n<\/div><\/div><\/div><div class=\"wpb_column vc_column_container vc_col-sm-6\" ><div class=\"vc_column-inner\"  style=\"\"><div class=\"wpb_wrapper\">\r\n\t<div class=\"wpb_single_image wpb_content_element vc_align_center\" >\r\n\t\t\r\n\t\t<figure class=\"wpb_wrapper vc_figure\">\r\n\t\t\t<div class=\"vc_single_image-wrapper   vc_box_border_grey\"><img data-rjs=\"https:\/\/tyselimited.com\/wp-content\/TyseLimited\/Assets\/tysegrocery.png\" width=\"829\" height=\"466\" src=\"https:\/\/tyselimited.com\/wp-content\/TyseLimited\/Assets\/tysegrocery.png\" class=\"vc_single_image-img attachment-full\" alt=\"\" decoding=\"async\" loading=\"lazy\" title=\"tysegrocery\" srcset=\"https:\/\/tyselimited.com\/wp-content\/TyseLimited\/Assets\/tysegrocery.png 829w, https:\/\/tyselimited.com\/wp-content\/TyseLimited\/Assets\/tysegrocery-300x169.png 300w, https:\/\/tyselimited.com\/wp-content\/TyseLimited\/Assets\/tysegrocery-768x432.png 768w\" sizes=\"(max-width: 829px) 100vw, 829px\" \/><\/div>\r\n\t\t<\/figure>\r\n\t<\/div>\r\n<\/div><\/div><\/div><script type=\"text\/javascript\">(function($) {$(\"head\").append(\"<style>.rella-row-shadowbox-69d039a6bf701{-webkit-box-shadow:;-moz-box-shadow:;box-shadow:;}<\/style>\");})(jQuery);<\/script><\/div><div class=\"vc_row-full-width vc_clearfix\"><\/div><div id=\"belowhero\" data-vc-full-width=\"true\" data-vc-full-width-init=\"false\" data-row-brightness=\"light\" class=\"vc_row wpb_row vc_row-fluid rella-row-shadowbox-69d039a6c09ae\" style=\"\"><div class=\"wpb_column vc_column_container vc_col-sm-3\" ><div class=\"vc_column-inner\"  style=\"\"><div class=\"wpb_wrapper\"><\/div><\/div><\/div><div class=\"wpb_column vc_column_container vc_col-sm-6\" ><div class=\"vc_column-inner\"  style=\"\"><div class=\"wpb_wrapper\"><h4 style=\"text-align: center\" class=\"vc_custom_heading\"  >C\u00d3MO OPERAMOS<\/h4>\n\t<div class=\"wpb_text_column wpb_content_element\" >\n\t\t<div class=\"wpb_wrapper\">\n\t\t\t<p>Operamos cadenas de supermercados con panader\u00edas de apoyo en nuestros diversos puntos de venta, incluidas las estaciones de llenado de gasolina y las plantas de gas. Nuestros puntos de venta sirven como ventanilla \u00fanica donde nuestros clientes pueden comprar productos derivados del petr\u00f3leo y tambi\u00e9n comprar sus comestibles, productos agr\u00edcolas integrales y otros art\u00edculos para el hogar.<\/p>\n<p>Los alimentos org\u00e1nicos de nuestra granja tambi\u00e9n se venden en nuestros puntos de venta. Nuestro pan y reposter\u00eda son elaborados en el ambiente m\u00e1s higi\u00e9nico y con los m\u00e1s altos est\u00e1ndares para la salud de nuestros clientes. Evitamos el uso de conservantes, colorantes o cualquier otro aditivo para mejorar o preservar nuestros productos de panader\u00eda.<\/p>\n<p>Our customers can either visit the supermarket and make purchases, or simply place an order from the comfort of their home and have it delivered to them. All payments are made securely through Paystack, Nigeria&#8217;s leading payment processor.<\/p>\n\n\t\t<\/div>\n\t<\/div>\n<\/div><\/div><\/div><div class=\"wpb_column vc_column_container vc_col-sm-3\" ><div class=\"vc_column-inner\"  style=\"\"><div class=\"wpb_wrapper\"><\/div><\/div><\/div><script type=\"text\/javascript\">(function($) {$(\"head\").append(\"<style>.rella-row-shadowbox-69d039a6c09ae{-webkit-box-shadow:;-moz-box-shadow:;box-shadow:;}<\/style>\");})(jQuery);<\/script><\/div><div class=\"vc_row-full-width vc_clearfix\"><\/div><div id=\"thefamily\" data-vc-full-width=\"true\" data-vc-full-width-init=\"false\" data-vc-stretch-content=\"true\" data-row-brightness=\"light\" class=\"vc_row wpb_row vc_row-fluid rella-row-shadowbox-69d039a6c12fa vc_row-no-padding vc_row-o-content-middle vc_row-flex\" style=\"\"><div class=\"wpb_column vc_column_container vc_col-sm-6\" ><div class=\"vc_column-inner\"  style=\"\"><div class=\"wpb_wrapper\"><h2 style=\"text-align: left\" class=\"vc_custom_heading\"  >La familia en el supermercado Tyse<\/h2>\n\t<div class=\"wpb_text_column wpb_content_element\" >\n\t\t<div class=\"wpb_wrapper\">\n\t\t\t<p>\u00bfC\u00f3mo cumplimos con nuestros valores todos los d\u00edas? Nos recordamos nuestro compromiso con nuestros clientes, nuestros productos y nuestra gente, y eso les da a todos en Tyse un orgulloso recordatorio de qui\u00e9nes nos esforzamos por ser.<\/p>\n<p><strong>Nuestra gente -<\/strong> Nuestro equipo trabajador est\u00e1 comprometido contigo. Usamos nuestra experiencia y conocimiento para hacer felices a nuestros clientes asegur\u00e1ndonos de que obtengan la mejor experiencia posible en nuestros supermercados \/ panader\u00edas.<\/p>\n<p><strong>Nuestros productos y servicios -<\/strong> Tyse crea dulces y otros productos horneados de gran valor, calidad y sabor para satisfacer las crecientes demandas de nuestros clientes. Nunca comprometemos la calidad.<\/p>\n<p><strong>Nuestros clientes -<\/strong> Prometemos demostrar nuestra dedicaci\u00f3n a nuestros clientes todos los d\u00edas, con cada interacci\u00f3n. Al brindar un soporte al cliente superior, queremos asegurarnos de que siempre tenga lo que necesita. Tyse te pone a ti primero.<\/p>\n\n\t\t<\/div>\n\t<\/div>\n<\/div><\/div><\/div><div class=\"wpb_column vc_column_container vc_col-sm-6\" ><div class=\"vc_column-inner\"  style=\"\"><div class=\"wpb_wrapper\"><style>.rella_vc_single_image-69d039a6c1aa9 figure img, .rella_vc_single_image-69d039a6c1aa9 figure svg{ max-width:1000px}<\/style>\r\n\t<div class=\"wpb_single_image wpb_content_element vc_align_center  rella_vc_single_image-69d039a6c1aa9  invisible\" >\r\n\t\t\r\n\t\t<figure class=\"wpb_wrapper vc_figure\">\r\n\t\t\t<div class=\"vc_single_image-wrapper   vc_box_border_grey\"><img data-rjs=\"\" class=\"vc_img-placeholder vc_single_image-img\"  src=\"https:\/\/tyselimited.com\/wp-content\/plugins\/js_composer\/assets\/vc\/no_image.png\" \/><\/div>\r\n\t\t<\/figure>\r\n\t<\/div>\r\n<\/div><\/div><\/div><script type=\"text\/javascript\">(function($) {$(\"head\").append(\"<style>.rella-row-shadowbox-69d039a6c12fa{-webkit-box-shadow:;-moz-box-shadow:;box-shadow:;}<\/style>\");})(jQuery);<\/script><\/div><div class=\"vc_row-full-width vc_clearfix\"><\/div><div id=\"shopfooter\" data-vc-full-width=\"true\" data-vc-full-width-init=\"false\" data-row-brightness=\"light\" class=\"vc_row wpb_row vc_row-fluid rella-row-shadowbox-69d039a6c1bf4\" style=\"\"><div class=\"wpb_column vc_column_container vc_col-sm-12\" ><div class=\"vc_column-inner\"  style=\"\"><div class=\"wpb_wrapper\"><h2 style=\"text-align: center\" class=\"vc_custom_heading\"  >\u00bfListo para comprar?<\/h2>\n\t<div class=\"wpb_text_column wpb_content_element\" >\n\t\t<div class=\"wpb_wrapper\">\n\t\t\t<p style=\"text-align: center;\">Tenemos muchas bondades esper\u00e1ndote.<\/p>\n\n\t\t<\/div>\n\t<\/div>\n<div class=\"vc_btn3-container vc_btn3-center\" ><a class=\"vc_general vc_btn3 vc_btn3-size-md vc_btn3-shape-square vc_btn3-style-flat vc_btn3-color-grey\" href=\"http:\/\/tyselimited.com\/co\/shop\/\" title=\"\">Compra ahora<\/a><\/div><\/div><\/div><\/div><script type=\"text\/javascript\">(function($) {$(\"head\").append(\"<style>.rella-row-shadowbox-69d039a6c1bf4{-webkit-box-shadow:;-moz-box-shadow:;box-shadow:;}<\/style>\");})(jQuery);<\/script><\/div><div class=\"vc_row-full-width vc_clearfix\"><\/div>","protected":false},"excerpt":{"rendered":"Tyse Supermarket & Bakery Your one-stop shop for everything grocery At Tyse, we know that our customers and families everywhere count on us to deliver outstanding products. That\u2019s why we combine unmatched international manufacturing and distribution capabilities with our expertise, commitment and innovation to keep our supermarkets and bakery up to the highest standard. HOW [...]","protected":false},"author":1,"featured_media":0,"parent":0,"menu_order":0,"comment_status":"closed","ping_status":"closed","template":"","meta":[],"_links":{"self":[{"href":"https:\/\/tyselimited.com\/co\/wp-json\/wp\/v2\/pages\/71"}],"collection":[{"href":"https:\/\/tyselimited.com\/co\/wp-json\/wp\/v2\/pages"}],"about":[{"href":"https:\/\/tyselimited.com\/co\/wp-json\/wp\/v2\/types\/page"}],"author":[{"embeddable":true,"href":"https:\/\/tyselimited.com\/co\/wp-json\/wp\/v2\/users\/1"}],"replies":[{"embeddable":true,"href":"https:\/\/tyselimited.com\/co\/wp-json\/wp\/v2\/comments?post=71"}],"version-history":[{"count":7,"href":"https:\/\/tyselimited.com\/co\/wp-json\/wp\/v2\/pages\/71\/revisions"}],"predecessor-version":[{"id":425,"href":"https:\/\/tyselimited.com\/co\/wp-json\/wp\/v2\/pages\/71\/revisions\/425"}],"wp:attachment":[{"href":"https:\/\/tyselimited.com\/co\/wp-json\/wp\/v2\/media?parent=71"}],"curies":[{"name":"wp","href":"https:\/\/api.w.org\/{rel}","templated":true}]}}