{"id":74,"date":"2020-07-28T23:30:46","date_gmt":"2020-07-28T23:30:46","guid":{"rendered":"http:\/\/tyselimited.com\/?page_id=74"},"modified":"2020-08-25T12:47:59","modified_gmt":"2020-08-25T12:47:59","slug":"tyse-farms","status":"publish","type":"page","link":"https:\/\/tyselimited.com\/co\/tyse-farms\/","title":{"rendered":"Tyse Farms"},"content":{"rendered":"<div id=\"hero\" data-vc-full-width=\"true\" data-vc-full-width-init=\"false\" data-row-brightness=\"light\" class=\"vc_row wpb_row vc_row-fluid rella-row-shadowbox-69d039f4a41e1 vc_row-o-full-height vc_row-o-columns-middle vc_row-flex\" style=\"\"><div class=\"wpb_column vc_column_container vc_col-sm-6\" ><div class=\"vc_column-inner\"  style=\"\"><div class=\"wpb_wrapper\"><h2 style=\"color: #ffffff;text-align: left\" class=\"vc_custom_heading\"  >Tyse Farms<\/h2>\n\t<div class=\"wpb_text_column wpb_content_element\" >\n\t\t<div class=\"wpb_wrapper\">\n\t\t\t<p><em>Estamos transformando el paisaje agr\u00edcola<\/em><\/p>\n\n\t\t<\/div>\n\t<\/div>\n\n\t<div class=\"wpb_text_column wpb_content_element\" >\n\t\t<div class=\"wpb_wrapper\">\n\t\t\t<p>Tyse Farms tiene la misi\u00f3n de transformar la agricultura en Nigeria mediante la construcci\u00f3n y operaci\u00f3n de granjas ambientalmente responsables en todo el pa\u00eds para permitir la producci\u00f3n local a una escala masiva y nutrir a nuestras comunidades con alimentos seguros, nutritivos y deliciosos.<\/p>\n\n\t\t<\/div>\n\t<\/div>\n<\/div><\/div><\/div><div class=\"wpb_column vc_column_container vc_col-sm-6\" ><div class=\"vc_column-inner\"  style=\"\"><div class=\"wpb_wrapper\">\r\n\t<div class=\"wpb_single_image wpb_content_element vc_align_center\" >\r\n\t\t\r\n\t\t<figure class=\"wpb_wrapper vc_figure\">\r\n\t\t\t<div class=\"vc_single_image-wrapper   vc_box_border_grey\"><img data-rjs=\"https:\/\/tyselimited.com\/wp-content\/TyseLimited\/Assets\/tysefarms.png\" width=\"994\" height=\"632\" src=\"https:\/\/tyselimited.com\/wp-content\/TyseLimited\/Assets\/tysefarms.png\" class=\"vc_single_image-img attachment-full\" alt=\"\" decoding=\"async\" loading=\"lazy\" title=\"tysefarms\" srcset=\"https:\/\/tyselimited.com\/wp-content\/TyseLimited\/Assets\/tysefarms.png 994w, https:\/\/tyselimited.com\/wp-content\/TyseLimited\/Assets\/tysefarms-300x191.png 300w, https:\/\/tyselimited.com\/wp-content\/TyseLimited\/Assets\/tysefarms-768x488.png 768w\" sizes=\"(max-width: 994px) 100vw, 994px\" \/><\/div>\r\n\t\t<\/figure>\r\n\t<\/div>\r\n<\/div><\/div><\/div><script type=\"text\/javascript\">(function($) {$(\"head\").append(\"<style>.rella-row-shadowbox-69d039f4a41e1{-webkit-box-shadow:;-moz-box-shadow:;box-shadow:;}<\/style>\");})(jQuery);<\/script><\/div><div class=\"vc_row-full-width vc_clearfix\"><\/div><div id=\"belowhero\" data-vc-full-width=\"true\" data-vc-full-width-init=\"false\" data-row-brightness=\"light\" class=\"vc_row wpb_row vc_row-fluid rella-row-shadowbox-69d039f4a53f2\" style=\"\"><div class=\"wpb_column vc_column_container vc_col-sm-3\" ><div class=\"vc_column-inner\"  style=\"\"><div class=\"wpb_wrapper\"><\/div><\/div><\/div><div class=\"wpb_column vc_column_container vc_col-sm-6\" ><div class=\"vc_column-inner\"  style=\"\"><div class=\"wpb_wrapper\"><h4 style=\"text-align: center\" class=\"vc_custom_heading\"  >SOMOS TYSE FARMS<\/h4>\n\t<div class=\"wpb_text_column wpb_content_element\" >\n\t\t<div class=\"wpb_wrapper\">\n\t\t\t<p>Tyse Farms is one of the largest farms in the country with over 100 hectares of agricultural land. We are an integrated organic far engaged in organic farming of various agricultural products including food crops, vegetables and fruits. We are also engaged in livestock farming including fishery, poultry and cow rearing.<\/p>\n<p>En Tyse Farms, solo cultivamos alimentos naturales, alimentos org\u00e1nicos y alimentos integrales sin fertilizantes ni productos qu\u00edmicos artificiales. Nuestros productos agr\u00edcolas est\u00e1n disponibles para la venta en nuestros diversos supermercados y m\u00e1s all\u00e1.<\/p>\n\n\t\t<\/div>\n\t<\/div>\n<\/div><\/div><\/div><div class=\"wpb_column vc_column_container vc_col-sm-3\" ><div class=\"vc_column-inner\"  style=\"\"><div class=\"wpb_wrapper\"><\/div><\/div><\/div><script type=\"text\/javascript\">(function($) {$(\"head\").append(\"<style>.rella-row-shadowbox-69d039f4a53f2{-webkit-box-shadow:;-moz-box-shadow:;box-shadow:;}<\/style>\");})(jQuery);<\/script><\/div><div class=\"vc_row-full-width vc_clearfix\"><\/div><div id=\"improvingagricultural\" data-vc-full-width=\"true\" data-vc-full-width-init=\"false\" data-row-brightness=\"light\" class=\"vc_row wpb_row vc_row-fluid rella-row-shadowbox-69d039f4a59d4 vc_row-o-content-middle vc_row-flex\" style=\"\"><div class=\"wpb_column vc_column_container vc_col-sm-6\" ><div class=\"vc_column-inner\"  style=\"\"><div class=\"wpb_wrapper\"><style>.rella_vc_single_image-69d039f4a5c1e figure img, .rella_vc_single_image-69d039f4a5c1e figure svg{ max-width:1000px}<\/style>\r\n\t<div class=\"wpb_single_image wpb_content_element vc_align_center  rella_vc_single_image-69d039f4a5c1e  invisible\" >\r\n\t\t\r\n\t\t<figure class=\"wpb_wrapper vc_figure\">\r\n\t\t\t<div class=\"vc_single_image-wrapper   vc_box_border_grey\"><img data-rjs=\"\" class=\"vc_img-placeholder vc_single_image-img\"  src=\"https:\/\/tyselimited.com\/wp-content\/plugins\/js_composer\/assets\/vc\/no_image.png\" \/><\/div>\r\n\t\t<\/figure>\r\n\t<\/div>\r\n<\/div><\/div><\/div><div class=\"wpb_column vc_column_container vc_col-sm-6\" ><div class=\"vc_column-inner\"  style=\"\"><div class=\"wpb_wrapper\"><h2 style=\"text-align: left\" class=\"vc_custom_heading\"  >Mejora del rendimiento agr\u00edcola. Un paso a la vez.<\/h2>\n\t<div class=\"wpb_text_column wpb_content_element\" >\n\t\t<div class=\"wpb_wrapper\">\n\t\t\t<p>\u00bfSab\u00eda que para el 2050, necesitaremos producir 70% m\u00e1s alimentos para alimentar a una poblaci\u00f3n mundial estimada de 10 mil millones? Tal como est\u00e1 actualmente, nuestro sistema agr\u00edcola no puede alimentar de manera sostenible a tantas personas, la mayor\u00eda de las cuales vivir\u00e1n en \u00e1reas urbanas. Para alimentar el futuro, la agricultura debe apuntar m\u00e1s alto.<\/p>\n<p>Aceleramos la transformaci\u00f3n agr\u00edcola optimizando los rendimientos, navegando por las tendencias agr\u00edcolas disruptivas y prepar\u00e1ndonos proactivamente para los cambios a trav\u00e9s de an\u00e1lisis avanzados y d\u00e9cadas de experiencia. Nuestro equipo de expertos en Tyse Farms trabaja las 24 horas del d\u00eda para garantizar que nuestras granjas est\u00e9n funcionando al nivel \u00f3ptimo 100% en todo momento.<\/p>\n\n\t\t<\/div>\n\t<\/div>\n<\/div><\/div><\/div><script type=\"text\/javascript\">(function($) {$(\"head\").append(\"<style>.rella-row-shadowbox-69d039f4a59d4{-webkit-box-shadow:;-moz-box-shadow:;box-shadow:;}<\/style>\");})(jQuery);<\/script><\/div><div class=\"vc_row-full-width vc_clearfix\"><\/div>","protected":false},"excerpt":{"rendered":"Tyse Farms We\u2019re transforming the agricultural landscape Tyse Farms is on a mission to transform agriculture in Nigeria by building and operating environmentally responsible farms throughout the country to enable local production at a massive scale and nourish our communities with safe, nutritious, and delicious food. WE ARE TYSE FARMS Tyse Farms is one of [...]","protected":false},"author":1,"featured_media":0,"parent":0,"menu_order":0,"comment_status":"closed","ping_status":"closed","template":"","meta":[],"_links":{"self":[{"href":"https:\/\/tyselimited.com\/co\/wp-json\/wp\/v2\/pages\/74"}],"collection":[{"href":"https:\/\/tyselimited.com\/co\/wp-json\/wp\/v2\/pages"}],"about":[{"href":"https:\/\/tyselimited.com\/co\/wp-json\/wp\/v2\/types\/page"}],"author":[{"embeddable":true,"href":"https:\/\/tyselimited.com\/co\/wp-json\/wp\/v2\/users\/1"}],"replies":[{"embeddable":true,"href":"https:\/\/tyselimited.com\/co\/wp-json\/wp\/v2\/comments?post=74"}],"version-history":[{"count":4,"href":"https:\/\/tyselimited.com\/co\/wp-json\/wp\/v2\/pages\/74\/revisions"}],"predecessor-version":[{"id":422,"href":"https:\/\/tyselimited.com\/co\/wp-json\/wp\/v2\/pages\/74\/revisions\/422"}],"wp:attachment":[{"href":"https:\/\/tyselimited.com\/co\/wp-json\/wp\/v2\/media?parent=74"}],"curies":[{"name":"wp","href":"https:\/\/api.w.org\/{rel}","templated":true}]}}