{"id":241,"date":"2020-08-04T00:38:04","date_gmt":"2020-08-04T00:38:04","guid":{"rendered":"http:\/\/tyselimited.com\/?page_id=241"},"modified":"2020-08-16T13:52:58","modified_gmt":"2020-08-16T13:52:58","slug":"diversity-inclusion","status":"publish","type":"page","link":"https:\/\/tyselimited.com\/de\/diversity-inclusion\/","title":{"rendered":"Vielfalt &amp; Inklusion"},"content":{"rendered":"<div id=\"hero\" data-vc-full-width=\"true\" data-vc-full-width-init=\"false\" data-row-brightness=\"light\" class=\"vc_row wpb_row vc_row-fluid rella-row-shadowbox-69d0378a57353 vc_row-o-full-height vc_row-o-columns-middle vc_row-flex\" style=\"\"><div class=\"wpb_column vc_column_container vc_col-sm-6\" ><div class=\"vc_column-inner\"  style=\"\"><div class=\"wpb_wrapper\"><h2 style=\"color: #ffffff;text-align: left\" class=\"vc_custom_heading\"  >Vielfalt &amp; Inklusion<\/h2>\n\t<div class=\"wpb_text_column wpb_content_element\" >\n\t\t<div class=\"wpb_wrapper\">\n\t\t\t<p>Wir glauben an die Schaffung einer integrativen Kultur, in der Sie gedeihen k\u00f6nnen. Das heutige Talent ist vielf\u00e4ltiger als je zuvor. Ein integratives Arbeitsumfeld ist der Schl\u00fcssel zur Innovation, Entwicklung und Bindung dieses Talents.<\/p>\n\n\t\t<\/div>\n\t<\/div>\n<\/div><\/div><\/div><div class=\"wpb_column vc_column_container vc_col-sm-6\" ><div class=\"vc_column-inner\"  style=\"\"><div class=\"wpb_wrapper\">\r\n\t<div class=\"wpb_single_image wpb_content_element vc_align_center\" >\r\n\t\t\r\n\t\t<figure class=\"wpb_wrapper vc_figure\">\r\n\t\t\t<div class=\"vc_single_image-wrapper   vc_box_border_grey\"><img data-rjs=\"https:\/\/tyselimited.com\/wp-content\/TyseLimited\/Assets\/diversity-hero.png\" width=\"656\" height=\"667\" src=\"https:\/\/tyselimited.com\/wp-content\/TyseLimited\/Assets\/diversity-hero.png\" class=\"vc_single_image-img attachment-full\" alt=\"\" decoding=\"async\" loading=\"lazy\" title=\"diversity-hero\" srcset=\"https:\/\/tyselimited.com\/wp-content\/TyseLimited\/Assets\/diversity-hero.png 656w, https:\/\/tyselimited.com\/wp-content\/TyseLimited\/Assets\/diversity-hero-295x300.png 295w\" sizes=\"(max-width: 656px) 100vw, 656px\" \/><\/div>\r\n\t\t<\/figure>\r\n\t<\/div>\r\n<\/div><\/div><\/div><script type=\"text\/javascript\">(function($) {$(\"head\").append(\"<style>.rella-row-shadowbox-69d0378a57353{-webkit-box-shadow:;-moz-box-shadow:;box-shadow:;}<\/style>\");})(jQuery);<\/script><\/div><div class=\"vc_row-full-width vc_clearfix\"><\/div><div id=\"belowhero\" data-vc-full-width=\"true\" data-vc-full-width-init=\"false\" data-row-brightness=\"light\" class=\"vc_row wpb_row vc_row-fluid rella-row-shadowbox-69d0378a58b50 vc_row-o-content-middle vc_row-flex\" style=\"\"><div class=\"wpb_column vc_column_container vc_col-sm-2\" ><div class=\"vc_column-inner\"  style=\"\"><div class=\"wpb_wrapper\"><\/div><\/div><\/div><div class=\"wpb_column vc_column_container vc_col-sm-8\" ><div class=\"vc_column-inner\"  style=\"\"><div class=\"wpb_wrapper\">\n\t<div class=\"wpb_text_column wpb_content_element\" >\n\t\t<div class=\"wpb_wrapper\">\n\t\t\t<p>Jeden Tag arbeiten wir daran, ein Umfeld zu schaffen, in dem sich alle Mitarbeiter gesch\u00e4tzt und einbezogen f\u00fchlen und in der Lage sind, ihre Talente als Einzelpersonen und als Teil eines kollaborativen Teams zu f\u00f6rdern.<\/p>\n<p>Diversity &amp; Inclusitivity bei Tyse Group bringt bemerkenswerte Menschen zusammen und erm\u00f6glicht es ihnen, sich selbst zu sein - die Vielfalt der Talente, Denkweisen, Perspektiven, Qualit\u00e4ten, F\u00e4higkeiten und Attribute unserer Mitarbeiter und Gesch\u00e4ftspartner macht uns einzigartig und tr\u00e4gt zu Kreativit\u00e4t, Innovation und nachhaltiger Gesch\u00e4ftserfolg.<\/p>\n<p>Bei der Tyse Group k\u00f6nnen Sie Ihre F\u00e4higkeiten und Kenntnisse als Teil eines kollaborativen Teams anwenden und weiterentwickeln, das zum Aufbau einer besseren Zukunft beitr\u00e4gt.<\/p>\n\n\t\t<\/div>\n\t<\/div>\n<\/div><\/div><\/div><div class=\"wpb_column vc_column_container vc_col-sm-2\" ><div class=\"vc_column-inner\"  style=\"\"><div class=\"wpb_wrapper\"><\/div><\/div><\/div><script type=\"text\/javascript\">(function($) {$(\"head\").append(\"<style>.rella-row-shadowbox-69d0378a58b50{-webkit-box-shadow:;-moz-box-shadow:;box-shadow:;}<\/style>\");})(jQuery);<\/script><\/div><div class=\"vc_row-full-width vc_clearfix\"><\/div><div id=\"insidetyse\" data-vc-full-width=\"true\" data-vc-full-width-init=\"false\" data-row-brightness=\"light\" class=\"vc_row wpb_row vc_row-fluid rella-row-shadowbox-69d0378a59484\" style=\"\"><div class=\"wpb_column vc_column_container vc_col-sm-12\" ><div class=\"vc_column-inner\"  style=\"\"><div class=\"wpb_wrapper\"><h2 style=\"text-align: center\" class=\"vc_custom_heading\"  >INSIDE TYSE GROUP<\/h2><div id=\"ourdiverseoptions\" class=\"vc_row wpb_row vc_inner vc_row-fluid\" style=\"background-attachment:;\"><div class=\"wpb_column vc_column_container vc_col-sm-4\" ><div class=\"vc_column-inner\" style=\"\"><div class=\"wpb_wrapper\">\r\n\t<div class=\"wpb_single_image wpb_content_element vc_align_center\" >\r\n\t\t\r\n\t\t<figure class=\"wpb_wrapper vc_figure\">\r\n\t\t\t<div class=\"vc_single_image-wrapper   vc_box_border_grey\"><img data-rjs=\"https:\/\/tyselimited.com\/wp-content\/TyseLimited\/Assets\/multicultural.jpg\" width=\"1000\" height=\"700\" src=\"https:\/\/tyselimited.com\/wp-content\/TyseLimited\/Assets\/multicultural.jpg\" class=\"vc_single_image-img attachment-full\" alt=\"\" decoding=\"async\" loading=\"lazy\" title=\"multicultural\" srcset=\"https:\/\/tyselimited.com\/wp-content\/TyseLimited\/Assets\/multicultural.jpg 1000w, https:\/\/tyselimited.com\/wp-content\/TyseLimited\/Assets\/multicultural-300x210.jpg 300w, https:\/\/tyselimited.com\/wp-content\/TyseLimited\/Assets\/multicultural-768x538.jpg 768w\" sizes=\"(max-width: 1000px) 100vw, 1000px\" \/><\/div>\r\n\t\t<\/figure>\r\n\t<\/div>\r\n<h3 style=\"text-align: left\" class=\"vc_custom_heading\"  >Ein multikultureller Arbeitsbereich<\/h3>\n\t<div class=\"wpb_text_column wpb_content_element\" >\n\t\t<div class=\"wpb_wrapper\">\n\t\t\t<p>Wir ziehen weiterhin talentierte Menschen aus dem ganzen Land an und inspirieren sie. Unsere Mitarbeiter kommen aus allen Teilen des Landes und schaffen so einen multikulturellen Arbeitsplatz.<\/p>\n<p>.<\/p>\n<p>.<\/p>\n\n\t\t<\/div>\n\t<\/div>\n<\/div><\/div><\/div><div class=\"wpb_column vc_column_container vc_col-sm-4\" ><div class=\"vc_column-inner\" style=\"\"><div class=\"wpb_wrapper\">\r\n\t<div class=\"wpb_single_image wpb_content_element vc_align_center\" >\r\n\t\t\r\n\t\t<figure class=\"wpb_wrapper vc_figure\">\r\n\t\t\t<div class=\"vc_single_image-wrapper   vc_box_border_grey\"><img data-rjs=\"https:\/\/tyselimited.com\/wp-content\/TyseLimited\/Assets\/womeninclusion.jpg\" width=\"1000\" height=\"700\" src=\"https:\/\/tyselimited.com\/wp-content\/TyseLimited\/Assets\/womeninclusion.jpg\" class=\"vc_single_image-img attachment-full\" alt=\"\" decoding=\"async\" loading=\"lazy\" title=\"womeninclusion\" srcset=\"https:\/\/tyselimited.com\/wp-content\/TyseLimited\/Assets\/womeninclusion.jpg 1000w, https:\/\/tyselimited.com\/wp-content\/TyseLimited\/Assets\/womeninclusion-300x210.jpg 300w, https:\/\/tyselimited.com\/wp-content\/TyseLimited\/Assets\/womeninclusion-768x538.jpg 768w\" sizes=\"(max-width: 1000px) 100vw, 1000px\" \/><\/div>\r\n\t\t<\/figure>\r\n\t<\/div>\r\n<h3 style=\"text-align: left\" class=\"vc_custom_heading\"  >Frauen als treibende Kraft<\/h3>\n\t<div class=\"wpb_text_column wpb_content_element\" >\n\t\t<div class=\"wpb_wrapper\">\n\t\t\t<p>Durch die St\u00e4rkung von Frauen an unseren Arbeitspl\u00e4tzen m\u00f6chten wir sicherstellen, dass die Chancen f\u00fcr M\u00e4nner und Frauen gleich sind. Seit 2012 setzen wir uns f\u00fcr den Aufbau einer ausgewogenen Organisation ein.<\/p>\n<p>.<\/p>\n\n\t\t<\/div>\n\t<\/div>\n<\/div><\/div><\/div><div class=\"wpb_column vc_column_container vc_col-sm-4\" ><div class=\"vc_column-inner\" style=\"\"><div class=\"wpb_wrapper\">\r\n\t<div class=\"wpb_single_image wpb_content_element vc_align_center\" >\r\n\t\t\r\n\t\t<figure class=\"wpb_wrapper vc_figure\">\r\n\t\t\t<div class=\"vc_single_image-wrapper   vc_box_border_grey\"><img data-rjs=\"https:\/\/tyselimited.com\/wp-content\/TyseLimited\/Assets\/Disability-Inclusion.jpg\" width=\"1000\" height=\"700\" src=\"https:\/\/tyselimited.com\/wp-content\/TyseLimited\/Assets\/Disability-Inclusion.jpg\" class=\"vc_single_image-img attachment-full\" alt=\"\" decoding=\"async\" loading=\"lazy\" title=\"Disability-Inclusion\" srcset=\"https:\/\/tyselimited.com\/wp-content\/TyseLimited\/Assets\/Disability-Inclusion.jpg 1000w, https:\/\/tyselimited.com\/wp-content\/TyseLimited\/Assets\/Disability-Inclusion-300x210.jpg 300w, https:\/\/tyselimited.com\/wp-content\/TyseLimited\/Assets\/Disability-Inclusion-768x538.jpg 768w\" sizes=\"(max-width: 1000px) 100vw, 1000px\" \/><\/div>\r\n\t\t<\/figure>\r\n\t<\/div>\r\n<h3 style=\"text-align: left\" class=\"vc_custom_heading\"  >Empowering persons with disabilities<\/h3>\n\t<div class=\"wpb_text_column wpb_content_element\" >\n\t\t<div class=\"wpb_wrapper\">\n\t\t\t<p>At Tyse, we are committed to accelerating equality for all and to creating an inclusive, accessible workplace that supports persons with disabilities. It presents us with unique opportunities in labor-force diversity and corporate culture.<\/p>\n\n\t\t<\/div>\n\t<\/div>\n<\/div><\/div><\/div><\/div><\/div><\/div><\/div><script type=\"text\/javascript\">(function($) {$(\"head\").append(\"<style>.rella-row-shadowbox-69d0378a59484{-webkit-box-shadow:;-moz-box-shadow:;box-shadow:;}<\/style>\");})(jQuery);<\/script><\/div><div class=\"vc_row-full-width vc_clearfix\"><\/div><div id=\"diversefooter\" data-vc-full-width=\"true\" data-vc-full-width-init=\"false\" data-row-brightness=\"light\" class=\"vc_row wpb_row vc_row-fluid rella-row-shadowbox-69d0378a5b8db vc_row-o-content-middle vc_row-flex\" style=\"\"><div class=\"wpb_column vc_column_container vc_col-sm-8\" ><div class=\"vc_column-inner\"  style=\"\"><div class=\"wpb_wrapper\"><h2 style=\"text-align: left\" class=\"vc_custom_heading\"  >Kommen Sie und sehen Sie, wie es ist, an einem vielf\u00e4ltigen und integrativen Arbeitsplatz zu arbeiten.<\/h2><\/div><\/div><\/div><div class=\"wpb_column vc_column_container vc_col-sm-4\" ><div class=\"vc_column-inner\"  style=\"\"><div class=\"wpb_wrapper\"><style>.searchcbtn{border-color:!important;}<\/style><a href=\"https:\/\/tyselimited.com\/de\/careers\/listings\/\" class=\"btn btn-default border-thin searchcbtn icon-left\" >\n\t\t\t\t<span>\n\t<i class=\"icon-search\"><\/i>Search careers\t<\/span>\n<\/a>\n<\/div><\/div><\/div><script type=\"text\/javascript\">(function($) {$(\"head\").append(\"<style>.rella-row-shadowbox-69d0378a5b8db{-webkit-box-shadow:;-moz-box-shadow:;box-shadow:;}<\/style>\");})(jQuery);<\/script><\/div><div class=\"vc_row-full-width vc_clearfix\"><\/div>","protected":false},"excerpt":{"rendered":"Diversity &amp; Inclusion We believe in creating an inclusive culture where you can thrive. Today\u2019s talent is more diverse than ever before. An inclusive work environment is key to innovating, developing and retaining that talent. Every day we work to provide an environment where all employees feel valued and included, able to nurture their talent [...]","protected":false},"author":1,"featured_media":0,"parent":0,"menu_order":0,"comment_status":"closed","ping_status":"closed","template":"","meta":[],"_links":{"self":[{"href":"https:\/\/tyselimited.com\/de\/wp-json\/wp\/v2\/pages\/241"}],"collection":[{"href":"https:\/\/tyselimited.com\/de\/wp-json\/wp\/v2\/pages"}],"about":[{"href":"https:\/\/tyselimited.com\/de\/wp-json\/wp\/v2\/types\/page"}],"author":[{"embeddable":true,"href":"https:\/\/tyselimited.com\/de\/wp-json\/wp\/v2\/users\/1"}],"replies":[{"embeddable":true,"href":"https:\/\/tyselimited.com\/de\/wp-json\/wp\/v2\/comments?post=241"}],"version-history":[{"count":7,"href":"https:\/\/tyselimited.com\/de\/wp-json\/wp\/v2\/pages\/241\/revisions"}],"predecessor-version":[{"id":388,"href":"https:\/\/tyselimited.com\/de\/wp-json\/wp\/v2\/pages\/241\/revisions\/388"}],"wp:attachment":[{"href":"https:\/\/tyselimited.com\/de\/wp-json\/wp\/v2\/media?parent=241"}],"curies":[{"name":"wp","href":"https:\/\/api.w.org\/{rel}","templated":true}]}}