{"id":25,"date":"2020-07-28T01:24:37","date_gmt":"2020-07-28T01:24:37","guid":{"rendered":"http:\/\/tyselimited.com\/?page_id=25"},"modified":"2020-08-16T13:22:36","modified_gmt":"2020-08-16T13:22:36","slug":"home","status":"publish","type":"page","link":"https:\/\/tyselimited.com\/de\/","title":{"rendered":"Zuhause"},"content":{"rendered":"<div id=\"homeslider\" data-vc-full-width=\"true\" data-vc-full-width-init=\"false\" data-row-brightness=\"light\" class=\"vc_row wpb_row vc_row-fluid rella-row-shadowbox-69d0258f5f45c vc_row-o-full-height vc_row-o-columns-middle vc_row-flex\" style=\"\"><div class=\"wpb_column vc_column_container vc_col-sm-12\" ><div class=\"vc_column-inner\"  style=\"\"><div class=\"wpb_wrapper\"><\/div><\/div><\/div><script type=\"text\/javascript\">(function($) {$(\"head\").append(\"<style>.rella-row-shadowbox-69d0258f5f45c{-webkit-box-shadow:;-moz-box-shadow:;box-shadow:;}<\/style>\");})(jQuery);<\/script><\/div><div class=\"vc_row-full-width vc_clearfix\"><\/div><div id=\"creatingvalue\" data-vc-full-width=\"true\" data-vc-full-width-init=\"false\" data-row-brightness=\"light\" class=\"vc_row wpb_row vc_row-fluid rella-row-shadowbox-69d0258f5fb8b vc_row-o-full-height vc_row-o-columns-middle vc_row-flex\" style=\"\"><div class=\"wpb_column vc_column_container vc_col-sm-6\" ><div class=\"vc_column-inner\"  style=\"\"><div class=\"wpb_wrapper\"><style>.rella_vc_single_image-69d0258f5ff43 figure img, .rella_vc_single_image-69d0258f5ff43 figure svg{ max-width:900px}<\/style>\r\n\t<div class=\"wpb_single_image wpb_content_element vc_align_center  rella_vc_single_image-69d0258f5ff43  invisible\" >\r\n\t\t\r\n\t\t<figure class=\"wpb_wrapper vc_figure\">\r\n\t\t\t<div class=\"vc_single_image-wrapper   vc_box_border_grey\"><img data-rjs=\"\" class=\"vc_img-placeholder vc_single_image-img\"  src=\"https:\/\/tyselimited.com\/wp-content\/plugins\/js_composer\/assets\/vc\/no_image.png\" \/><\/div>\r\n\t\t<\/figure>\r\n\t<\/div>\r\n<\/div><\/div><\/div><div class=\"wpb_column vc_column_container vc_col-sm-6\" ><div class=\"vc_column-inner\"  style=\"\"><div class=\"wpb_wrapper\"><h2 style=\"text-align: left\" class=\"vc_custom_heading\"  >Wertsch\u00f6pfung auf h\u00f6chstem Niveau<\/h2>\n\t<div class=\"wpb_text_column wpb_content_element\" >\n\t\t<div class=\"wpb_wrapper\">\n\t\t\t<p>Mit erstklassigen Dienstleistungen, die von unseren Mitgliedsunternehmen angeboten werden, definieren wir Industriestandards weiterhin neu, indem wir st\u00e4ndig nach neuen Ideen suchen und diese umsetzen. Wir verf\u00fcgen \u00fcber die technische Kompetenz, die finanzielle Unterst\u00fctzung sowie nationale und internationale Partnerschaften, die f\u00fcr ein schnelles Wachstum und die Umsetzung unserer Vision, Probleme zu l\u00f6sen, Menschen zu bef\u00e4higen und Werte zu schaffen, relevant sind.<\/p>\n\n\t\t<\/div>\n\t<\/div>\n<style>.ra_button_69d0258f604f4 i{color:#00a9f4;}.ra_button_69d0258f604f4{border-color: !important;color:#00a9f4 !important;}.ra_button_69d0258f604f4:focus,.ra_button_69d0258f604f4:hover{color:#052452 !important;}<\/style><a href=\"https:\/\/tyselimited.com\/de\/companies\/\" title=\"Unternehmen\" class=\"btn btn-naked border-thin ra_button_69d0258f604f4\" >\n\t\t\t\t<span>\n\tExplore our business<i class=\"icon-arrow-right\"><\/i>\t<\/span>\n<\/a>\n<\/div><\/div><\/div><script type=\"text\/javascript\">(function($) {$(\"head\").append(\"<style>.rella-row-shadowbox-69d0258f5fb8b{-webkit-box-shadow:;-moz-box-shadow:;box-shadow:;}<\/style>\");})(jQuery);<\/script><\/div><div class=\"vc_row-full-width vc_clearfix\"><\/div><div id=\"clientcentric\" data-vc-full-width=\"true\" data-vc-full-width-init=\"false\" data-row-brightness=\"light\" class=\"vc_row wpb_row vc_row-fluid rella-row-shadowbox-69d0258f606f6 vc_row-o-full-height vc_row-o-columns-middle vc_row-flex\" style=\"\"><div class=\"wpb_column vc_column_container vc_col-sm-6\" ><div class=\"vc_column-inner\"  style=\"\"><div class=\"wpb_wrapper\"><h2 style=\"text-align: left\" class=\"vc_custom_heading\"  >Unser kundenorientiertes Unternehmen<\/h2>\n\t<div class=\"wpb_text_column wpb_content_element\" >\n\t\t<div class=\"wpb_wrapper\">\n\t\t\t<p>Eine Sache, die wir mehr sch\u00e4tzen als die Qualit\u00e4t unserer Arbeit bei Tyse, sind unsere Kunden - und wir haben unsere visuelle Identit\u00e4t aktualisiert, um dies widerzuspiegeln.<\/p>\n<p>Wir glauben, dass wir durch die Einbeziehung unserer Kunden in den Kern unseres Gesch\u00e4fts immer die bestm\u00f6glichen Erfahrungen liefern k\u00f6nnen - und das ist es, was wir bei Tyse jeden Tag anstreben.<\/p>\n\n\t\t<\/div>\n\t<\/div>\n<\/div><\/div><\/div><div class=\"wpb_column vc_column_container vc_col-sm-6\" ><div class=\"vc_column-inner\"  style=\"\"><div class=\"wpb_wrapper\"><style>.rella_vc_single_image-69d0258f60c6c figure img, .rella_vc_single_image-69d0258f60c6c figure svg{ max-width:900px}<\/style>\r\n\t<div class=\"wpb_single_image wpb_content_element vc_align_center  rella_vc_single_image-69d0258f60c6c  invisible\" >\r\n\t\t\r\n\t\t<figure class=\"wpb_wrapper vc_figure\">\r\n\t\t\t<div class=\"vc_single_image-wrapper   vc_box_border_grey\"><img data-rjs=\"\" class=\"vc_img-placeholder vc_single_image-img\"  src=\"https:\/\/tyselimited.com\/wp-content\/plugins\/js_composer\/assets\/vc\/no_image.png\" \/><\/div>\r\n\t\t<\/figure>\r\n\t<\/div>\r\n<\/div><\/div><\/div><script type=\"text\/javascript\">(function($) {$(\"head\").append(\"<style>.rella-row-shadowbox-69d0258f606f6{-webkit-box-shadow:;-moz-box-shadow:;box-shadow:;}<\/style>\");})(jQuery);<\/script><\/div><div class=\"vc_row-full-width vc_clearfix\"><\/div><div id=\"tyseculture\" data-vc-full-width=\"true\" data-vc-full-width-init=\"false\" data-row-brightness=\"light\" class=\"vc_row wpb_row vc_row-fluid rella-row-shadowbox-69d0258f60d3d vc_row-o-full-height vc_row-o-columns-middle vc_row-flex\" style=\"\"><div class=\"wpb_column vc_column_container vc_col-sm-6\" ><div class=\"vc_column-inner\"  style=\"\"><div class=\"wpb_wrapper\"><style>.rella_vc_single_image-69d0258f60fac figure img, .rella_vc_single_image-69d0258f60fac figure svg{ max-width:900px}<\/style>\r\n\t<div class=\"wpb_single_image wpb_content_element vc_align_center  rella_vc_single_image-69d0258f60fac  invisible\" >\r\n\t\t\r\n\t\t<figure class=\"wpb_wrapper vc_figure\">\r\n\t\t\t<div class=\"vc_single_image-wrapper   vc_box_border_grey\"><img data-rjs=\"\" class=\"vc_img-placeholder vc_single_image-img\"  src=\"https:\/\/tyselimited.com\/wp-content\/plugins\/js_composer\/assets\/vc\/no_image.png\" \/><\/div>\r\n\t\t<\/figure>\r\n\t<\/div>\r\n<\/div><\/div><\/div><div class=\"wpb_column vc_column_container vc_col-sm-6\" ><div class=\"vc_column-inner\"  style=\"\"><div class=\"wpb_wrapper\"><h2 style=\"text-align: left\" class=\"vc_custom_heading\"  >Die Tyse-Kultur.<\/h2>\n\t<div class=\"wpb_text_column wpb_content_element\" >\n\t\t<div class=\"wpb_wrapper\">\n\t\t\t<p>Die Tyse-Kultur ist nicht nur aufgrund der reichen Humanressourcen, aus denen unsere Belegschaft besteht, einzigartig, sondern auch aufgrund der Ethik des Engagements, des Einfallsreichtums und der Innovation, die hervorhebt, wie wir unser Wertversprechen erf\u00fcllen und gemeinsame Ziele erreichen.<\/p>\n<p>Wir raten nicht nach unserer Liebe zu dem, was wir sind und zu der Arbeit, die wir leisten. Der Stolz, den wir auf unsere Organisation und unsere Position als einer der f\u00fchrenden Anbieter in vielen Bereichen der nigerianischen Wirtschaft aus\u00fcben, ist eine unserer gr\u00f6\u00dften St\u00e4rken, die uns am Laufen halten.<\/p>\n\n\t\t<\/div>\n\t<\/div>\n<style>.ra_button_69d0258f612b8 i{color:#00a9f4;}.ra_button_69d0258f612b8{border-color: !important;color:#00a9f4 !important;}.ra_button_69d0258f612b8:focus,.ra_button_69d0258f612b8:hover{color:#052452 !important;}<\/style><a href=\"https:\/\/tyselimited.com\/de\/about-us\/#ownershipgrow\" title=\"\u00dcber uns\" class=\"btn btn-naked border-thin ra_button_69d0258f612b8\" >\n\t\t\t\t<span>\n\tOur people<i class=\"icon-arrow-right\"><\/i>\t<\/span>\n<\/a>\n<\/div><\/div><\/div><script type=\"text\/javascript\">(function($) {$(\"head\").append(\"<style>.rella-row-shadowbox-69d0258f60d3d{-webkit-box-shadow:;-moz-box-shadow:;box-shadow:;}<\/style>\");})(jQuery);<\/script><\/div><div class=\"vc_row-full-width vc_clearfix\"><\/div><div id=\"futuristicompany\" data-vc-full-width=\"true\" data-vc-full-width-init=\"false\" data-row-brightness=\"light\" class=\"vc_row wpb_row vc_row-fluid rella-row-shadowbox-69d0258f61425\" style=\"\"><div class=\"wpb_column vc_column_container vc_col-sm-12\" ><div class=\"vc_column-inner\"  style=\"\"><div class=\"wpb_wrapper\"><h2 style=\"text-align: center\" class=\"vc_custom_heading\"  >Ein Unternehmen, das f\u00fcr die Zukunft gebaut wurde.<\/h2><div class=\"vc_row wpb_row vc_inner vc_row-fluid\" style=\"background-attachment:;\"><div class=\"wpb_column vc_column_container vc_col-sm-3\" ><div class=\"vc_column-inner\" style=\"\"><div class=\"wpb_wrapper\"><\/div><\/div><\/div><div class=\"wpb_column vc_column_container vc_col-sm-6\" ><div class=\"vc_column-inner\" style=\"\"><div class=\"wpb_wrapper\">\n\t<div class=\"wpb_text_column wpb_content_element\" >\n\t\t<div class=\"wpb_wrapper\">\n\t\t\t<p style=\"text-align: center;\">Wir bei Tyse sind stets bem\u00fcht, in die neueste Technologie zu investieren, die unser Kundenerlebnis insgesamt verbessern und es uns erm\u00f6glichen kann, gro\u00dfartige Innovationen zu entwickeln.<\/p>\n<p style=\"text-align: center;\">Lesen Sie mehr dar\u00fcber, warum wir Technologie sch\u00e4tzen und wie sie unser Unternehmen f\u00fcr die Zukunft gestaltet.<\/p>\n\n\t\t<\/div>\n\t<\/div>\n<\/div><\/div><\/div><div class=\"wpb_column vc_column_container vc_col-sm-3\" ><div class=\"vc_column-inner\" style=\"\"><div class=\"wpb_wrapper\"><\/div><\/div><\/div><\/div><\/div><\/div><\/div><script type=\"text\/javascript\">(function($) {$(\"head\").append(\"<style>.rella-row-shadowbox-69d0258f61425{-webkit-box-shadow:;-moz-box-shadow:;box-shadow:;}<\/style>\");})(jQuery);<\/script><\/div><div class=\"vc_row-full-width vc_clearfix\"><\/div><div id=\"tyseandyou\" data-vc-full-width=\"true\" data-vc-full-width-init=\"false\" data-vc-stretch-content=\"true\" data-row-brightness=\"light\" class=\"vc_row wpb_row vc_row-fluid rella-row-shadowbox-69d0258f61d7c vc_row-o-content-middle vc_row-flex\" style=\"\"><div class=\"wpb_column vc_column_container vc_col-sm-6\" ><div class=\"vc_column-inner\"  style=\"\"><div class=\"wpb_wrapper\"><h2 style=\"text-align: left\" class=\"vc_custom_heading\"  >Tyse &amp; Du<\/h2>\n\t<div class=\"wpb_text_column wpb_content_element\" >\n\t\t<div class=\"wpb_wrapper\">\n\t\t\t<p>Machen Sie Ihre beste Arbeit mit den besten Leuten in einem vielf\u00e4ltigen und integrativen Unternehmen.<\/p>\n\n\t\t<\/div>\n\t<\/div>\n<style>.ra_button_69d0258f621b9 i{color:#00a9f4;}.ra_button_69d0258f621b9{border-color: !important;color:#052452 !important;}.ra_button_69d0258f621b9:focus,.ra_button_69d0258f621b9:hover{color:#00a9f4 !important;}<\/style><a href=\"https:\/\/tyselimited.com\/de\/careers\/\" title=\"Karriere\" class=\"btn btn-naked border-thin ra_button_69d0258f621b9\" >\n\t\t\t\t<span>\n\tKarriere<i class=\"icon-arrow-right\"><\/i>\t<\/span>\n<\/a>\n<div class=\"vc_row wpb_row vc_inner vc_row-fluid\" style=\"background-attachment:;\"><div class=\"wpb_column vc_column_container vc_col-sm-12\" ><div class=\"vc_column-inner\" style=\"\"><div class=\"wpb_wrapper\"><style>.ra_button_69d0258f62500 i{color:#00a9f4;}.ra_button_69d0258f62500{border-color: !important;color:#052452 !important;}.ra_button_69d0258f62500:focus,.ra_button_69d0258f62500:hover{color:#00a9f4 !important;}<\/style><a href=\"https:\/\/tyselimited.com\/de\/careers\/listings\/\" class=\"btn btn-naked border-thin ra_button_69d0258f62500\" >\n\t\t\t\t<span>\n\tSearch and apply<i class=\"icon-arrow-right\"><\/i>\t<\/span>\n<\/a>\n<\/div><\/div><\/div><\/div><\/div><\/div><\/div><div class=\"wpb_column vc_column_container vc_col-sm-6\" ><div class=\"vc_column-inner\"  style=\"\"><div class=\"wpb_wrapper\"><style>.rella_vc_single_image-69d0258f627db figure img, .rella_vc_single_image-69d0258f627db figure svg{ max-width:700px}<\/style>\r\n\t<div class=\"wpb_single_image wpb_content_element vc_align_center  rella_vc_single_image-69d0258f627db  invisible\" >\r\n\t\t\r\n\t\t<figure class=\"wpb_wrapper vc_figure\">\r\n\t\t\t<div class=\"vc_single_image-wrapper   vc_box_border_grey\"><img data-rjs=\"\" class=\"vc_img-placeholder vc_single_image-img\"  src=\"https:\/\/tyselimited.com\/wp-content\/plugins\/js_composer\/assets\/vc\/no_image.png\" \/><\/div>\r\n\t\t<\/figure>\r\n\t<\/div>\r\n<\/div><\/div><\/div><script type=\"text\/javascript\">(function($) {$(\"head\").append(\"<style>.rella-row-shadowbox-69d0258f61d7c{-webkit-box-shadow:;-moz-box-shadow:;box-shadow:;}<\/style>\");})(jQuery);<\/script><\/div><div class=\"vc_row-full-width vc_clearfix\"><\/div>","protected":false},"excerpt":{"rendered":"Creating value at the highest level With top-teir services offered through our member companies, we continue to redefine industry standards through constant research and implementation of new ideas. We have the technical competence, financial backing, as well as domestic and international partnerships relevant to achieve rapid growth and deliver on our vision of solving problems, [...]","protected":false},"author":1,"featured_media":0,"parent":0,"menu_order":0,"comment_status":"closed","ping_status":"closed","template":"","meta":[],"_links":{"self":[{"href":"https:\/\/tyselimited.com\/de\/wp-json\/wp\/v2\/pages\/25"}],"collection":[{"href":"https:\/\/tyselimited.com\/de\/wp-json\/wp\/v2\/pages"}],"about":[{"href":"https:\/\/tyselimited.com\/de\/wp-json\/wp\/v2\/types\/page"}],"author":[{"embeddable":true,"href":"https:\/\/tyselimited.com\/de\/wp-json\/wp\/v2\/users\/1"}],"replies":[{"embeddable":true,"href":"https:\/\/tyselimited.com\/de\/wp-json\/wp\/v2\/comments?post=25"}],"version-history":[{"count":16,"href":"https:\/\/tyselimited.com\/de\/wp-json\/wp\/v2\/pages\/25\/revisions"}],"predecessor-version":[{"id":383,"href":"https:\/\/tyselimited.com\/de\/wp-json\/wp\/v2\/pages\/25\/revisions\/383"}],"wp:attachment":[{"href":"https:\/\/tyselimited.com\/de\/wp-json\/wp\/v2\/media?parent=25"}],"curies":[{"name":"wp","href":"https:\/\/api.w.org\/{rel}","templated":true}]}}