{"id":38,"date":"2020-07-28T22:52:10","date_gmt":"2020-07-28T22:52:10","guid":{"rendered":"http:\/\/tyselimited.com\/?page_id=38"},"modified":"2020-08-17T00:01:15","modified_gmt":"2020-08-17T00:01:15","slug":"careers","status":"publish","type":"page","link":"https:\/\/tyselimited.com\/de\/careers\/","title":{"rendered":"Karriere"},"content":{"rendered":"<div id=\"hero\" data-vc-full-width=\"true\" data-vc-full-width-init=\"false\" data-row-brightness=\"light\" class=\"vc_row wpb_row vc_row-fluid rella-row-shadowbox-69d048d81d7ad vc_row-o-full-height vc_row-o-columns-middle vc_row-flex\" style=\"\"><div class=\"wpb_column vc_column_container vc_col-sm-6\" ><div class=\"vc_column-inner\"  style=\"\"><div class=\"wpb_wrapper\"><h2 style=\"color: #ffffff;text-align: left\" class=\"vc_custom_heading\"  >Willkommen zu Ihrer Karriere bei Tyse Group<\/h2>\n\t<div class=\"wpb_text_column wpb_content_element\" >\n\t\t<div class=\"wpb_wrapper\">\n\t\t\t<p>Wenn Sie bereit sind, mehr zu tun, als Sie f\u00fcr m\u00f6glich halten, machen Sie den mutigen Schritt, und wir gehen diesen Weg mit Ihnen.<\/p>\n<p>Entdecken Sie M\u00f6glichkeiten, um Ihre Karriere auf die n\u00e4chste Stufe zu heben. Ob Sie ein Student, ein Absolvent oder ein erfahrener Fachmann sind, entdecken Sie die Auswirkungen, die Sie mit einer Karriere bei Tyse erzielen k\u00f6nnen.<\/p>\n\n\t\t<\/div>\n\t<\/div>\n<\/div><\/div><\/div><div class=\"wpb_column vc_column_container vc_col-sm-6\" ><div class=\"vc_column-inner\"  style=\"\"><div class=\"wpb_wrapper\">\r\n\t<div class=\"wpb_single_image wpb_content_element vc_align_center\" >\r\n\t\t\r\n\t\t<figure class=\"wpb_wrapper vc_figure\">\r\n\t\t\t<div class=\"vc_single_image-wrapper   vc_box_border_grey\"><img data-rjs=\"https:\/\/tyselimited.com\/wp-content\/TyseLimited\/Assets\/careers-hero-assetnew.png\" width=\"1000\" height=\"1000\" src=\"https:\/\/tyselimited.com\/wp-content\/TyseLimited\/Assets\/careers-hero-assetnew.png\" class=\"vc_single_image-img attachment-full\" alt=\"\" decoding=\"async\" loading=\"lazy\" title=\"careers-hero-assetnew\" srcset=\"https:\/\/tyselimited.com\/wp-content\/TyseLimited\/Assets\/careers-hero-assetnew.png 1000w, https:\/\/tyselimited.com\/wp-content\/TyseLimited\/Assets\/careers-hero-assetnew-300x300.png 300w, https:\/\/tyselimited.com\/wp-content\/TyseLimited\/Assets\/careers-hero-assetnew-150x150.png 150w, https:\/\/tyselimited.com\/wp-content\/TyseLimited\/Assets\/careers-hero-assetnew-768x768.png 768w\" sizes=\"(max-width: 1000px) 100vw, 1000px\" \/><\/div>\r\n\t\t<\/figure>\r\n\t<\/div>\r\n<\/div><\/div><\/div><script type=\"text\/javascript\">(function($) {$(\"head\").append(\"<style>.rella-row-shadowbox-69d048d81d7ad{-webkit-box-shadow:;-moz-box-shadow:;box-shadow:;}<\/style>\");})(jQuery);<\/script><\/div><div class=\"vc_row-full-width vc_clearfix\"><\/div><div id=\"belowhero\" data-vc-full-width=\"true\" data-vc-full-width-init=\"false\" data-row-brightness=\"light\" class=\"vc_row wpb_row vc_row-fluid rella-row-shadowbox-69d048d81e518 vc_row-o-content-middle vc_row-flex\" style=\"\"><div class=\"wpb_column vc_column_container vc_col-sm-3\" ><div class=\"vc_column-inner\"  style=\"\"><div class=\"wpb_wrapper\"><\/div><\/div><\/div><div class=\"wpb_column vc_column_container vc_col-sm-6\" ><div class=\"vc_column-inner\"  style=\"\"><div class=\"wpb_wrapper\">\n\t<div class=\"wpb_text_column wpb_content_element\" >\n\t\t<div class=\"wpb_wrapper\">\n\t\t\t<p>Stellen Sie sich vor, Sie arbeiten an einem der besten Arbeitspl\u00e4tze der Welt, umgeben von Teams und Menschen, die Sie herausfordern, unterst\u00fctzen und Sie dazu inspirieren, au\u00dfergew\u00f6hnlich zu sein.<\/p>\n\n\t\t<\/div>\n\t<\/div>\n<\/div><\/div><\/div><div class=\"wpb_column vc_column_container vc_col-sm-3\" ><div class=\"vc_column-inner\"  style=\"\"><div class=\"wpb_wrapper\"><\/div><\/div><\/div><script type=\"text\/javascript\">(function($) {$(\"head\").append(\"<style>.rella-row-shadowbox-69d048d81e518{-webkit-box-shadow:;-moz-box-shadow:;box-shadow:;}<\/style>\");})(jQuery);<\/script><\/div><div class=\"vc_row-full-width vc_clearfix\"><\/div><div id=\"careerfit\" data-vc-full-width=\"true\" data-vc-full-width-init=\"false\" data-row-brightness=\"light\" class=\"vc_row wpb_row vc_row-fluid rella-row-shadowbox-69d048d81ea02 vc_row-o-content-middle vc_row-flex\" style=\"\"><div class=\"wpb_column vc_column_container vc_col-sm-6\" ><div class=\"vc_column-inner\"  style=\"\"><div class=\"wpb_wrapper\"><h2 style=\"text-align: left\" class=\"vc_custom_heading\"  >Eine Karriere, die zu Ihrer Berufung passt<\/h2>\n\t<div class=\"wpb_text_column wpb_content_element\" >\n\t\t<div class=\"wpb_wrapper\">\n\t\t\t<p>Probleml\u00f6ser und kreative Denker. Ingenieure und neue Gesch\u00e4ftsbauer. Setzen Sie Ihre Talente dort ein, wo unbegrenzte M\u00f6glichkeiten bestehen und jeder Tag einen Unterschied macht.<\/p>\n<p>Unabh\u00e4ngig davon, ob Sie ein erfahrener Profi oder ein Absolvent sind, k\u00f6nnte die Arbeit mit der Tyse Group ein herausfordernder und lohnender n\u00e4chster Schritt in Ihrer Karriere sein.<\/p>\n\n\t\t<\/div>\n\t<\/div>\n<style>.explorebtn i{color:#1230c8;}.explorebtn{border-color: !important;color:#1230c8 !important;}.explorebtn:focus,.explorebtn:hover{color:#052452 !important;}<\/style><a href=\"https:\/\/tyselimited.com\/de\/careers\/listings\/\" class=\"btn btn-naked border-thin explorebtn\" >\n\t\t\t\t<span>\n\tExplore careers<i class=\"icon-arrow-right\"><\/i>\t<\/span>\n<\/a>\n<\/div><\/div><\/div><div class=\"wpb_column vc_column_container vc_col-sm-6\" ><div class=\"vc_column-inner\"  style=\"\"><div class=\"wpb_wrapper\"><style>.rella_vc_single_image-69d048d81f021 figure img, .rella_vc_single_image-69d048d81f021 figure svg{ max-width:900px}<\/style>\r\n\t<div class=\"wpb_single_image wpb_content_element vc_align_center  rella_vc_single_image-69d048d81f021  invisible\" >\r\n\t\t\r\n\t\t<figure class=\"wpb_wrapper vc_figure\">\r\n\t\t\t<div class=\"vc_single_image-wrapper   vc_box_border_grey\"><img data-rjs=\"\" class=\"vc_img-placeholder vc_single_image-img\"  src=\"https:\/\/tyselimited.com\/wp-content\/plugins\/js_composer\/assets\/vc\/no_image.png\" \/><\/div>\r\n\t\t<\/figure>\r\n\t<\/div>\r\n<\/div><\/div><\/div><script type=\"text\/javascript\">(function($) {$(\"head\").append(\"<style>.rella-row-shadowbox-69d048d81ea02{-webkit-box-shadow:;-moz-box-shadow:;box-shadow:;}<\/style>\");})(jQuery);<\/script><\/div><div class=\"vc_row-full-width vc_clearfix\"><\/div><div id=\"idealjob\" data-vc-full-width=\"true\" data-vc-full-width-init=\"false\" data-row-brightness=\"light\" class=\"vc_row wpb_row vc_row-fluid rella-row-shadowbox-69d048d81f0f0 vc_row-o-full-height vc_row-o-columns-middle vc_row-flex\" style=\"\"><div class=\"wpb_column vc_column_container vc_col-sm-12\" ><div class=\"vc_column-inner\"  style=\"\"><div class=\"wpb_wrapper\">\n\t<div class=\"wpb_text_column wpb_content_element\" >\n\t\t<div class=\"wpb_wrapper\">\n\t\t\t<h4 style=\"text-align: center;\">IHR IDEALER JOB WARTET<\/h4>\n\n\t\t<\/div>\n\t<\/div>\n<h2 style=\"text-align: center\" class=\"vc_custom_heading\"  >50+<\/h2>\n\t<div class=\"wpb_text_column wpb_content_element\" >\n\t\t<div class=\"wpb_wrapper\">\n\t\t\t<p style=\"text-align: center;\">Freie Stellen verf\u00fcgbar<\/p>\n\n\t\t<\/div>\n\t<\/div>\n<style>.searchjobsbtn i{color:#ffffff;}.searchjobsbtn{border-color:!important;}<\/style><a href=\"https:\/\/tyselimited.com\/de\/careers\/listings\/\" class=\"btn btn-default border-thin searchjobsbtn icon-left\" >\n\t\t\t\t<span>\n\t<i class=\"icon-search\"><\/i>Search Jobs\t<\/span>\n<\/a>\n<\/div><\/div><\/div><script type=\"text\/javascript\">(function($) {$(\"head\").append(\"<style>.rella-row-shadowbox-69d048d81f0f0{-webkit-box-shadow:;-moz-box-shadow:;box-shadow:;}<\/style>\");})(jQuery);<\/script><\/div><div class=\"vc_row-full-width vc_clearfix\"><\/div><div id=\"benotified\" data-vc-full-width=\"true\" data-vc-full-width-init=\"false\" data-row-brightness=\"light\" class=\"vc_row wpb_row vc_row-fluid rella-row-shadowbox-69d048d81f68a vc_row-o-full-height vc_row-o-columns-middle vc_row-flex\" style=\"\"><div class=\"wpb_column vc_column_container vc_col-sm-12\" ><div class=\"vc_column-inner\"  style=\"\"><div class=\"wpb_wrapper\">\n\t<div class=\"wpb_text_column wpb_content_element\" >\n\t\t<div class=\"wpb_wrapper\">\n\t\t\t<h4 style=\"text-align: center;\">WANT TO BE NOTIFIED OF FUTURE JOB OPENINGS?<\/h4>\n\n\t\t<\/div>\n\t<\/div>\n<h2 style=\"text-align: center\" class=\"vc_custom_heading\"  >Sign Up For Our Job Vacancy List & Stay Informed<\/h2><style>.searchjobsbtn i{color:#ffffff;}.searchjobsbtn{border-color:!important;}<\/style><a href=\"https:\/\/tyselimited.com\/de\/vacancy-notification\/\" title=\"Vacancy Notification\" class=\"btn btn-default border-thin searchjobsbtn icon-left\" >\n\t\t\t\t<span>\n\t<i class=\"icon-pointer-up\"><\/i>Submit Your Credentials\t<\/span>\n<\/a>\n<\/div><\/div><\/div><script type=\"text\/javascript\">(function($) {$(\"head\").append(\"<style>.rella-row-shadowbox-69d048d81f68a{-webkit-box-shadow:;-moz-box-shadow:;box-shadow:;}<\/style>\");})(jQuery);<\/script><\/div><div class=\"vc_row-full-width vc_clearfix\"><\/div>","protected":false},"excerpt":{"rendered":"Welcome to your Tyse Group Career If you\u2019re ready to do more than you think you can do, take the bold step and we\u2019ll walk that path with you. Explore opportunities to take your career to the next level. Whether you are a student, a graduate or an experienced professional, discover the impact you could [...]","protected":false},"author":1,"featured_media":0,"parent":0,"menu_order":0,"comment_status":"closed","ping_status":"closed","template":"","meta":[],"_links":{"self":[{"href":"https:\/\/tyselimited.com\/de\/wp-json\/wp\/v2\/pages\/38"}],"collection":[{"href":"https:\/\/tyselimited.com\/de\/wp-json\/wp\/v2\/pages"}],"about":[{"href":"https:\/\/tyselimited.com\/de\/wp-json\/wp\/v2\/types\/page"}],"author":[{"embeddable":true,"href":"https:\/\/tyselimited.com\/de\/wp-json\/wp\/v2\/users\/1"}],"replies":[{"embeddable":true,"href":"https:\/\/tyselimited.com\/de\/wp-json\/wp\/v2\/comments?post=38"}],"version-history":[{"count":13,"href":"https:\/\/tyselimited.com\/de\/wp-json\/wp\/v2\/pages\/38\/revisions"}],"predecessor-version":[{"id":403,"href":"https:\/\/tyselimited.com\/de\/wp-json\/wp\/v2\/pages\/38\/revisions\/403"}],"wp:attachment":[{"href":"https:\/\/tyselimited.com\/de\/wp-json\/wp\/v2\/media?parent=38"}],"curies":[{"name":"wp","href":"https:\/\/api.w.org\/{rel}","templated":true}]}}