{"id":25,"date":"2020-07-28T01:24:37","date_gmt":"2020-07-28T01:24:37","guid":{"rendered":"http:\/\/tyselimited.com\/?page_id=25"},"modified":"2020-08-16T13:22:36","modified_gmt":"2020-08-16T13:22:36","slug":"home","status":"publish","type":"page","link":"https:\/\/tyselimited.com\/es\/","title":{"rendered":"Hogar"},"content":{"rendered":"<div id=\"homeslider\" data-vc-full-width=\"true\" data-vc-full-width-init=\"false\" data-row-brightness=\"light\" class=\"vc_row wpb_row vc_row-fluid rella-row-shadowbox-69eb767c7edd5 vc_row-o-full-height vc_row-o-columns-middle vc_row-flex\" style=\"\"><div class=\"wpb_column vc_column_container vc_col-sm-12\" ><div class=\"vc_column-inner\"  style=\"\"><div class=\"wpb_wrapper\"><\/div><\/div><\/div><script type=\"text\/javascript\">(function($) {$(\"head\").append(\"<style>.rella-row-shadowbox-69eb767c7edd5{-webkit-box-shadow:;-moz-box-shadow:;box-shadow:;}<\/style>\");})(jQuery);<\/script><\/div><div class=\"vc_row-full-width vc_clearfix\"><\/div><div id=\"creatingvalue\" data-vc-full-width=\"true\" data-vc-full-width-init=\"false\" data-row-brightness=\"light\" class=\"vc_row wpb_row vc_row-fluid rella-row-shadowbox-69eb767c7f4e4 vc_row-o-full-height vc_row-o-columns-middle vc_row-flex\" style=\"\"><div class=\"wpb_column vc_column_container vc_col-sm-6\" ><div class=\"vc_column-inner\"  style=\"\"><div class=\"wpb_wrapper\"><style>.rella_vc_single_image-69eb767c7fa68 figure img, .rella_vc_single_image-69eb767c7fa68 figure svg{ max-width:900px}<\/style>\r\n\t<div class=\"wpb_single_image wpb_content_element vc_align_center  rella_vc_single_image-69eb767c7fa68  invisible\" >\r\n\t\t\r\n\t\t<figure class=\"wpb_wrapper vc_figure\">\r\n\t\t\t<div class=\"vc_single_image-wrapper   vc_box_border_grey\"><img data-rjs=\"\" class=\"vc_img-placeholder vc_single_image-img\"  src=\"https:\/\/tyselimited.com\/wp-content\/plugins\/js_composer\/assets\/vc\/no_image.png\" \/><\/div>\r\n\t\t<\/figure>\r\n\t<\/div>\r\n<\/div><\/div><\/div><div class=\"wpb_column vc_column_container vc_col-sm-6\" ><div class=\"vc_column-inner\"  style=\"\"><div class=\"wpb_wrapper\"><h2 style=\"text-align: left\" class=\"vc_custom_heading\"  >Creando valor al m\u00e1s alto nivel<\/h2>\n\t<div class=\"wpb_text_column wpb_content_element\" >\n\t\t<div class=\"wpb_wrapper\">\n\t\t\t<p>Con los mejores servicios ofrecidos a trav\u00e9s de nuestras empresas miembro, continuamos redefiniendo los est\u00e1ndares de la industria a trav\u00e9s de la investigaci\u00f3n constante y la implementaci\u00f3n de nuevas ideas. Tenemos la competencia t\u00e9cnica, el respaldo financiero, as\u00ed como las asociaciones nacionales e internacionales relevantes para lograr un crecimiento r\u00e1pido y cumplir con nuestra visi\u00f3n de resolver problemas, capacitar a las personas y crear valor.<\/p>\n\n\t\t<\/div>\n\t<\/div>\n<style>.ra_button_69eb767c80206 i{color:#00a9f4;}.ra_button_69eb767c80206{border-color: !important;color:#00a9f4 !important;}.ra_button_69eb767c80206:focus,.ra_button_69eb767c80206:hover{color:#052452 !important;}<\/style><a href=\"https:\/\/tyselimited.com\/es\/companies\/\" title=\"Compa\u00f1\u00edas\" class=\"btn btn-naked border-thin ra_button_69eb767c80206\" >\n\t\t\t\t<span>\n\tExplore our business<i class=\"icon-arrow-right\"><\/i>\t<\/span>\n<\/a>\n<\/div><\/div><\/div><script type=\"text\/javascript\">(function($) {$(\"head\").append(\"<style>.rella-row-shadowbox-69eb767c7f4e4{-webkit-box-shadow:;-moz-box-shadow:;box-shadow:;}<\/style>\");})(jQuery);<\/script><\/div><div class=\"vc_row-full-width vc_clearfix\"><\/div><div id=\"clientcentric\" data-vc-full-width=\"true\" data-vc-full-width-init=\"false\" data-row-brightness=\"light\" class=\"vc_row wpb_row vc_row-fluid rella-row-shadowbox-69eb767c80485 vc_row-o-full-height vc_row-o-columns-middle vc_row-flex\" style=\"\"><div class=\"wpb_column vc_column_container vc_col-sm-6\" ><div class=\"vc_column-inner\"  style=\"\"><div class=\"wpb_wrapper\"><h2 style=\"text-align: left\" class=\"vc_custom_heading\"  >Nuestra empresa centrada en el cliente<\/h2>\n\t<div class=\"wpb_text_column wpb_content_element\" >\n\t\t<div class=\"wpb_wrapper\">\n\t\t\t<p>Una cosa que valoramos m\u00e1s que la calidad de nuestro trabajo en Tyse son nuestros clientes, y hemos actualizado nuestra identidad visual para reflejar eso.<\/p>\n<p>Creemos que al poner a nuestros clientes en el centro de nuestros negocios, siempre podemos ofrecer las mejores experiencias posibles, y esto es lo que nos esforzamos por hacer todos los d\u00edas, en Tyse.<\/p>\n\n\t\t<\/div>\n\t<\/div>\n<\/div><\/div><\/div><div class=\"wpb_column vc_column_container vc_col-sm-6\" ><div class=\"vc_column-inner\"  style=\"\"><div class=\"wpb_wrapper\"><style>.rella_vc_single_image-69eb767c80cd6 figure img, .rella_vc_single_image-69eb767c80cd6 figure svg{ max-width:900px}<\/style>\r\n\t<div class=\"wpb_single_image wpb_content_element vc_align_center  rella_vc_single_image-69eb767c80cd6  invisible\" >\r\n\t\t\r\n\t\t<figure class=\"wpb_wrapper vc_figure\">\r\n\t\t\t<div class=\"vc_single_image-wrapper   vc_box_border_grey\"><img data-rjs=\"\" class=\"vc_img-placeholder vc_single_image-img\"  src=\"https:\/\/tyselimited.com\/wp-content\/plugins\/js_composer\/assets\/vc\/no_image.png\" \/><\/div>\r\n\t\t<\/figure>\r\n\t<\/div>\r\n<\/div><\/div><\/div><script type=\"text\/javascript\">(function($) {$(\"head\").append(\"<style>.rella-row-shadowbox-69eb767c80485{-webkit-box-shadow:;-moz-box-shadow:;box-shadow:;}<\/style>\");})(jQuery);<\/script><\/div><div class=\"vc_row-full-width vc_clearfix\"><\/div><div id=\"tyseculture\" data-vc-full-width=\"true\" data-vc-full-width-init=\"false\" data-row-brightness=\"light\" class=\"vc_row wpb_row vc_row-fluid rella-row-shadowbox-69eb767c80f57 vc_row-o-full-height vc_row-o-columns-middle vc_row-flex\" style=\"\"><div class=\"wpb_column vc_column_container vc_col-sm-6\" ><div class=\"vc_column-inner\"  style=\"\"><div class=\"wpb_wrapper\"><style>.rella_vc_single_image-69eb767c81352 figure img, .rella_vc_single_image-69eb767c81352 figure svg{ max-width:900px}<\/style>\r\n\t<div class=\"wpb_single_image wpb_content_element vc_align_center  rella_vc_single_image-69eb767c81352  invisible\" >\r\n\t\t\r\n\t\t<figure class=\"wpb_wrapper vc_figure\">\r\n\t\t\t<div class=\"vc_single_image-wrapper   vc_box_border_grey\"><img data-rjs=\"\" class=\"vc_img-placeholder vc_single_image-img\"  src=\"https:\/\/tyselimited.com\/wp-content\/plugins\/js_composer\/assets\/vc\/no_image.png\" \/><\/div>\r\n\t\t<\/figure>\r\n\t<\/div>\r\n<\/div><\/div><\/div><div class=\"wpb_column vc_column_container vc_col-sm-6\" ><div class=\"vc_column-inner\"  style=\"\"><div class=\"wpb_wrapper\"><h2 style=\"text-align: left\" class=\"vc_custom_heading\"  >La cultura Tyse.<\/h2>\n\t<div class=\"wpb_text_column wpb_content_element\" >\n\t\t<div class=\"wpb_wrapper\">\n\t\t\t<p>La cultura Tyse es \u00fanica no solo por los ricos recursos humanos que componen nuestra fuerza laboral, sino tambi\u00e9n por la \u00e9tica del compromiso, el ingenio y la innovaci\u00f3n que resalta c\u00f3mo cumplimos con nuestra propuesta de valor y logramos objetivos compartidos.<\/p>\n<p>No cuestionamos nuestro amor por qui\u00e9nes somos y el trabajo que hacemos. El orgullo que nos sentimos de nuestra organizaci\u00f3n y nuestra posici\u00f3n como uno de los l\u00edderes en muchos sectores de la econom\u00eda nigeriana es una de nuestras mayores fortalezas que nos mantienen en marcha.<\/p>\n\n\t\t<\/div>\n\t<\/div>\n<style>.ra_button_69eb767c81873 i{color:#00a9f4;}.ra_button_69eb767c81873{border-color: !important;color:#00a9f4 !important;}.ra_button_69eb767c81873:focus,.ra_button_69eb767c81873:hover{color:#052452 !important;}<\/style><a href=\"https:\/\/tyselimited.com\/es\/about-us\/#ownershipgrow\" title=\"Sobre nosotros\" class=\"btn btn-naked border-thin ra_button_69eb767c81873\" >\n\t\t\t\t<span>\n\tOur people<i class=\"icon-arrow-right\"><\/i>\t<\/span>\n<\/a>\n<\/div><\/div><\/div><script type=\"text\/javascript\">(function($) {$(\"head\").append(\"<style>.rella-row-shadowbox-69eb767c80f57{-webkit-box-shadow:;-moz-box-shadow:;box-shadow:;}<\/style>\");})(jQuery);<\/script><\/div><div class=\"vc_row-full-width vc_clearfix\"><\/div><div id=\"futuristicompany\" data-vc-full-width=\"true\" data-vc-full-width-init=\"false\" data-row-brightness=\"light\" class=\"vc_row wpb_row vc_row-fluid rella-row-shadowbox-69eb767c81b19\" style=\"\"><div class=\"wpb_column vc_column_container vc_col-sm-12\" ><div class=\"vc_column-inner\"  style=\"\"><div class=\"wpb_wrapper\"><h2 style=\"text-align: center\" class=\"vc_custom_heading\"  >Una empresa construida para el futuro.<\/h2><div class=\"vc_row wpb_row vc_inner vc_row-fluid\" style=\"background-attachment:;\"><div class=\"wpb_column vc_column_container vc_col-sm-3\" ><div class=\"vc_column-inner\" style=\"\"><div class=\"wpb_wrapper\"><\/div><\/div><\/div><div class=\"wpb_column vc_column_container vc_col-sm-6\" ><div class=\"vc_column-inner\" style=\"\"><div class=\"wpb_wrapper\">\n\t<div class=\"wpb_text_column wpb_content_element\" >\n\t\t<div class=\"wpb_wrapper\">\n\t\t\t<p style=\"text-align: center;\">En Tyse, siempre buscamos invertir en la \u00faltima tecnolog\u00eda que pueda mejorar la experiencia general de nuestros clientes y tambi\u00e9n permitirnos crear grandes innovaciones.<\/p>\n<p style=\"text-align: center;\">Lea m\u00e1s sobre por qu\u00e9 valoramos la tecnolog\u00eda y c\u00f3mo est\u00e1 dando forma a nuestra empresa para el futuro.<\/p>\n\n\t\t<\/div>\n\t<\/div>\n<\/div><\/div><\/div><div class=\"wpb_column vc_column_container vc_col-sm-3\" ><div class=\"vc_column-inner\" style=\"\"><div class=\"wpb_wrapper\"><\/div><\/div><\/div><\/div><\/div><\/div><\/div><script type=\"text\/javascript\">(function($) {$(\"head\").append(\"<style>.rella-row-shadowbox-69eb767c81b19{-webkit-box-shadow:;-moz-box-shadow:;box-shadow:;}<\/style>\");})(jQuery);<\/script><\/div><div class=\"vc_row-full-width vc_clearfix\"><\/div><div id=\"tyseandyou\" data-vc-full-width=\"true\" data-vc-full-width-init=\"false\" data-vc-stretch-content=\"true\" data-row-brightness=\"light\" class=\"vc_row wpb_row vc_row-fluid rella-row-shadowbox-69eb767c82924 vc_row-o-content-middle vc_row-flex\" style=\"\"><div class=\"wpb_column vc_column_container vc_col-sm-6\" ><div class=\"vc_column-inner\"  style=\"\"><div class=\"wpb_wrapper\"><h2 style=\"text-align: left\" class=\"vc_custom_heading\"  >Tyse y tu<\/h2>\n\t<div class=\"wpb_text_column wpb_content_element\" >\n\t\t<div class=\"wpb_wrapper\">\n\t\t\t<p>Ven a hacer tu mejor trabajo, con las mejores personas, en una empresa diversa e inclusiva.<\/p>\n\n\t\t<\/div>\n\t<\/div>\n<style>.ra_button_69eb767c82fba i{color:#00a9f4;}.ra_button_69eb767c82fba{border-color: !important;color:#052452 !important;}.ra_button_69eb767c82fba:focus,.ra_button_69eb767c82fba:hover{color:#00a9f4 !important;}<\/style><a href=\"https:\/\/tyselimited.com\/es\/careers\/\" title=\"Carreras\" class=\"btn btn-naked border-thin ra_button_69eb767c82fba\" >\n\t\t\t\t<span>\n\tCarreras<i class=\"icon-arrow-right\"><\/i>\t<\/span>\n<\/a>\n<div class=\"vc_row wpb_row vc_inner vc_row-fluid\" style=\"background-attachment:;\"><div class=\"wpb_column vc_column_container vc_col-sm-12\" ><div class=\"vc_column-inner\" style=\"\"><div class=\"wpb_wrapper\"><style>.ra_button_69eb767c83526 i{color:#00a9f4;}.ra_button_69eb767c83526{border-color: !important;color:#052452 !important;}.ra_button_69eb767c83526:focus,.ra_button_69eb767c83526:hover{color:#00a9f4 !important;}<\/style><a href=\"https:\/\/tyselimited.com\/es\/careers\/listings\/\" class=\"btn btn-naked border-thin ra_button_69eb767c83526\" >\n\t\t\t\t<span>\n\tSearch and apply<i class=\"icon-arrow-right\"><\/i>\t<\/span>\n<\/a>\n<\/div><\/div><\/div><\/div><\/div><\/div><\/div><div class=\"wpb_column vc_column_container vc_col-sm-6\" ><div class=\"vc_column-inner\"  style=\"\"><div class=\"wpb_wrapper\"><style>.rella_vc_single_image-69eb767c839a6 figure img, .rella_vc_single_image-69eb767c839a6 figure svg{ max-width:700px}<\/style>\r\n\t<div class=\"wpb_single_image wpb_content_element vc_align_center  rella_vc_single_image-69eb767c839a6  invisible\" >\r\n\t\t\r\n\t\t<figure class=\"wpb_wrapper vc_figure\">\r\n\t\t\t<div class=\"vc_single_image-wrapper   vc_box_border_grey\"><img data-rjs=\"\" class=\"vc_img-placeholder vc_single_image-img\"  src=\"https:\/\/tyselimited.com\/wp-content\/plugins\/js_composer\/assets\/vc\/no_image.png\" \/><\/div>\r\n\t\t<\/figure>\r\n\t<\/div>\r\n<\/div><\/div><\/div><script type=\"text\/javascript\">(function($) {$(\"head\").append(\"<style>.rella-row-shadowbox-69eb767c82924{-webkit-box-shadow:;-moz-box-shadow:;box-shadow:;}<\/style>\");})(jQuery);<\/script><\/div><div class=\"vc_row-full-width vc_clearfix\"><\/div>","protected":false},"excerpt":{"rendered":"Creating value at the highest level With top-teir services offered through our member companies, we continue to redefine industry standards through constant research and implementation of new ideas. We have the technical competence, financial backing, as well as domestic and international partnerships relevant to achieve rapid growth and deliver on our vision of solving problems, [...]","protected":false},"author":1,"featured_media":0,"parent":0,"menu_order":0,"comment_status":"closed","ping_status":"closed","template":"","meta":[],"_links":{"self":[{"href":"https:\/\/tyselimited.com\/es\/wp-json\/wp\/v2\/pages\/25"}],"collection":[{"href":"https:\/\/tyselimited.com\/es\/wp-json\/wp\/v2\/pages"}],"about":[{"href":"https:\/\/tyselimited.com\/es\/wp-json\/wp\/v2\/types\/page"}],"author":[{"embeddable":true,"href":"https:\/\/tyselimited.com\/es\/wp-json\/wp\/v2\/users\/1"}],"replies":[{"embeddable":true,"href":"https:\/\/tyselimited.com\/es\/wp-json\/wp\/v2\/comments?post=25"}],"version-history":[{"count":16,"href":"https:\/\/tyselimited.com\/es\/wp-json\/wp\/v2\/pages\/25\/revisions"}],"predecessor-version":[{"id":383,"href":"https:\/\/tyselimited.com\/es\/wp-json\/wp\/v2\/pages\/25\/revisions\/383"}],"wp:attachment":[{"href":"https:\/\/tyselimited.com\/es\/wp-json\/wp\/v2\/media?parent=25"}],"curies":[{"name":"wp","href":"https:\/\/api.w.org\/{rel}","templated":true}]}}