{"id":241,"date":"2020-08-04T00:38:04","date_gmt":"2020-08-04T00:38:04","guid":{"rendered":"http:\/\/tyselimited.com\/?page_id=241"},"modified":"2020-08-16T13:52:58","modified_gmt":"2020-08-16T13:52:58","slug":"diversity-inclusion","status":"publish","type":"page","link":"https:\/\/tyselimited.com\/fr\/diversity-inclusion\/","title":{"rendered":"Diversit\u00e9 et inclusion"},"content":{"rendered":"<div id=\"hero\" data-vc-full-width=\"true\" data-vc-full-width-init=\"false\" data-row-brightness=\"light\" class=\"vc_row wpb_row vc_row-fluid rella-row-shadowbox-69d03a484031d vc_row-o-full-height vc_row-o-columns-middle vc_row-flex\" style=\"\"><div class=\"wpb_column vc_column_container vc_col-sm-6\" ><div class=\"vc_column-inner\"  style=\"\"><div class=\"wpb_wrapper\"><h2 style=\"color: #ffffff;text-align: left\" class=\"vc_custom_heading\"  >Diversit\u00e9 et inclusion<\/h2>\n\t<div class=\"wpb_text_column wpb_content_element\" >\n\t\t<div class=\"wpb_wrapper\">\n\t\t\t<p>Nous croyons en la cr\u00e9ation d&#039;une culture inclusive o\u00f9 vous pouvez vous \u00e9panouir. Les talents d&#039;aujourd&#039;hui sont plus diversifi\u00e9s que jamais. Un environnement de travail inclusif est essentiel pour innover, d\u00e9velopper et retenir ce talent.<\/p>\n\n\t\t<\/div>\n\t<\/div>\n<\/div><\/div><\/div><div class=\"wpb_column vc_column_container vc_col-sm-6\" ><div class=\"vc_column-inner\"  style=\"\"><div class=\"wpb_wrapper\">\r\n\t<div class=\"wpb_single_image wpb_content_element vc_align_center\" >\r\n\t\t\r\n\t\t<figure class=\"wpb_wrapper vc_figure\">\r\n\t\t\t<div class=\"vc_single_image-wrapper   vc_box_border_grey\"><img data-rjs=\"https:\/\/tyselimited.com\/wp-content\/TyseLimited\/Assets\/diversity-hero.png\" width=\"656\" height=\"667\" src=\"https:\/\/tyselimited.com\/wp-content\/TyseLimited\/Assets\/diversity-hero.png\" class=\"vc_single_image-img attachment-full\" alt=\"\" decoding=\"async\" loading=\"lazy\" title=\"diversity-hero\" srcset=\"https:\/\/tyselimited.com\/wp-content\/TyseLimited\/Assets\/diversity-hero.png 656w, https:\/\/tyselimited.com\/wp-content\/TyseLimited\/Assets\/diversity-hero-295x300.png 295w\" sizes=\"(max-width: 656px) 100vw, 656px\" \/><\/div>\r\n\t\t<\/figure>\r\n\t<\/div>\r\n<\/div><\/div><\/div><script type=\"text\/javascript\">(function($) {$(\"head\").append(\"<style>.rella-row-shadowbox-69d03a484031d{-webkit-box-shadow:;-moz-box-shadow:;box-shadow:;}<\/style>\");})(jQuery);<\/script><\/div><div class=\"vc_row-full-width vc_clearfix\"><\/div><div id=\"belowhero\" data-vc-full-width=\"true\" data-vc-full-width-init=\"false\" data-row-brightness=\"light\" class=\"vc_row wpb_row vc_row-fluid rella-row-shadowbox-69d03a4841034 vc_row-o-content-middle vc_row-flex\" style=\"\"><div class=\"wpb_column vc_column_container vc_col-sm-2\" ><div class=\"vc_column-inner\"  style=\"\"><div class=\"wpb_wrapper\"><\/div><\/div><\/div><div class=\"wpb_column vc_column_container vc_col-sm-8\" ><div class=\"vc_column-inner\"  style=\"\"><div class=\"wpb_wrapper\">\n\t<div class=\"wpb_text_column wpb_content_element\" >\n\t\t<div class=\"wpb_wrapper\">\n\t\t\t<p>Chaque jour, nous travaillons pour offrir un environnement o\u00f9 tous les employ\u00e9s se sentent valoris\u00e9s et inclus, capables de cultiver leur talent en tant qu&#039;individus et au sein d&#039;une \u00e9quipe collaborative.<\/p>\n<p>La diversit\u00e9 et l&#039;inclusivit\u00e9 chez Tyse Group rassemble des personnes remarquables et leur permet d&#039;\u00eatre elles-m\u00eames - la vari\u00e9t\u00e9 des talents, des mentalit\u00e9s, des perspectives, des qualit\u00e9s, des capacit\u00e9s et des attributs de nos employ\u00e9s et partenaires commerciaux, nous rend uniques et contribue \u00e0 la cr\u00e9ativit\u00e9, l&#039;innovation et succ\u00e8s commercial durable.<\/p>\n<p>Chez Tyse Group, vous serez en mesure d&#039;appliquer et de d\u00e9velopper vos comp\u00e9tences et vos connaissances au sein d&#039;une \u00e9quipe collaborative qui contribue \u00e0 b\u00e2tir un avenir meilleur.<\/p>\n\n\t\t<\/div>\n\t<\/div>\n<\/div><\/div><\/div><div class=\"wpb_column vc_column_container vc_col-sm-2\" ><div class=\"vc_column-inner\"  style=\"\"><div class=\"wpb_wrapper\"><\/div><\/div><\/div><script type=\"text\/javascript\">(function($) {$(\"head\").append(\"<style>.rella-row-shadowbox-69d03a4841034{-webkit-box-shadow:;-moz-box-shadow:;box-shadow:;}<\/style>\");})(jQuery);<\/script><\/div><div class=\"vc_row-full-width vc_clearfix\"><\/div><div id=\"insidetyse\" data-vc-full-width=\"true\" data-vc-full-width-init=\"false\" data-row-brightness=\"light\" class=\"vc_row wpb_row vc_row-fluid rella-row-shadowbox-69d03a4841505\" style=\"\"><div class=\"wpb_column vc_column_container vc_col-sm-12\" ><div class=\"vc_column-inner\"  style=\"\"><div class=\"wpb_wrapper\"><h2 style=\"text-align: center\" class=\"vc_custom_heading\"  >DANS LE GROUPE TYSE<\/h2><div id=\"ourdiverseoptions\" class=\"vc_row wpb_row vc_inner vc_row-fluid\" style=\"background-attachment:;\"><div class=\"wpb_column vc_column_container vc_col-sm-4\" ><div class=\"vc_column-inner\" style=\"\"><div class=\"wpb_wrapper\">\r\n\t<div class=\"wpb_single_image wpb_content_element vc_align_center\" >\r\n\t\t\r\n\t\t<figure class=\"wpb_wrapper vc_figure\">\r\n\t\t\t<div class=\"vc_single_image-wrapper   vc_box_border_grey\"><img data-rjs=\"https:\/\/tyselimited.com\/wp-content\/TyseLimited\/Assets\/multicultural.jpg\" width=\"1000\" height=\"700\" src=\"https:\/\/tyselimited.com\/wp-content\/TyseLimited\/Assets\/multicultural.jpg\" class=\"vc_single_image-img attachment-full\" alt=\"\" decoding=\"async\" loading=\"lazy\" title=\"multicultural\" srcset=\"https:\/\/tyselimited.com\/wp-content\/TyseLimited\/Assets\/multicultural.jpg 1000w, https:\/\/tyselimited.com\/wp-content\/TyseLimited\/Assets\/multicultural-300x210.jpg 300w, https:\/\/tyselimited.com\/wp-content\/TyseLimited\/Assets\/multicultural-768x538.jpg 768w\" sizes=\"(max-width: 1000px) 100vw, 1000px\" \/><\/div>\r\n\t\t<\/figure>\r\n\t<\/div>\r\n<h3 style=\"text-align: left\" class=\"vc_custom_heading\"  >Un espace de travail multiculturel<\/h3>\n\t<div class=\"wpb_text_column wpb_content_element\" >\n\t\t<div class=\"wpb_wrapper\">\n\t\t\t<p>Nous continuons d&#039;attirer et d&#039;inspirer des personnes talentueuses de partout au pays. Nos employ\u00e9s viennent de toutes les r\u00e9gions du pays et cr\u00e9ent ainsi un espace de travail multiculturel.<\/p>\n<p>\u200e<\/p>\n<p>\u200e<\/p>\n\n\t\t<\/div>\n\t<\/div>\n<\/div><\/div><\/div><div class=\"wpb_column vc_column_container vc_col-sm-4\" ><div class=\"vc_column-inner\" style=\"\"><div class=\"wpb_wrapper\">\r\n\t<div class=\"wpb_single_image wpb_content_element vc_align_center\" >\r\n\t\t\r\n\t\t<figure class=\"wpb_wrapper vc_figure\">\r\n\t\t\t<div class=\"vc_single_image-wrapper   vc_box_border_grey\"><img data-rjs=\"https:\/\/tyselimited.com\/wp-content\/TyseLimited\/Assets\/womeninclusion.jpg\" width=\"1000\" height=\"700\" src=\"https:\/\/tyselimited.com\/wp-content\/TyseLimited\/Assets\/womeninclusion.jpg\" class=\"vc_single_image-img attachment-full\" alt=\"\" decoding=\"async\" loading=\"lazy\" title=\"womeninclusion\" srcset=\"https:\/\/tyselimited.com\/wp-content\/TyseLimited\/Assets\/womeninclusion.jpg 1000w, https:\/\/tyselimited.com\/wp-content\/TyseLimited\/Assets\/womeninclusion-300x210.jpg 300w, https:\/\/tyselimited.com\/wp-content\/TyseLimited\/Assets\/womeninclusion-768x538.jpg 768w\" sizes=\"(max-width: 1000px) 100vw, 1000px\" \/><\/div>\r\n\t\t<\/figure>\r\n\t<\/div>\r\n<h3 style=\"text-align: left\" class=\"vc_custom_heading\"  >Les femmes comme force motrice<\/h3>\n\t<div class=\"wpb_text_column wpb_content_element\" >\n\t\t<div class=\"wpb_wrapper\">\n\t\t\t<p>En autonomisant les femmes sur nos lieux de travail, nous cherchons \u00e0 garantir l&#039;\u00e9galit\u00e9 des chances pour les hommes et les femmes. Depuis 2012, nous nous engageons \u00e0 b\u00e2tir une organisation \u00e9quilibr\u00e9e entre les sexes.<\/p>\n<p>\u200e<\/p>\n\n\t\t<\/div>\n\t<\/div>\n<\/div><\/div><\/div><div class=\"wpb_column vc_column_container vc_col-sm-4\" ><div class=\"vc_column-inner\" style=\"\"><div class=\"wpb_wrapper\">\r\n\t<div class=\"wpb_single_image wpb_content_element vc_align_center\" >\r\n\t\t\r\n\t\t<figure class=\"wpb_wrapper vc_figure\">\r\n\t\t\t<div class=\"vc_single_image-wrapper   vc_box_border_grey\"><img data-rjs=\"https:\/\/tyselimited.com\/wp-content\/TyseLimited\/Assets\/Disability-Inclusion.jpg\" width=\"1000\" height=\"700\" src=\"https:\/\/tyselimited.com\/wp-content\/TyseLimited\/Assets\/Disability-Inclusion.jpg\" class=\"vc_single_image-img attachment-full\" alt=\"\" decoding=\"async\" loading=\"lazy\" title=\"Disability-Inclusion\" srcset=\"https:\/\/tyselimited.com\/wp-content\/TyseLimited\/Assets\/Disability-Inclusion.jpg 1000w, https:\/\/tyselimited.com\/wp-content\/TyseLimited\/Assets\/Disability-Inclusion-300x210.jpg 300w, https:\/\/tyselimited.com\/wp-content\/TyseLimited\/Assets\/Disability-Inclusion-768x538.jpg 768w\" sizes=\"(max-width: 1000px) 100vw, 1000px\" \/><\/div>\r\n\t\t<\/figure>\r\n\t<\/div>\r\n<h3 style=\"text-align: left\" class=\"vc_custom_heading\"  >Empowering persons with disabilities<\/h3>\n\t<div class=\"wpb_text_column wpb_content_element\" >\n\t\t<div class=\"wpb_wrapper\">\n\t\t\t<p>At Tyse, we are committed to accelerating equality for all and to creating an inclusive, accessible workplace that supports persons with disabilities. It presents us with unique opportunities in labor-force diversity and corporate culture.<\/p>\n\n\t\t<\/div>\n\t<\/div>\n<\/div><\/div><\/div><\/div><\/div><\/div><\/div><script type=\"text\/javascript\">(function($) {$(\"head\").append(\"<style>.rella-row-shadowbox-69d03a4841505{-webkit-box-shadow:;-moz-box-shadow:;box-shadow:;}<\/style>\");})(jQuery);<\/script><\/div><div class=\"vc_row-full-width vc_clearfix\"><\/div><div id=\"diversefooter\" data-vc-full-width=\"true\" data-vc-full-width-init=\"false\" data-row-brightness=\"light\" class=\"vc_row wpb_row vc_row-fluid rella-row-shadowbox-69d03a4842cdb vc_row-o-content-middle vc_row-flex\" style=\"\"><div class=\"wpb_column vc_column_container vc_col-sm-8\" ><div class=\"vc_column-inner\"  style=\"\"><div class=\"wpb_wrapper\"><h2 style=\"text-align: left\" class=\"vc_custom_heading\"  >Venez voir ce que c&#039;est que de travailler dans un milieu de travail diversifi\u00e9 et inclusif.<\/h2><\/div><\/div><\/div><div class=\"wpb_column vc_column_container vc_col-sm-4\" ><div class=\"vc_column-inner\"  style=\"\"><div class=\"wpb_wrapper\"><style>.searchcbtn{border-color:!important;}<\/style><a href=\"https:\/\/tyselimited.com\/fr\/careers\/listings\/\" class=\"btn btn-default border-thin searchcbtn icon-left\" >\n\t\t\t\t<span>\n\t<i class=\"icon-search\"><\/i>Search careers\t<\/span>\n<\/a>\n<\/div><\/div><\/div><script type=\"text\/javascript\">(function($) {$(\"head\").append(\"<style>.rella-row-shadowbox-69d03a4842cdb{-webkit-box-shadow:;-moz-box-shadow:;box-shadow:;}<\/style>\");})(jQuery);<\/script><\/div><div class=\"vc_row-full-width vc_clearfix\"><\/div>","protected":false},"excerpt":{"rendered":"Diversity &amp; Inclusion We believe in creating an inclusive culture where you can thrive. Today\u2019s talent is more diverse than ever before. An inclusive work environment is key to innovating, developing and retaining that talent. Every day we work to provide an environment where all employees feel valued and included, able to nurture their talent [...]","protected":false},"author":1,"featured_media":0,"parent":0,"menu_order":0,"comment_status":"closed","ping_status":"closed","template":"","meta":[],"_links":{"self":[{"href":"https:\/\/tyselimited.com\/fr\/wp-json\/wp\/v2\/pages\/241"}],"collection":[{"href":"https:\/\/tyselimited.com\/fr\/wp-json\/wp\/v2\/pages"}],"about":[{"href":"https:\/\/tyselimited.com\/fr\/wp-json\/wp\/v2\/types\/page"}],"author":[{"embeddable":true,"href":"https:\/\/tyselimited.com\/fr\/wp-json\/wp\/v2\/users\/1"}],"replies":[{"embeddable":true,"href":"https:\/\/tyselimited.com\/fr\/wp-json\/wp\/v2\/comments?post=241"}],"version-history":[{"count":7,"href":"https:\/\/tyselimited.com\/fr\/wp-json\/wp\/v2\/pages\/241\/revisions"}],"predecessor-version":[{"id":388,"href":"https:\/\/tyselimited.com\/fr\/wp-json\/wp\/v2\/pages\/241\/revisions\/388"}],"wp:attachment":[{"href":"https:\/\/tyselimited.com\/fr\/wp-json\/wp\/v2\/media?parent=241"}],"curies":[{"name":"wp","href":"https:\/\/api.w.org\/{rel}","templated":true}]}}