{"id":25,"date":"2020-07-28T01:24:37","date_gmt":"2020-07-28T01:24:37","guid":{"rendered":"http:\/\/tyselimited.com\/?page_id=25"},"modified":"2020-08-16T13:22:36","modified_gmt":"2020-08-16T13:22:36","slug":"home","status":"publish","type":"page","link":"https:\/\/tyselimited.com\/fr\/","title":{"rendered":"Accueil"},"content":{"rendered":"<div id=\"homeslider\" data-vc-full-width=\"true\" data-vc-full-width-init=\"false\" data-row-brightness=\"light\" class=\"vc_row wpb_row vc_row-fluid rella-row-shadowbox-6a071cea6a2fe vc_row-o-full-height vc_row-o-columns-middle vc_row-flex\" style=\"\"><div class=\"wpb_column vc_column_container vc_col-sm-12\" ><div class=\"vc_column-inner\"  style=\"\"><div class=\"wpb_wrapper\"><\/div><\/div><\/div><script type=\"text\/javascript\">(function($) {$(\"head\").append(\"<style>.rella-row-shadowbox-6a071cea6a2fe{-webkit-box-shadow:;-moz-box-shadow:;box-shadow:;}<\/style>\");})(jQuery);<\/script><\/div><div class=\"vc_row-full-width vc_clearfix\"><\/div><div id=\"creatingvalue\" data-vc-full-width=\"true\" data-vc-full-width-init=\"false\" data-row-brightness=\"light\" class=\"vc_row wpb_row vc_row-fluid rella-row-shadowbox-6a071cea6a9c1 vc_row-o-full-height vc_row-o-columns-middle vc_row-flex\" style=\"\"><div class=\"wpb_column vc_column_container vc_col-sm-6\" ><div class=\"vc_column-inner\"  style=\"\"><div class=\"wpb_wrapper\"><style>.rella_vc_single_image-6a071cea6ae06 figure img, .rella_vc_single_image-6a071cea6ae06 figure svg{ max-width:900px}<\/style>\r\n\t<div class=\"wpb_single_image wpb_content_element vc_align_center  rella_vc_single_image-6a071cea6ae06  invisible\" >\r\n\t\t\r\n\t\t<figure class=\"wpb_wrapper vc_figure\">\r\n\t\t\t<div class=\"vc_single_image-wrapper   vc_box_border_grey\"><img data-rjs=\"\" class=\"vc_img-placeholder vc_single_image-img\"  src=\"https:\/\/tyselimited.com\/wp-content\/plugins\/js_composer\/assets\/vc\/no_image.png\" \/><\/div>\r\n\t\t<\/figure>\r\n\t<\/div>\r\n<\/div><\/div><\/div><div class=\"wpb_column vc_column_container vc_col-sm-6\" ><div class=\"vc_column-inner\"  style=\"\"><div class=\"wpb_wrapper\"><h2 style=\"text-align: left\" class=\"vc_custom_heading\"  >Cr\u00e9er de la valeur au plus haut niveau<\/h2>\n\t<div class=\"wpb_text_column wpb_content_element\" >\n\t\t<div class=\"wpb_wrapper\">\n\t\t\t<p>Avec les meilleurs services offerts par nos soci\u00e9t\u00e9s membres, nous continuons \u00e0 red\u00e9finir les normes de l&#039;industrie par la recherche constante et la mise en \u0153uvre de nouvelles id\u00e9es. Nous avons les comp\u00e9tences techniques, le soutien financier, ainsi que les partenariats nationaux et internationaux n\u00e9cessaires pour atteindre une croissance rapide et concr\u00e9tiser notre vision de r\u00e9soudre les probl\u00e8mes, de responsabiliser les gens et de cr\u00e9er de la valeur.<\/p>\n\n\t\t<\/div>\n\t<\/div>\n<style>.ra_button_6a071cea6b4a6 i{color:#00a9f4;}.ra_button_6a071cea6b4a6{border-color: !important;color:#00a9f4 !important;}.ra_button_6a071cea6b4a6:focus,.ra_button_6a071cea6b4a6:hover{color:#052452 !important;}<\/style><a href=\"https:\/\/tyselimited.com\/fr\/companies\/\" title=\"Entreprises\" class=\"btn btn-naked border-thin ra_button_6a071cea6b4a6\" >\n\t\t\t\t<span>\n\tExplore our business<i class=\"icon-arrow-right\"><\/i>\t<\/span>\n<\/a>\n<\/div><\/div><\/div><script type=\"text\/javascript\">(function($) {$(\"head\").append(\"<style>.rella-row-shadowbox-6a071cea6a9c1{-webkit-box-shadow:;-moz-box-shadow:;box-shadow:;}<\/style>\");})(jQuery);<\/script><\/div><div class=\"vc_row-full-width vc_clearfix\"><\/div><div id=\"clientcentric\" data-vc-full-width=\"true\" data-vc-full-width-init=\"false\" data-row-brightness=\"light\" class=\"vc_row wpb_row vc_row-fluid rella-row-shadowbox-6a071cea6b708 vc_row-o-full-height vc_row-o-columns-middle vc_row-flex\" style=\"\"><div class=\"wpb_column vc_column_container vc_col-sm-6\" ><div class=\"vc_column-inner\"  style=\"\"><div class=\"wpb_wrapper\"><h2 style=\"text-align: left\" class=\"vc_custom_heading\"  >Notre entreprise centr\u00e9e sur le client<\/h2>\n\t<div class=\"wpb_text_column wpb_content_element\" >\n\t\t<div class=\"wpb_wrapper\">\n\t\t\t<p>Une chose que nous appr\u00e9cions plus que la qualit\u00e9 de notre travail chez Tyse, ce sont nos clients - et nous avons mis \u00e0 jour notre identit\u00e9 visuelle pour refl\u00e9ter cela.<\/p>\n<p>Nous pensons qu&#039;en pla\u00e7ant nos clients au c\u0153ur de nos activit\u00e9s, nous pouvons toujours offrir les meilleures exp\u00e9riences possibles - et c&#039;est ce que nous nous effor\u00e7ons de faire au quotidien, chez Tyse.<\/p>\n\n\t\t<\/div>\n\t<\/div>\n<\/div><\/div><\/div><div class=\"wpb_column vc_column_container vc_col-sm-6\" ><div class=\"vc_column-inner\"  style=\"\"><div class=\"wpb_wrapper\"><style>.rella_vc_single_image-6a071cea6bea7 figure img, .rella_vc_single_image-6a071cea6bea7 figure svg{ max-width:900px}<\/style>\r\n\t<div class=\"wpb_single_image wpb_content_element vc_align_center  rella_vc_single_image-6a071cea6bea7  invisible\" >\r\n\t\t\r\n\t\t<figure class=\"wpb_wrapper vc_figure\">\r\n\t\t\t<div class=\"vc_single_image-wrapper   vc_box_border_grey\"><img data-rjs=\"\" class=\"vc_img-placeholder vc_single_image-img\"  src=\"https:\/\/tyselimited.com\/wp-content\/plugins\/js_composer\/assets\/vc\/no_image.png\" \/><\/div>\r\n\t\t<\/figure>\r\n\t<\/div>\r\n<\/div><\/div><\/div><script type=\"text\/javascript\">(function($) {$(\"head\").append(\"<style>.rella-row-shadowbox-6a071cea6b708{-webkit-box-shadow:;-moz-box-shadow:;box-shadow:;}<\/style>\");})(jQuery);<\/script><\/div><div class=\"vc_row-full-width vc_clearfix\"><\/div><div id=\"tyseculture\" data-vc-full-width=\"true\" data-vc-full-width-init=\"false\" data-row-brightness=\"light\" class=\"vc_row wpb_row vc_row-fluid rella-row-shadowbox-6a071cea6bff2 vc_row-o-full-height vc_row-o-columns-middle vc_row-flex\" style=\"\"><div class=\"wpb_column vc_column_container vc_col-sm-6\" ><div class=\"vc_column-inner\"  style=\"\"><div class=\"wpb_wrapper\"><style>.rella_vc_single_image-6a071cea6c389 figure img, .rella_vc_single_image-6a071cea6c389 figure svg{ max-width:900px}<\/style>\r\n\t<div class=\"wpb_single_image wpb_content_element vc_align_center  rella_vc_single_image-6a071cea6c389  invisible\" >\r\n\t\t\r\n\t\t<figure class=\"wpb_wrapper vc_figure\">\r\n\t\t\t<div class=\"vc_single_image-wrapper   vc_box_border_grey\"><img data-rjs=\"\" class=\"vc_img-placeholder vc_single_image-img\"  src=\"https:\/\/tyselimited.com\/wp-content\/plugins\/js_composer\/assets\/vc\/no_image.png\" \/><\/div>\r\n\t\t<\/figure>\r\n\t<\/div>\r\n<\/div><\/div><\/div><div class=\"wpb_column vc_column_container vc_col-sm-6\" ><div class=\"vc_column-inner\"  style=\"\"><div class=\"wpb_wrapper\"><h2 style=\"text-align: left\" class=\"vc_custom_heading\"  >La culture Tyse.<\/h2>\n\t<div class=\"wpb_text_column wpb_content_element\" >\n\t\t<div class=\"wpb_wrapper\">\n\t\t\t<p>La culture Tyse est unique non seulement en raison des riches ressources humaines qui composent notre main-d&#039;\u0153uvre, mais aussi de l&#039;\u00e9thique de l&#039;engagement, de la d\u00e9brouillardise et de l&#039;innovation qui met en \u00e9vidence la fa\u00e7on dont nous respectons notre proposition de valeur et atteignons des objectifs communs.<\/p>\n<p>Nous ne remettons pas en question notre amour pour qui nous sommes et le travail que nous faisons. La fiert\u00e9 que nous tirons de notre organisation et de notre position de leader dans de nombreux secteurs de l&#039;\u00e9conomie nig\u00e9riane est l&#039;une de nos plus grandes forces qui nous permet de continuer.<\/p>\n\n\t\t<\/div>\n\t<\/div>\n<style>.ra_button_6a071cea6c8a3 i{color:#00a9f4;}.ra_button_6a071cea6c8a3{border-color: !important;color:#00a9f4 !important;}.ra_button_6a071cea6c8a3:focus,.ra_button_6a071cea6c8a3:hover{color:#052452 !important;}<\/style><a href=\"https:\/\/tyselimited.com\/fr\/about-us\/#ownershipgrow\" title=\"\u00c0 propos de nous\" class=\"btn btn-naked border-thin ra_button_6a071cea6c8a3\" >\n\t\t\t\t<span>\n\tOur people<i class=\"icon-arrow-right\"><\/i>\t<\/span>\n<\/a>\n<\/div><\/div><\/div><script type=\"text\/javascript\">(function($) {$(\"head\").append(\"<style>.rella-row-shadowbox-6a071cea6bff2{-webkit-box-shadow:;-moz-box-shadow:;box-shadow:;}<\/style>\");})(jQuery);<\/script><\/div><div class=\"vc_row-full-width vc_clearfix\"><\/div><div id=\"futuristicompany\" data-vc-full-width=\"true\" data-vc-full-width-init=\"false\" data-row-brightness=\"light\" class=\"vc_row wpb_row vc_row-fluid rella-row-shadowbox-6a071cea6caea\" style=\"\"><div class=\"wpb_column vc_column_container vc_col-sm-12\" ><div class=\"vc_column-inner\"  style=\"\"><div class=\"wpb_wrapper\"><h2 style=\"text-align: center\" class=\"vc_custom_heading\"  >Une entreprise construite pour l&#039;avenir.<\/h2><div class=\"vc_row wpb_row vc_inner vc_row-fluid\" style=\"background-attachment:;\"><div class=\"wpb_column vc_column_container vc_col-sm-3\" ><div class=\"vc_column-inner\" style=\"\"><div class=\"wpb_wrapper\"><\/div><\/div><\/div><div class=\"wpb_column vc_column_container vc_col-sm-6\" ><div class=\"vc_column-inner\" style=\"\"><div class=\"wpb_wrapper\">\n\t<div class=\"wpb_text_column wpb_content_element\" >\n\t\t<div class=\"wpb_wrapper\">\n\t\t\t<p style=\"text-align: center;\">Chez Tyse, nous cherchons toujours \u00e0 investir dans les derni\u00e8res technologies qui peuvent am\u00e9liorer notre exp\u00e9rience client globale et nous permettre \u00e9galement de proposer de grandes innovations.<\/p>\n<p style=\"text-align: center;\">D\u00e9couvrez pourquoi nous appr\u00e9cions la technologie et comment elle fa\u00e7onne notre entreprise pour l&#039;avenir.<\/p>\n\n\t\t<\/div>\n\t<\/div>\n<\/div><\/div><\/div><div class=\"wpb_column vc_column_container vc_col-sm-3\" ><div class=\"vc_column-inner\" style=\"\"><div class=\"wpb_wrapper\"><\/div><\/div><\/div><\/div><\/div><\/div><\/div><script type=\"text\/javascript\">(function($) {$(\"head\").append(\"<style>.rella-row-shadowbox-6a071cea6caea{-webkit-box-shadow:;-moz-box-shadow:;box-shadow:;}<\/style>\");})(jQuery);<\/script><\/div><div class=\"vc_row-full-width vc_clearfix\"><\/div><div id=\"tyseandyou\" data-vc-full-width=\"true\" data-vc-full-width-init=\"false\" data-vc-stretch-content=\"true\" data-row-brightness=\"light\" class=\"vc_row wpb_row vc_row-fluid rella-row-shadowbox-6a071cea6d87e vc_row-o-content-middle vc_row-flex\" style=\"\"><div class=\"wpb_column vc_column_container vc_col-sm-6\" ><div class=\"vc_column-inner\"  style=\"\"><div class=\"wpb_wrapper\"><h2 style=\"text-align: left\" class=\"vc_custom_heading\"  >Tyse et vous<\/h2>\n\t<div class=\"wpb_text_column wpb_content_element\" >\n\t\t<div class=\"wpb_wrapper\">\n\t\t\t<p>Venez faire de votre mieux, avec les meilleures personnes, dans une entreprise diversifi\u00e9e et inclusive.<\/p>\n\n\t\t<\/div>\n\t<\/div>\n<style>.ra_button_6a071cea6df36 i{color:#00a9f4;}.ra_button_6a071cea6df36{border-color: !important;color:#052452 !important;}.ra_button_6a071cea6df36:focus,.ra_button_6a071cea6df36:hover{color:#00a9f4 !important;}<\/style><a href=\"https:\/\/tyselimited.com\/fr\/careers\/\" title=\"Carri\u00e8res\" class=\"btn btn-naked border-thin ra_button_6a071cea6df36\" >\n\t\t\t\t<span>\n\tCarri\u00e8res<i class=\"icon-arrow-right\"><\/i>\t<\/span>\n<\/a>\n<div class=\"vc_row wpb_row vc_inner vc_row-fluid\" style=\"background-attachment:;\"><div class=\"wpb_column vc_column_container vc_col-sm-12\" ><div class=\"vc_column-inner\" style=\"\"><div class=\"wpb_wrapper\"><style>.ra_button_6a071cea6e443 i{color:#00a9f4;}.ra_button_6a071cea6e443{border-color: !important;color:#052452 !important;}.ra_button_6a071cea6e443:focus,.ra_button_6a071cea6e443:hover{color:#00a9f4 !important;}<\/style><a href=\"https:\/\/tyselimited.com\/fr\/careers\/listings\/\" class=\"btn btn-naked border-thin ra_button_6a071cea6e443\" >\n\t\t\t\t<span>\n\tSearch and apply<i class=\"icon-arrow-right\"><\/i>\t<\/span>\n<\/a>\n<\/div><\/div><\/div><\/div><\/div><\/div><\/div><div class=\"wpb_column vc_column_container vc_col-sm-6\" ><div class=\"vc_column-inner\"  style=\"\"><div class=\"wpb_wrapper\"><style>.rella_vc_single_image-6a071cea6e8ba figure img, .rella_vc_single_image-6a071cea6e8ba figure svg{ max-width:700px}<\/style>\r\n\t<div class=\"wpb_single_image wpb_content_element vc_align_center  rella_vc_single_image-6a071cea6e8ba  invisible\" >\r\n\t\t\r\n\t\t<figure class=\"wpb_wrapper vc_figure\">\r\n\t\t\t<div class=\"vc_single_image-wrapper   vc_box_border_grey\"><img data-rjs=\"\" class=\"vc_img-placeholder vc_single_image-img\"  src=\"https:\/\/tyselimited.com\/wp-content\/plugins\/js_composer\/assets\/vc\/no_image.png\" \/><\/div>\r\n\t\t<\/figure>\r\n\t<\/div>\r\n<\/div><\/div><\/div><script type=\"text\/javascript\">(function($) {$(\"head\").append(\"<style>.rella-row-shadowbox-6a071cea6d87e{-webkit-box-shadow:;-moz-box-shadow:;box-shadow:;}<\/style>\");})(jQuery);<\/script><\/div><div class=\"vc_row-full-width vc_clearfix\"><\/div>","protected":false},"excerpt":{"rendered":"Creating value at the highest level With top-teir services offered through our member companies, we continue to redefine industry standards through constant research and implementation of new ideas. We have the technical competence, financial backing, as well as domestic and international partnerships relevant to achieve rapid growth and deliver on our vision of solving problems, [...]","protected":false},"author":1,"featured_media":0,"parent":0,"menu_order":0,"comment_status":"closed","ping_status":"closed","template":"","meta":[],"_links":{"self":[{"href":"https:\/\/tyselimited.com\/fr\/wp-json\/wp\/v2\/pages\/25"}],"collection":[{"href":"https:\/\/tyselimited.com\/fr\/wp-json\/wp\/v2\/pages"}],"about":[{"href":"https:\/\/tyselimited.com\/fr\/wp-json\/wp\/v2\/types\/page"}],"author":[{"embeddable":true,"href":"https:\/\/tyselimited.com\/fr\/wp-json\/wp\/v2\/users\/1"}],"replies":[{"embeddable":true,"href":"https:\/\/tyselimited.com\/fr\/wp-json\/wp\/v2\/comments?post=25"}],"version-history":[{"count":16,"href":"https:\/\/tyselimited.com\/fr\/wp-json\/wp\/v2\/pages\/25\/revisions"}],"predecessor-version":[{"id":383,"href":"https:\/\/tyselimited.com\/fr\/wp-json\/wp\/v2\/pages\/25\/revisions\/383"}],"wp:attachment":[{"href":"https:\/\/tyselimited.com\/fr\/wp-json\/wp\/v2\/media?parent=25"}],"curies":[{"name":"wp","href":"https:\/\/api.w.org\/{rel}","templated":true}]}}