{"id":25,"date":"2020-07-28T01:24:37","date_gmt":"2020-07-28T01:24:37","guid":{"rendered":"http:\/\/tyselimited.com\/?page_id=25"},"modified":"2020-08-16T13:22:36","modified_gmt":"2020-08-16T13:22:36","slug":"home","status":"publish","type":"page","link":"https:\/\/tyselimited.com\/pt\/","title":{"rendered":"Casa"},"content":{"rendered":"<div id=\"homeslider\" data-vc-full-width=\"true\" data-vc-full-width-init=\"false\" data-row-brightness=\"light\" class=\"vc_row wpb_row vc_row-fluid rella-row-shadowbox-69d025c4a716f vc_row-o-full-height vc_row-o-columns-middle vc_row-flex\" style=\"\"><div class=\"wpb_column vc_column_container vc_col-sm-12\" ><div class=\"vc_column-inner\"  style=\"\"><div class=\"wpb_wrapper\"><\/div><\/div><\/div><script type=\"text\/javascript\">(function($) {$(\"head\").append(\"<style>.rella-row-shadowbox-69d025c4a716f{-webkit-box-shadow:;-moz-box-shadow:;box-shadow:;}<\/style>\");})(jQuery);<\/script><\/div><div class=\"vc_row-full-width vc_clearfix\"><\/div><div id=\"creatingvalue\" data-vc-full-width=\"true\" data-vc-full-width-init=\"false\" data-row-brightness=\"light\" class=\"vc_row wpb_row vc_row-fluid rella-row-shadowbox-69d025c4a7643 vc_row-o-full-height vc_row-o-columns-middle vc_row-flex\" style=\"\"><div class=\"wpb_column vc_column_container vc_col-sm-6\" ><div class=\"vc_column-inner\"  style=\"\"><div class=\"wpb_wrapper\"><style>.rella_vc_single_image-69d025c4a7911 figure img, .rella_vc_single_image-69d025c4a7911 figure svg{ max-width:900px}<\/style>\r\n\t<div class=\"wpb_single_image wpb_content_element vc_align_center  rella_vc_single_image-69d025c4a7911  invisible\" >\r\n\t\t\r\n\t\t<figure class=\"wpb_wrapper vc_figure\">\r\n\t\t\t<div class=\"vc_single_image-wrapper   vc_box_border_grey\"><img data-rjs=\"\" class=\"vc_img-placeholder vc_single_image-img\"  src=\"https:\/\/tyselimited.com\/wp-content\/plugins\/js_composer\/assets\/vc\/no_image.png\" \/><\/div>\r\n\t\t<\/figure>\r\n\t<\/div>\r\n<\/div><\/div><\/div><div class=\"wpb_column vc_column_container vc_col-sm-6\" ><div class=\"vc_column-inner\"  style=\"\"><div class=\"wpb_wrapper\"><h2 style=\"text-align: left\" class=\"vc_custom_heading\"  >Cria\u00e7\u00e3o de valor ao mais alto n\u00edvel<\/h2>\n\t<div class=\"wpb_text_column wpb_content_element\" >\n\t\t<div class=\"wpb_wrapper\">\n\t\t\t<p>Com os melhores servi\u00e7os oferecidos por meio de nossas empresas associadas, continuamos a redefinir os padr\u00f5es da ind\u00fastria por meio de pesquisas constantes e implementa\u00e7\u00e3o de novas id\u00e9ias. Contamos com compet\u00eancia t\u00e9cnica, respaldo financeiro, al\u00e9m de parcerias nacionais e internacionais relevantes para alcan\u00e7ar r\u00e1pido crescimento e concretizar nossa vis\u00e3o de solu\u00e7\u00e3o de problemas, capacita\u00e7\u00e3o de pessoas e cria\u00e7\u00e3o de valor.<\/p>\n\n\t\t<\/div>\n\t<\/div>\n<style>.ra_button_69d025c4a7e24 i{color:#00a9f4;}.ra_button_69d025c4a7e24{border-color: !important;color:#00a9f4 !important;}.ra_button_69d025c4a7e24:focus,.ra_button_69d025c4a7e24:hover{color:#052452 !important;}<\/style><a href=\"https:\/\/tyselimited.com\/pt\/companies\/\" title=\"Empresas\" class=\"btn btn-naked border-thin ra_button_69d025c4a7e24\" >\n\t\t\t\t<span>\n\tExplore our business<i class=\"icon-arrow-right\"><\/i>\t<\/span>\n<\/a>\n<\/div><\/div><\/div><script type=\"text\/javascript\">(function($) {$(\"head\").append(\"<style>.rella-row-shadowbox-69d025c4a7643{-webkit-box-shadow:;-moz-box-shadow:;box-shadow:;}<\/style>\");})(jQuery);<\/script><\/div><div class=\"vc_row-full-width vc_clearfix\"><\/div><div id=\"clientcentric\" data-vc-full-width=\"true\" data-vc-full-width-init=\"false\" data-row-brightness=\"light\" class=\"vc_row wpb_row vc_row-fluid rella-row-shadowbox-69d025c4a7fd6 vc_row-o-full-height vc_row-o-columns-middle vc_row-flex\" style=\"\"><div class=\"wpb_column vc_column_container vc_col-sm-6\" ><div class=\"vc_column-inner\"  style=\"\"><div class=\"wpb_wrapper\"><h2 style=\"text-align: left\" class=\"vc_custom_heading\"  >Nossa empresa centrada no cliente<\/h2>\n\t<div class=\"wpb_text_column wpb_content_element\" >\n\t\t<div class=\"wpb_wrapper\">\n\t\t\t<p>Algo que valorizamos mais do que a qualidade de nosso trabalho na Tyse s\u00e3o nossos clientes - e atualizamos nossa identidade visual para refletir isso.<\/p>\n<p>Acreditamos que, ao colocar nossos clientes no centro de nossos neg\u00f3cios, podemos sempre oferecer as melhores experi\u00eancias poss\u00edveis - e \u00e9 isso que nos esfor\u00e7amos para fazer todos os dias, na Tyse.<\/p>\n\n\t\t<\/div>\n\t<\/div>\n<\/div><\/div><\/div><div class=\"wpb_column vc_column_container vc_col-sm-6\" ><div class=\"vc_column-inner\"  style=\"\"><div class=\"wpb_wrapper\"><style>.rella_vc_single_image-69d025c4a84c0 figure img, .rella_vc_single_image-69d025c4a84c0 figure svg{ max-width:900px}<\/style>\r\n\t<div class=\"wpb_single_image wpb_content_element vc_align_center  rella_vc_single_image-69d025c4a84c0  invisible\" >\r\n\t\t\r\n\t\t<figure class=\"wpb_wrapper vc_figure\">\r\n\t\t\t<div class=\"vc_single_image-wrapper   vc_box_border_grey\"><img data-rjs=\"\" class=\"vc_img-placeholder vc_single_image-img\"  src=\"https:\/\/tyselimited.com\/wp-content\/plugins\/js_composer\/assets\/vc\/no_image.png\" \/><\/div>\r\n\t\t<\/figure>\r\n\t<\/div>\r\n<\/div><\/div><\/div><script type=\"text\/javascript\">(function($) {$(\"head\").append(\"<style>.rella-row-shadowbox-69d025c4a7fd6{-webkit-box-shadow:;-moz-box-shadow:;box-shadow:;}<\/style>\");})(jQuery);<\/script><\/div><div class=\"vc_row-full-width vc_clearfix\"><\/div><div id=\"tyseculture\" data-vc-full-width=\"true\" data-vc-full-width-init=\"false\" data-row-brightness=\"light\" class=\"vc_row wpb_row vc_row-fluid rella-row-shadowbox-69d025c4a8589 vc_row-o-full-height vc_row-o-columns-middle vc_row-flex\" style=\"\"><div class=\"wpb_column vc_column_container vc_col-sm-6\" ><div class=\"vc_column-inner\"  style=\"\"><div class=\"wpb_wrapper\"><style>.rella_vc_single_image-69d025c4a87eb figure img, .rella_vc_single_image-69d025c4a87eb figure svg{ max-width:900px}<\/style>\r\n\t<div class=\"wpb_single_image wpb_content_element vc_align_center  rella_vc_single_image-69d025c4a87eb  invisible\" >\r\n\t\t\r\n\t\t<figure class=\"wpb_wrapper vc_figure\">\r\n\t\t\t<div class=\"vc_single_image-wrapper   vc_box_border_grey\"><img data-rjs=\"\" class=\"vc_img-placeholder vc_single_image-img\"  src=\"https:\/\/tyselimited.com\/wp-content\/plugins\/js_composer\/assets\/vc\/no_image.png\" \/><\/div>\r\n\t\t<\/figure>\r\n\t<\/div>\r\n<\/div><\/div><\/div><div class=\"wpb_column vc_column_container vc_col-sm-6\" ><div class=\"vc_column-inner\"  style=\"\"><div class=\"wpb_wrapper\"><h2 style=\"text-align: left\" class=\"vc_custom_heading\"  >A cultura Tyse.<\/h2>\n\t<div class=\"wpb_text_column wpb_content_element\" >\n\t\t<div class=\"wpb_wrapper\">\n\t\t\t<p>A cultura Tyse \u00e9 \u00fanica n\u00e3o apenas por causa dos ricos recursos humanos que comp\u00f5em nossa for\u00e7a de trabalho, mas tamb\u00e9m pela \u00e9tica do comprometimento, desenvoltura e inova\u00e7\u00e3o que destaca como entregamos nossa proposta de valor e alcan\u00e7amos objetivos comuns.<\/p>\n<p>N\u00e3o duvidamos de nosso amor por quem somos e pelo trabalho que fazemos. O orgulho que temos em nossa organiza\u00e7\u00e3o e nossa posi\u00e7\u00e3o como um dos l\u00edderes em muitos setores da economia nigeriana \u00e9 um dos nossos maiores pontos fortes que nos mant\u00eam em movimento.<\/p>\n\n\t\t<\/div>\n\t<\/div>\n<style>.ra_button_69d025c4a8adb i{color:#00a9f4;}.ra_button_69d025c4a8adb{border-color: !important;color:#00a9f4 !important;}.ra_button_69d025c4a8adb:focus,.ra_button_69d025c4a8adb:hover{color:#052452 !important;}<\/style><a href=\"https:\/\/tyselimited.com\/pt\/about-us\/#ownershipgrow\" title=\"Sobre n\u00f3s\" class=\"btn btn-naked border-thin ra_button_69d025c4a8adb\" >\n\t\t\t\t<span>\n\tOur people<i class=\"icon-arrow-right\"><\/i>\t<\/span>\n<\/a>\n<\/div><\/div><\/div><script type=\"text\/javascript\">(function($) {$(\"head\").append(\"<style>.rella-row-shadowbox-69d025c4a8589{-webkit-box-shadow:;-moz-box-shadow:;box-shadow:;}<\/style>\");})(jQuery);<\/script><\/div><div class=\"vc_row-full-width vc_clearfix\"><\/div><div id=\"futuristicompany\" data-vc-full-width=\"true\" data-vc-full-width-init=\"false\" data-row-brightness=\"light\" class=\"vc_row wpb_row vc_row-fluid rella-row-shadowbox-69d025c4a8c48\" style=\"\"><div class=\"wpb_column vc_column_container vc_col-sm-12\" ><div class=\"vc_column-inner\"  style=\"\"><div class=\"wpb_wrapper\"><h2 style=\"text-align: center\" class=\"vc_custom_heading\"  >Uma empresa constru\u00edda para o futuro.<\/h2><div class=\"vc_row wpb_row vc_inner vc_row-fluid\" style=\"background-attachment:;\"><div class=\"wpb_column vc_column_container vc_col-sm-3\" ><div class=\"vc_column-inner\" style=\"\"><div class=\"wpb_wrapper\"><\/div><\/div><\/div><div class=\"wpb_column vc_column_container vc_col-sm-6\" ><div class=\"vc_column-inner\" style=\"\"><div class=\"wpb_wrapper\">\n\t<div class=\"wpb_text_column wpb_content_element\" >\n\t\t<div class=\"wpb_wrapper\">\n\t\t\t<p style=\"text-align: center;\">Na Tyse, estamos sempre procurando investir na tecnologia mais recente que pode melhorar nossa experi\u00eancia geral do cliente e tamb\u00e9m nos permitir apresentar grandes inova\u00e7\u00f5es.<\/p>\n<p style=\"text-align: center;\">Leia mais sobre por que valorizamos a tecnologia e como ela est\u00e1 moldando nossa empresa para o futuro.<\/p>\n\n\t\t<\/div>\n\t<\/div>\n<\/div><\/div><\/div><div class=\"wpb_column vc_column_container vc_col-sm-3\" ><div class=\"vc_column-inner\" style=\"\"><div class=\"wpb_wrapper\"><\/div><\/div><\/div><\/div><\/div><\/div><\/div><script type=\"text\/javascript\">(function($) {$(\"head\").append(\"<style>.rella-row-shadowbox-69d025c4a8c48{-webkit-box-shadow:;-moz-box-shadow:;box-shadow:;}<\/style>\");})(jQuery);<\/script><\/div><div class=\"vc_row-full-width vc_clearfix\"><\/div><div id=\"tyseandyou\" data-vc-full-width=\"true\" data-vc-full-width-init=\"false\" data-vc-stretch-content=\"true\" data-row-brightness=\"light\" class=\"vc_row wpb_row vc_row-fluid rella-row-shadowbox-69d025c4a939e vc_row-o-content-middle vc_row-flex\" style=\"\"><div class=\"wpb_column vc_column_container vc_col-sm-6\" ><div class=\"vc_column-inner\"  style=\"\"><div class=\"wpb_wrapper\"><h2 style=\"text-align: left\" class=\"vc_custom_heading\"  >Tyse &amp; You<\/h2>\n\t<div class=\"wpb_text_column wpb_content_element\" >\n\t\t<div class=\"wpb_wrapper\">\n\t\t\t<p>Venha fazer o seu melhor trabalho, com as melhores pessoas, em uma empresa diversificada e inclusiva.<\/p>\n\n\t\t<\/div>\n\t<\/div>\n<style>.ra_button_69d025c4a9713 i{color:#00a9f4;}.ra_button_69d025c4a9713{border-color: !important;color:#052452 !important;}.ra_button_69d025c4a9713:focus,.ra_button_69d025c4a9713:hover{color:#00a9f4 !important;}<\/style><a href=\"https:\/\/tyselimited.com\/pt\/careers\/\" title=\"Carreiras\" class=\"btn btn-naked border-thin ra_button_69d025c4a9713\" >\n\t\t\t\t<span>\n\tCarreiras<i class=\"icon-arrow-right\"><\/i>\t<\/span>\n<\/a>\n<div class=\"vc_row wpb_row vc_inner vc_row-fluid\" style=\"background-attachment:;\"><div class=\"wpb_column vc_column_container vc_col-sm-12\" ><div class=\"vc_column-inner\" style=\"\"><div class=\"wpb_wrapper\"><style>.ra_button_69d025c4a99b1 i{color:#00a9f4;}.ra_button_69d025c4a99b1{border-color: !important;color:#052452 !important;}.ra_button_69d025c4a99b1:focus,.ra_button_69d025c4a99b1:hover{color:#00a9f4 !important;}<\/style><a href=\"https:\/\/tyselimited.com\/pt\/careers\/listings\/\" class=\"btn btn-naked border-thin ra_button_69d025c4a99b1\" >\n\t\t\t\t<span>\n\tSearch and apply<i class=\"icon-arrow-right\"><\/i>\t<\/span>\n<\/a>\n<\/div><\/div><\/div><\/div><\/div><\/div><\/div><div class=\"wpb_column vc_column_container vc_col-sm-6\" ><div class=\"vc_column-inner\"  style=\"\"><div class=\"wpb_wrapper\"><style>.rella_vc_single_image-69d025c4a9c81 figure img, .rella_vc_single_image-69d025c4a9c81 figure svg{ max-width:700px}<\/style>\r\n\t<div class=\"wpb_single_image wpb_content_element vc_align_center  rella_vc_single_image-69d025c4a9c81  invisible\" >\r\n\t\t\r\n\t\t<figure class=\"wpb_wrapper vc_figure\">\r\n\t\t\t<div class=\"vc_single_image-wrapper   vc_box_border_grey\"><img data-rjs=\"\" class=\"vc_img-placeholder vc_single_image-img\"  src=\"https:\/\/tyselimited.com\/wp-content\/plugins\/js_composer\/assets\/vc\/no_image.png\" \/><\/div>\r\n\t\t<\/figure>\r\n\t<\/div>\r\n<\/div><\/div><\/div><script type=\"text\/javascript\">(function($) {$(\"head\").append(\"<style>.rella-row-shadowbox-69d025c4a939e{-webkit-box-shadow:;-moz-box-shadow:;box-shadow:;}<\/style>\");})(jQuery);<\/script><\/div><div class=\"vc_row-full-width vc_clearfix\"><\/div>","protected":false},"excerpt":{"rendered":"Creating value at the highest level With top-teir services offered through our member companies, we continue to redefine industry standards through constant research and implementation of new ideas. We have the technical competence, financial backing, as well as domestic and international partnerships relevant to achieve rapid growth and deliver on our vision of solving problems, [...]","protected":false},"author":1,"featured_media":0,"parent":0,"menu_order":0,"comment_status":"closed","ping_status":"closed","template":"","meta":[],"_links":{"self":[{"href":"https:\/\/tyselimited.com\/pt\/wp-json\/wp\/v2\/pages\/25"}],"collection":[{"href":"https:\/\/tyselimited.com\/pt\/wp-json\/wp\/v2\/pages"}],"about":[{"href":"https:\/\/tyselimited.com\/pt\/wp-json\/wp\/v2\/types\/page"}],"author":[{"embeddable":true,"href":"https:\/\/tyselimited.com\/pt\/wp-json\/wp\/v2\/users\/1"}],"replies":[{"embeddable":true,"href":"https:\/\/tyselimited.com\/pt\/wp-json\/wp\/v2\/comments?post=25"}],"version-history":[{"count":16,"href":"https:\/\/tyselimited.com\/pt\/wp-json\/wp\/v2\/pages\/25\/revisions"}],"predecessor-version":[{"id":383,"href":"https:\/\/tyselimited.com\/pt\/wp-json\/wp\/v2\/pages\/25\/revisions\/383"}],"wp:attachment":[{"href":"https:\/\/tyselimited.com\/pt\/wp-json\/wp\/v2\/media?parent=25"}],"curies":[{"name":"wp","href":"https:\/\/api.w.org\/{rel}","templated":true}]}}